{"id":39624,"date":"2024-12-18T15:44:33","date_gmt":"2024-12-18T13:44:33","guid":{"rendered":"https:\/\/www.lcdh-bonn.de\/produkt\/havana-club-zigarrenascher-egoista-black\/"},"modified":"2025-04-03T21:07:13","modified_gmt":"2025-04-03T19:07:13","slug":"havana-club-zigarrenascher-egoista-black","status":"publish","type":"product","link":"https:\/\/www.lcdh-bonn.de\/es\/producto\/havana-club-zigarrenascher-egoista-black\/","title":{"rendered":"Cenicero para puros Havana Club Egoista Negro"},"content":{"rendered":"<p>Der Havana Club Zigarrenascher Egoista Black ist ein hochwertiger Einzelableger aus massivem Porzellan, der speziell f\u00fcr den anspruchsvollen Zigarrengenie\u00dfer konzipiert wurde. Seine mattschwarze Oberfl\u00e4che verleiht ihm eine elegante, zeitlose \u00c4sthetik. Mit einer gro\u00dfz\u00fcgig dimensionierten Ablage bietet er ausreichend Platz f\u00fcr eine Premium-Zigarre und gew\u00e4hrleistet durch seine durchdachte Konstruktion eine optimale Luftzirkulation. Die breite Auflagefl\u00e4che sorgt f\u00fcr sicheren Stand, w\u00e4hrend die integrierten Mulden ein Wegrollen der Zigarre verhindern. Dank seiner robusten Verarbeitung und der s\u00e4urebest\u00e4ndigen Glasur ist dieser Ascher besonders langlebig und pflegeleicht. Ein Qualit\u00e4tsprodukt, das sowohl funktional als auch optisch \u00fcberzeugt und sich perfekt in jedes gehobene Ambiente einf\u00fcgt.<\/p>","protected":false},"excerpt":{"rendered":"<p>Hochwertiger schwarzer Porzellan-Zigarrenascher mit praktischer Ablage f\u00fcr Genie\u00dfer.<\/p>","protected":false},"featured_media":39435,"comment_status":"closed","ping_status":"open","template":"","meta":{"_acf_changed":false},"etheme_brands":[{"term_id":1075,"name":"Havana Club","slug":"havana-club","term_group":0,"term_taxonomy_id":1075,"taxonomy":"brand","description":"","parent":0,"count":24,"filter":"raw"}],"product_cat":[183,413],"product_tag":[],"class_list":{"0":"post-39624","1":"product","2":"type-product","3":"status-publish","4":"has-post-thumbnail","6":"brand-havana-club","7":"product_cat-zigarrenzubehor","8":"product_cat-aschenbecher-fuer-zigarren","9":"pa_orderable-no","11":"first","12":"outofstock","13":"sale","14":"taxable","15":"shipping-taxable","16":"purchasable","17":"product-type-simple"},"acf":[],"_links":{"self":[{"href":"https:\/\/www.lcdh-bonn.de\/es\/wp-json\/wp\/v2\/product\/39624","targetHints":{"allow":["GET"]}}],"collection":[{"href":"https:\/\/www.lcdh-bonn.de\/es\/wp-json\/wp\/v2\/product"}],"about":[{"href":"https:\/\/www.lcdh-bonn.de\/es\/wp-json\/wp\/v2\/types\/product"}],"replies":[{"embeddable":true,"href":"https:\/\/www.lcdh-bonn.de\/es\/wp-json\/wp\/v2\/comments?post=39624"}],"wp:featuredmedia":[{"embeddable":true,"href":"https:\/\/www.lcdh-bonn.de\/es\/wp-json\/wp\/v2\/media\/39435"}],"wp:attachment":[{"href":"https:\/\/www.lcdh-bonn.de\/es\/wp-json\/wp\/v2\/media?parent=39624"}],"wp:term":[{"taxonomy":"brand","embeddable":true,"href":"https:\/\/www.lcdh-bonn.de\/es\/wp-json\/wp\/v2\/etheme_brands?post=39624"},{"taxonomy":"product_cat","embeddable":true,"href":"https:\/\/www.lcdh-bonn.de\/es\/wp-json\/wp\/v2\/product_cat?post=39624"},{"taxonomy":"product_tag","embeddable":true,"href":"https:\/\/www.lcdh-bonn.de\/es\/wp-json\/wp\/v2\/product_tag?post=39624"}],"curies":[{"name":"wp","href":"https:\/\/api.w.org\/{rel}","templated":true}]}}