{"id":39630,"date":"2024-12-18T15:44:33","date_gmt":"2024-12-18T13:44:33","guid":{"rendered":"https:\/\/www.lcdh-bonn.de\/produkt\/havana-club-zigarrenascher-chico-orange\/"},"modified":"2026-01-29T13:00:52","modified_gmt":"2026-01-29T11:00:52","slug":"havana-club-zigarrenascher-chico-orange","status":"publish","type":"product","link":"https:\/\/www.lcdh-bonn.de\/es\/producto\/havana-club-zigarrenascher-chico-orange\/","title":{"rendered":"Cenicero para puros Havana Club Chico Naranja"},"content":{"rendered":"<p>Der handgefertigte Havana Club Zigarrenascher Chico in Orange ist ein hochwertiges Accessoire f\u00fcr Zigarrenliebhaber. Mit seinen zwei gro\u00dfz\u00fcgig bemessenen Ablagen bietet er ausreichend Platz f\u00fcr Zigarren bis zu einem Ringma\u00df von 60. Das robuste Porzellan in leuchtendem Orange wurde mit dem klassischen Havana Club Logo veredelt. Die Ma\u00dfe von 21 x 21 cm gew\u00e4hrleisten eine stabile Standfl\u00e4che, w\u00e4hrend die H\u00f6he von 3 cm f\u00fcr eine elegante Optik sorgt. Dieser Ascher eignet sich sowohl f\u00fcr den privaten Gebrauch als auch als repr\u00e4sentatives Accessoire in Lounges oder Zigarren-Lounges. Die hochwertige Verarbeitung garantiert eine lange Haltbarkeit bei regelm\u00e4\u00dfiger Nutzung.<\/p>","protected":false},"excerpt":{"rendered":"<p>Hochwertiger Havana Club Zigarrenascher Orange bietet Platz f\u00fcr gro\u00dfe Zigarren.<\/p>","protected":false},"featured_media":39457,"comment_status":"closed","ping_status":"open","template":"","meta":{"_acf_changed":false},"etheme_brands":[{"term_id":1075,"name":"Havana Club","slug":"havana-club","term_group":0,"term_taxonomy_id":1075,"taxonomy":"brand","description":"","parent":0,"count":24,"filter":"raw"}],"product_cat":[183,413],"product_tag":[],"class_list":{"0":"post-39630","1":"product","2":"type-product","3":"status-publish","4":"has-post-thumbnail","6":"brand-havana-club","7":"product_cat-zigarrenzubehor","8":"product_cat-aschenbecher-fuer-zigarren","9":"pa_orderable-yes","11":"first","12":"outofstock","13":"sale","14":"taxable","15":"shipping-taxable","16":"purchasable","17":"product-type-simple"},"acf":[],"_links":{"self":[{"href":"https:\/\/www.lcdh-bonn.de\/es\/wp-json\/wp\/v2\/product\/39630","targetHints":{"allow":["GET"]}}],"collection":[{"href":"https:\/\/www.lcdh-bonn.de\/es\/wp-json\/wp\/v2\/product"}],"about":[{"href":"https:\/\/www.lcdh-bonn.de\/es\/wp-json\/wp\/v2\/types\/product"}],"replies":[{"embeddable":true,"href":"https:\/\/www.lcdh-bonn.de\/es\/wp-json\/wp\/v2\/comments?post=39630"}],"wp:featuredmedia":[{"embeddable":true,"href":"https:\/\/www.lcdh-bonn.de\/es\/wp-json\/wp\/v2\/media\/39457"}],"wp:attachment":[{"href":"https:\/\/www.lcdh-bonn.de\/es\/wp-json\/wp\/v2\/media?parent=39630"}],"wp:term":[{"taxonomy":"brand","embeddable":true,"href":"https:\/\/www.lcdh-bonn.de\/es\/wp-json\/wp\/v2\/etheme_brands?post=39630"},{"taxonomy":"product_cat","embeddable":true,"href":"https:\/\/www.lcdh-bonn.de\/es\/wp-json\/wp\/v2\/product_cat?post=39630"},{"taxonomy":"product_tag","embeddable":true,"href":"https:\/\/www.lcdh-bonn.de\/es\/wp-json\/wp\/v2\/product_tag?post=39630"}],"curies":[{"name":"wp","href":"https:\/\/api.w.org\/{rel}","templated":true}]}}