{"id":39646,"date":"2025-01-10T10:53:27","date_gmt":"2025-01-10T08:53:27","guid":{"rendered":"https:\/\/www.lcdh-bonn.de\/?post_type=product&#038;p=39646"},"modified":"2025-01-10T10:53:32","modified_gmt":"2025-01-10T08:53:32","slug":"montecristo-montecristo-lederetui-3er-braun","status":"publish","type":"product","link":"https:\/\/www.lcdh-bonn.de\/es\/producto\/montecristo-montecristo-lederetui-3er-braun\/","title":{"rendered":"Montecristo Estuche de cuero Montecristo 3 marr\u00f3n"},"content":{"rendered":"<p>Das handgefertigte Montecristo 3er Lederetui in elegantem Braun bietet optimalen Schutz f\u00fcr hochwertige Zigarren. Aus feinstem Kalbsleder gefertigt, \u00fcberzeugt das Etui durch seine robuste Verarbeitung und das zeitlose Design. Die weiche Innenauskleidung verhindert Besch\u00e4digungen, w\u00e4hrend die passgenaue Form f\u00fcr Zigarren bis zum Ringma\u00df 54 ausgelegt ist. Durch die schlanke Konstruktion l\u00e4sst sich das Etui bequem in der Jacketttasche transportieren. Ein dezent eingepr\u00e4gtes Montecristo-Logo unterstreicht die Premium-Qualit\u00e4t dieses Accessoires f\u00fcr anspruchsvolle Zigarrenliebhaber.<\/p>","protected":false},"excerpt":{"rendered":"<p>Hochwertiges Montecristo Lederetui sch\u00fctzt drei Zigarren stilvoll und sicher.<\/p>","protected":false},"featured_media":0,"comment_status":"closed","ping_status":"open","template":"","meta":{"_acf_changed":false},"etheme_brands":[{"term_id":198,"name":"Montecristo","slug":"montecristo","term_group":0,"term_taxonomy_id":198,"taxonomy":"brand","description":"[elementor-template id=\"15563\"]","parent":0,"count":47,"filter":"raw"}],"product_cat":[183,412],"product_tag":[],"class_list":{"0":"post-39646","1":"product","2":"type-product","3":"status-publish","5":"brand-montecristo","6":"product_cat-zigarrenzubehor","7":"product_cat-zigarrenetuis","8":"pa_orderable-no","10":"first","11":"outofstock","12":"sale","13":"taxable","14":"shipping-taxable","15":"purchasable","16":"product-type-simple"},"acf":[],"_links":{"self":[{"href":"https:\/\/www.lcdh-bonn.de\/es\/wp-json\/wp\/v2\/product\/39646","targetHints":{"allow":["GET"]}}],"collection":[{"href":"https:\/\/www.lcdh-bonn.de\/es\/wp-json\/wp\/v2\/product"}],"about":[{"href":"https:\/\/www.lcdh-bonn.de\/es\/wp-json\/wp\/v2\/types\/product"}],"replies":[{"embeddable":true,"href":"https:\/\/www.lcdh-bonn.de\/es\/wp-json\/wp\/v2\/comments?post=39646"}],"wp:attachment":[{"href":"https:\/\/www.lcdh-bonn.de\/es\/wp-json\/wp\/v2\/media?parent=39646"}],"wp:term":[{"taxonomy":"brand","embeddable":true,"href":"https:\/\/www.lcdh-bonn.de\/es\/wp-json\/wp\/v2\/etheme_brands?post=39646"},{"taxonomy":"product_cat","embeddable":true,"href":"https:\/\/www.lcdh-bonn.de\/es\/wp-json\/wp\/v2\/product_cat?post=39646"},{"taxonomy":"product_tag","embeddable":true,"href":"https:\/\/www.lcdh-bonn.de\/es\/wp-json\/wp\/v2\/product_tag?post=39646"}],"curies":[{"name":"wp","href":"https:\/\/api.w.org\/{rel}","templated":true}]}}