{"id":40084,"date":"2025-03-29T18:58:43","date_gmt":"2025-03-29T16:58:43","guid":{"rendered":"https:\/\/www.lcdh-bonn.de\/produkt\/s-t-dupont-x-cohiba-behike-ligne-2-feuerzeug-c23003cl\/"},"modified":"2026-01-29T16:14:58","modified_gmt":"2026-01-29T14:14:58","slug":"s-t-dupont-x-cohiba-behike-le-grand-feuerzeug-c23003cl","status":"publish","type":"product","link":"https:\/\/www.lcdh-bonn.de\/es\/producto\/s-t-dupont-x-cohiba-behike-le-grand-feuerzeug-c23003cl\/","title":{"rendered":"S.T.Dupont x Cohiba Behike Le Grand Feuerzeug (C23003CL)"},"content":{"rendered":"<p>Mit dem S.T. Dupont x Behike Le Grand Feuerzeug (C23003CL) h\u00e4ltst du eine wahre Ikone des Zigarrengenusses in den H\u00e4nden \u2013 eine perfekte Verbindung aus technischer Innovation und erlesenem Design. Sein edles schwarz-goldenes Finish verk\u00f6rpert pure Eleganz und Prestige. Der tief gl\u00e4nzende Schwarzlack bildet einen kraftvollen Kontrast zu den goldenen Akzenten und verleiht dem Feuerzeug seine unverwechselbare Opulenz. S.T. Dupont nennt diese Serie S.T. Dupont x BHK 15.<\/p>\n<p>Die Oberfl\u00e4che ist mit der pr\u00e4gnanten Behike-Schachbrettstruktur verziert, meisterhaft in das klassische Diamond Head-Muster von S.T. Dupont integriert. Goldene Details setzen gezielte Highlights und verleihen dem Feuerzeug eine beeindruckende Dreidimensionalit\u00e4t. Auf der Vorderseite prangt das 15-Jahre-Behike-Logo, eine Hommage an die legend\u00e4re Cohiba-Behike-Linie, die 2010 eingef\u00fchrt wurde und seitdem als Inbegriff von Luxus und Exklusivit\u00e4t gilt.<\/p>\n<p>Das 15-j\u00e4hrige Jubil\u00e4um der BEHIKE-Linie wurde 2025 beim Festival del Habano in Havanna mit einer spektakul\u00e4ren Feier zelebriert, die Sammler und Aficionados aus aller Welt zusammenbrachte. Die Veranstaltung unterstrich die unvergleichliche Handwerkskunst und den exquisiten Charakter der Behike-Zigarren \u2013 Eigenschaften, die sich auch in diesem exklusiven Feuerzeug widerspiegeln.<\/p>\n<p>Das Le Grand Feuerzeug bietet eine Doppelz\u00fcndung, die sowohl eine sanfte gelbe Flamme f\u00fcr klassisches Anz\u00fcnden als auch eine leistungsstarke Fackelflamme f\u00fcr windbest\u00e4ndige Pr\u00e4zision erm\u00f6glicht. Der ergonomische Z\u00fcndmechanismus sorgt f\u00fcr eine intuitive Bedienung, w\u00e4hrend das ber\u00fchmte \u201eCling\u201c-Ger\u00e4usch beim \u00d6ffnen ein unverkennbares Zeichen f\u00fcr h\u00f6chste Qualit\u00e4t ist.<\/p>\n<p>Das S.T. Dupont x Behike Le Grand Feuerzeug (C23003CL) ist nicht nur ein funktionales Werkzeug f\u00fcr anspruchsvolle Aficionados, sondern ein echtes Sammlerst\u00fcck \u2013 ein Symbol f\u00fcr Leidenschaft, Luxus und Perfektion.<\/p>\n<p><span style=\"color: #993300;\"><strong>ACHTUNG: Der Artikel ist noch nicht erschienen, Sie k\u00f6nnen ihn jetzt vorbestellen, um sicherzustellen, dass Sie einen der limitierten Artikel erhalten werden! Wir erwarten den Artikel innerhalb der n\u00e4chsten Wochen und werden umgehend verschicken. UM SICH DIESES PRODUKT VERBINDLICH ZU SICHERN, BESTELLEN SIE ES JETZT!\u00a0<\/strong><\/span><\/p>","protected":false},"excerpt":{"rendered":"<p>Luxuri\u00f6ses schwarz-goldenes Feuerzeug mit Doppelz\u00fcndung<\/p>","protected":false},"featured_media":39934,"comment_status":"closed","ping_status":"closed","template":"","meta":{"_acf_changed":false},"etheme_brands":[{"term_id":665,"name":"S.T. Dupont","slug":"s-t-dupont","term_group":0,"term_taxonomy_id":665,"taxonomy":"brand","description":"","parent":0,"count":106,"filter":"raw"}],"product_cat":[183,414],"product_tag":[],"class_list":{"0":"post-40084","1":"product","2":"type-product","3":"status-publish","4":"has-post-thumbnail","6":"brand-s-t-dupont","7":"product_cat-zigarrenzubehor","8":"product_cat-feuerzeuge-fuer-zigarren","9":"pa_orderable-no","11":"first","12":"onbackorder","13":"taxable","14":"shipping-taxable","15":"purchasable","16":"product-type-simple"},"acf":[],"_links":{"self":[{"href":"https:\/\/www.lcdh-bonn.de\/es\/wp-json\/wp\/v2\/product\/40084","targetHints":{"allow":["GET"]}}],"collection":[{"href":"https:\/\/www.lcdh-bonn.de\/es\/wp-json\/wp\/v2\/product"}],"about":[{"href":"https:\/\/www.lcdh-bonn.de\/es\/wp-json\/wp\/v2\/types\/product"}],"replies":[{"embeddable":true,"href":"https:\/\/www.lcdh-bonn.de\/es\/wp-json\/wp\/v2\/comments?post=40084"}],"wp:featuredmedia":[{"embeddable":true,"href":"https:\/\/www.lcdh-bonn.de\/es\/wp-json\/wp\/v2\/media\/39934"}],"wp:attachment":[{"href":"https:\/\/www.lcdh-bonn.de\/es\/wp-json\/wp\/v2\/media?parent=40084"}],"wp:term":[{"taxonomy":"brand","embeddable":true,"href":"https:\/\/www.lcdh-bonn.de\/es\/wp-json\/wp\/v2\/etheme_brands?post=40084"},{"taxonomy":"product_cat","embeddable":true,"href":"https:\/\/www.lcdh-bonn.de\/es\/wp-json\/wp\/v2\/product_cat?post=40084"},{"taxonomy":"product_tag","embeddable":true,"href":"https:\/\/www.lcdh-bonn.de\/es\/wp-json\/wp\/v2\/product_tag?post=40084"}],"curies":[{"name":"wp","href":"https:\/\/api.w.org\/{rel}","templated":true}]}}