{"id":40385,"date":"2025-06-11T16:30:48","date_gmt":"2025-06-11T14:30:48","guid":{"rendered":"https:\/\/www.lcdh-bonn.de\/produkt\/donnerstag-03-07-2025-1800-2200-uhr-bonner-vista-social-club-zum-2-aniversario-lcdh-bonn\/"},"modified":"2026-02-03T17:03:26","modified_gmt":"2026-02-03T15:03:26","slug":"donnerstag-03-07-2025-1800-2200-uhr-bonner-vista-social-club-zum-2-aniversario-lcdh-bonn","status":"publish","type":"product","link":"https:\/\/www.lcdh-bonn.de\/es\/producto\/donnerstag-03-07-2025-1800-2200-uhr-bonner-vista-social-club-zum-2-aniversario-lcdh-bonn\/","title":{"rendered":"Donnerstag, 03.07.2025, 18:00 &#8211; 22:00 Uhr &#8211; Bonner Vista Social Club zum 2\u00b0 Aniversario LCDH Bonn"},"content":{"rendered":"<h3 data-start=\"205\" data-end=\"239\"><strong data-start=\"209\" data-end=\"237\">Bonner Vista Social Club<\/strong><\/h3>\n<p data-start=\"240\" data-end=\"515\"><strong data-start=\"240\" data-end=\"284\">2\u00b0 Aniversario \u2013 La Casa del Habano Bonn<\/strong><br data-start=\"284\" data-end=\"287\" \/>???? Donnerstag, 3. Juli 2025<br data-start=\"314\" data-end=\"317\" \/>???? 18:00 \u2013 22:00 Uhr<br data-start=\"337\" data-end=\"340\" \/>???? <strong data-start=\"343\" data-end=\"387\">La Casa del Habano Bonn de Cigar Embassy<\/strong><br data-start=\"387\" data-end=\"390\" \/>???? Kosten: 25\u202f\u20ac pro Person<br data-start=\"416\" data-end=\"419\" \/><em data-start=\"419\" data-end=\"515\">(inkl. 1 Glas Champagner, Bier, Wein, Softdrinks &amp; Wasser \u2013 Zigarren werden separat berechnet)<\/em><\/p>\n<hr data-start=\"517\" data-end=\"520\" \/>\n<p data-start=\"522\" data-end=\"774\"><strong data-start=\"522\" data-end=\"534\">Deutsch:<\/strong><br data-start=\"534\" data-end=\"537\" \/>Zum <strong data-start=\"541\" data-end=\"594\">zweij\u00e4hrigen Jubil\u00e4um von La Casa del Habano Bonn<\/strong> feiern wir die Premiere eines neuen Veranstaltungsformats: den <strong data-start=\"658\" data-end=\"686\">Bonner Vista Social Club<\/strong> \u2013 ein stilvoller After-Work-Abend voller Genuss, Begegnung und entspanntem Miteinander.<\/p>\n<p data-start=\"776\" data-end=\"1059\">Ohne feste Sitzordnung, an Stehtischen und mit viel Raum f\u00fcr Gespr\u00e4che treffen sich Aficionados und Genie\u00dfer in lockerer Atmosph\u00e4re. Ein Glas Champagner, ein k\u00fchles Bier oder ein guter Wein begleiten durch den Abend \u2013 und nat\u00fcrlich eine Zigarrenauswahl, die keine W\u00fcnsche offenl\u00e4sst.<\/p>\n<p data-start=\"1061\" data-end=\"1216\">Zahlreiche <strong data-start=\"1072\" data-end=\"1100\">exklusive LCDH-Editionen<\/strong> stehen zum separaten Erwerb bereit und machen den Abend auch f\u00fcr passionierte Sammler zu einem besonderen Erlebnis.<\/p>\n<p data-start=\"1218\" data-end=\"1348\">Ein Fest der Gemeinschaft, des Genusses und der Leidenschaft \u2013 direkt bei uns in der <strong data-start=\"1303\" data-end=\"1347\">La Casa del Habano Bonn de Cigar Embassy<\/strong>.<\/p>\n<hr data-start=\"1350\" data-end=\"1353\" \/>\n<p data-start=\"1355\" data-end=\"1613\"><strong data-start=\"1355\" data-end=\"1367\">English:<\/strong><br data-start=\"1367\" data-end=\"1370\" \/>To mark the <strong data-start=\"1382\" data-end=\"1428\">2nd anniversary of La Casa del Habano Bonn<\/strong>, we proudly present the debut of a new event format: the <strong data-start=\"1486\" data-end=\"1514\">Bonner Vista Social Club<\/strong> \u2013 a relaxed yet refined after-work gathering full of enjoyment, connection, and good conversation.<\/p>\n<p data-start=\"1615\" data-end=\"1904\">Standing tables, an open setting, and a welcoming atmosphere create the perfect space for aficionados and newcomers to meet, mingle, and unwind. A glass of champagne, a cold beer, or a fine wine set the tone for the evening \u2013 along with a cigar selection that leaves nothing to be desired.<\/p>\n<p data-start=\"1906\" data-end=\"2050\">A wide range of <strong data-start=\"1922\" data-end=\"1949\">exclusive LCDH editions<\/strong> will be available for purchase, offering rare finds and unforgettable moments for every cigar lover.<\/p>\n<p data-start=\"2052\" data-end=\"2188\">Join us as we celebrate community, craftsmanship, and two remarkable years \u2013 right here at <strong data-start=\"2143\" data-end=\"2187\">La Casa del Habano Bonn de Cigar Embassy<\/strong>.<\/p>","protected":false},"excerpt":{"rendered":"<p>2 Jahre LCDH Bonn &#8211; Exklusive Zigarren, Drinks &amp; Gespr\u00e4che<\/p>","protected":false},"featured_media":40383,"comment_status":"closed","ping_status":"closed","template":"","meta":{"_acf_changed":false},"etheme_brands":[{"term_id":1019,"name":"Cigar Embassy","slug":"cigar-embassy","term_group":0,"term_taxonomy_id":1019,"taxonomy":"brand","description":"","parent":0,"count":9,"filter":"raw"}],"product_cat":[1129,1146],"product_tag":[],"class_list":{"0":"post-40385","1":"product","2":"type-product","3":"status-publish","4":"has-post-thumbnail","6":"brand-cigar-embassy","7":"product_cat-noch-mehr","8":"product_cat-veranstaltungen","9":"pa_orderable-no","11":"first","12":"outofstock","13":"virtual","14":"taxable","15":"purchasable","16":"product-type-simple"},"acf":[],"_links":{"self":[{"href":"https:\/\/www.lcdh-bonn.de\/es\/wp-json\/wp\/v2\/product\/40385","targetHints":{"allow":["GET"]}}],"collection":[{"href":"https:\/\/www.lcdh-bonn.de\/es\/wp-json\/wp\/v2\/product"}],"about":[{"href":"https:\/\/www.lcdh-bonn.de\/es\/wp-json\/wp\/v2\/types\/product"}],"replies":[{"embeddable":true,"href":"https:\/\/www.lcdh-bonn.de\/es\/wp-json\/wp\/v2\/comments?post=40385"}],"wp:featuredmedia":[{"embeddable":true,"href":"https:\/\/www.lcdh-bonn.de\/es\/wp-json\/wp\/v2\/media\/40383"}],"wp:attachment":[{"href":"https:\/\/www.lcdh-bonn.de\/es\/wp-json\/wp\/v2\/media?parent=40385"}],"wp:term":[{"taxonomy":"brand","embeddable":true,"href":"https:\/\/www.lcdh-bonn.de\/es\/wp-json\/wp\/v2\/etheme_brands?post=40385"},{"taxonomy":"product_cat","embeddable":true,"href":"https:\/\/www.lcdh-bonn.de\/es\/wp-json\/wp\/v2\/product_cat?post=40385"},{"taxonomy":"product_tag","embeddable":true,"href":"https:\/\/www.lcdh-bonn.de\/es\/wp-json\/wp\/v2\/product_tag?post=40385"}],"curies":[{"name":"wp","href":"https:\/\/api.w.org\/{rel}","templated":true}]}}