{"id":40732,"date":"2025-12-15T15:20:26","date_gmt":"2025-12-15T13:20:26","guid":{"rendered":"https:\/\/www.lcdh-bonn.de\/produkt\/palio-vesuvio-vesuvio-zigarrenfeuerzeug-mit-dreifachflamme-palio-vesuvio-triple-jet-flame-schwarz-palvesbk\/"},"modified":"2026-02-27T14:00:04","modified_gmt":"2026-02-27T12:00:04","slug":"palio-vesuvio-vesuvio-zigarrenfeuerzeug-mit-dreifachflamme-palio-vesuvio-triple-jet-flame-schwarz-palvesbk","status":"publish","type":"product","link":"https:\/\/www.lcdh-bonn.de\/es\/producto\/palio-vesuvio-vesuvio-zigarrenfeuerzeug-mit-dreifachflamme-palio-vesuvio-triple-jet-flame-schwarz-palvesbk\/","title":{"rendered":"Palio Vesuvio Vesuvio Zigarrenfeuerzeug mit Dreifachflamme, PALIO VESUVIO, Triple Jet-Flame, schwarz (PALVESBK)"},"content":{"rendered":"<p>Das Palio Vesuvio in Schwarz steht f\u00fcr maximale Leistung bei minimalem Format. Drei Jetflammen sorgen f\u00fcr ein schnelles, gleichm\u00e4\u00dfiges Entz\u00fcnden der Zigarre \u2013 pr\u00e4zise und kontrolliert. Die robuste Bauweise, kombiniert mit einer praktischen Schl\u00fcsselring-\u00d6se, macht dieses Feuerzeug zum perfekten Alltagsbegleiter f\u00fcr Aficionados, die sich auf ihre Ausr\u00fcstung verlassen m\u00f6chten.<\/p>\n<p>Inverkehrbringer:<br \/>\nWoermann Cigars GmbH (VCF Deutschland)<br \/>\nDaimlerring 5<br \/>\n32289 R\u00f6dinghausen<br \/>\nTelefon: 05223 650920<\/p>","protected":false},"excerpt":{"rendered":"<p>Dreifach-Jet-Feuerzeug im kompakten Format \u2013 kraftvoll, zuverl\u00e4ssig und windfest.<\/p>","protected":false},"featured_media":0,"comment_status":"closed","ping_status":"open","template":"","meta":{"_acf_changed":false},"etheme_brands":[{"term_id":1407,"name":"Palio","slug":"palio","term_group":0,"term_taxonomy_id":1407,"taxonomy":"brand","description":"","parent":0,"count":27,"filter":"raw"}],"product_cat":[183,414],"product_tag":[],"class_list":{"0":"post-40732","1":"product","2":"type-product","3":"status-publish","5":"brand-palio","6":"product_cat-zigarrenzubehor","7":"product_cat-feuerzeuge-fuer-zigarren","9":"first","10":"instock","11":"taxable","12":"shipping-taxable","13":"purchasable","14":"product-type-simple"},"acf":[],"_links":{"self":[{"href":"https:\/\/www.lcdh-bonn.de\/es\/wp-json\/wp\/v2\/product\/40732","targetHints":{"allow":["GET"]}}],"collection":[{"href":"https:\/\/www.lcdh-bonn.de\/es\/wp-json\/wp\/v2\/product"}],"about":[{"href":"https:\/\/www.lcdh-bonn.de\/es\/wp-json\/wp\/v2\/types\/product"}],"replies":[{"embeddable":true,"href":"https:\/\/www.lcdh-bonn.de\/es\/wp-json\/wp\/v2\/comments?post=40732"}],"wp:attachment":[{"href":"https:\/\/www.lcdh-bonn.de\/es\/wp-json\/wp\/v2\/media?parent=40732"}],"wp:term":[{"taxonomy":"brand","embeddable":true,"href":"https:\/\/www.lcdh-bonn.de\/es\/wp-json\/wp\/v2\/etheme_brands?post=40732"},{"taxonomy":"product_cat","embeddable":true,"href":"https:\/\/www.lcdh-bonn.de\/es\/wp-json\/wp\/v2\/product_cat?post=40732"},{"taxonomy":"product_tag","embeddable":true,"href":"https:\/\/www.lcdh-bonn.de\/es\/wp-json\/wp\/v2\/product_tag?post=40732"}],"curies":[{"name":"wp","href":"https:\/\/api.w.org\/{rel}","templated":true}]}}