{"id":40739,"date":"2025-12-15T15:20:26","date_gmt":"2025-12-15T13:20:26","guid":{"rendered":"https:\/\/www.lcdh-bonn.de\/produkt\/palio-lazio-lazio-zigarrenfeuerzeug-mit-einfachflamme-palio-lazio-single-jet-flame-blau-pallazbl\/"},"modified":"2026-02-27T14:00:12","modified_gmt":"2026-02-27T12:00:12","slug":"palio-lazio-lazio-zigarrenfeuerzeug-mit-einfachflamme-palio-lazio-single-jet-flame-blau-pallazbl","status":"publish","type":"product","link":"https:\/\/www.lcdh-bonn.de\/es\/producto\/palio-lazio-lazio-zigarrenfeuerzeug-mit-einfachflamme-palio-lazio-single-jet-flame-blau-pallazbl\/","title":{"rendered":"Palio Lazio Lazio Zigarrenfeuerzeug mit Einfachflamme, PALIO LAZIO, Single Jet-Flame, blau (PALLAZBL)"},"content":{"rendered":"<p>Das Palio Lazio in Blau setzt einen modernen Akzent im Zigarrenzubeh\u00f6r. Die pr\u00e4zise Single-Jet-Flamme erm\u00f6glicht ein gleichm\u00e4\u00dfiges Entz\u00fcnden der Zigarre, w\u00e4hrend das kompakte, schlanke Design optimal in der Hand liegt. Entwickelt f\u00fcr den t\u00e4glichen Einsatz \u2013 zuverl\u00e4ssig, stilvoll und funktional.<\/p>\n<p>Inverkehrbringer:<br \/>\nWoermann Cigars GmbH (VCF Deutschland)<br \/>\nDaimlerring 5<br \/>\n32289 R\u00f6dinghausen<br \/>\nTelefon: 05223 650920<\/p>","protected":false},"excerpt":{"rendered":"<p>Modernes Single-Jet-Feuerzeug \u2013 pr\u00e4zise Flamme im schlanken Design.<\/p>","protected":false},"featured_media":0,"comment_status":"closed","ping_status":"open","template":"","meta":{"_acf_changed":false},"etheme_brands":[{"term_id":1407,"name":"Palio","slug":"palio","term_group":0,"term_taxonomy_id":1407,"taxonomy":"brand","description":"","parent":0,"count":27,"filter":"raw"}],"product_cat":[183,414],"product_tag":[],"class_list":{"0":"post-40739","1":"product","2":"type-product","3":"status-publish","5":"brand-palio","6":"product_cat-zigarrenzubehor","7":"product_cat-feuerzeuge-fuer-zigarren","9":"first","10":"instock","11":"taxable","12":"shipping-taxable","13":"purchasable","14":"product-type-simple"},"acf":[],"_links":{"self":[{"href":"https:\/\/www.lcdh-bonn.de\/es\/wp-json\/wp\/v2\/product\/40739","targetHints":{"allow":["GET"]}}],"collection":[{"href":"https:\/\/www.lcdh-bonn.de\/es\/wp-json\/wp\/v2\/product"}],"about":[{"href":"https:\/\/www.lcdh-bonn.de\/es\/wp-json\/wp\/v2\/types\/product"}],"replies":[{"embeddable":true,"href":"https:\/\/www.lcdh-bonn.de\/es\/wp-json\/wp\/v2\/comments?post=40739"}],"wp:attachment":[{"href":"https:\/\/www.lcdh-bonn.de\/es\/wp-json\/wp\/v2\/media?parent=40739"}],"wp:term":[{"taxonomy":"brand","embeddable":true,"href":"https:\/\/www.lcdh-bonn.de\/es\/wp-json\/wp\/v2\/etheme_brands?post=40739"},{"taxonomy":"product_cat","embeddable":true,"href":"https:\/\/www.lcdh-bonn.de\/es\/wp-json\/wp\/v2\/product_cat?post=40739"},{"taxonomy":"product_tag","embeddable":true,"href":"https:\/\/www.lcdh-bonn.de\/es\/wp-json\/wp\/v2\/product_tag?post=40739"}],"curies":[{"name":"wp","href":"https:\/\/api.w.org\/{rel}","templated":true}]}}