{"id":40740,"date":"2025-12-15T15:20:26","date_gmt":"2025-12-15T13:20:26","guid":{"rendered":"https:\/\/www.lcdh-bonn.de\/produkt\/palio-lazio-lazio-zigarrenfeuerzeug-mit-einfachflamme-palio-lazio-single-jet-flame-rot-pallazrd\/"},"modified":"2026-02-27T13:59:50","modified_gmt":"2026-02-27T11:59:50","slug":"palio-lazio-lazio-zigarrenfeuerzeug-mit-einfachflamme-palio-lazio-single-jet-flame-rot-pallazrd","status":"publish","type":"product","link":"https:\/\/www.lcdh-bonn.de\/es\/producto\/palio-lazio-lazio-zigarrenfeuerzeug-mit-einfachflamme-palio-lazio-single-jet-flame-rot-pallazrd\/","title":{"rendered":"Palio Lazio Lazio Zigarrenfeuerzeug mit Einfachflamme, PALIO LAZIO, Single Jet-Flame, rot (PALLAZRD)"},"content":{"rendered":"<p>Das Palio Lazio in Rot kombiniert ausdrucksstarke Farbe mit pr\u00e4ziser Technik. Die angewinkelte Single-Jet-Flamme erlaubt kontrolliertes Anz\u00fcnden selbst bei leichtem Wind. Ein kompaktes, zuverl\u00e4ssiges Feuerzeug f\u00fcr Genie\u00dfer, die Funktion und Individualit\u00e4t verbinden m\u00f6chten.<\/p>\n<p>Inverkehrbringer:<br \/>\nWoermann Cigars GmbH (VCF Deutschland)<br \/>\nDaimlerring 5<br \/>\n32289 R\u00f6dinghausen<br \/>\nTelefon: 05223 650920<\/p>","protected":false},"excerpt":{"rendered":"<p>Ausdrucksstarkes Single-Jet-Feuerzeug \u2013 pr\u00e4zise, schlank und zuverl\u00e4ssig.<\/p>","protected":false},"featured_media":0,"comment_status":"closed","ping_status":"open","template":"","meta":{"_acf_changed":false},"etheme_brands":[{"term_id":1407,"name":"Palio","slug":"palio","term_group":0,"term_taxonomy_id":1407,"taxonomy":"brand","description":"","parent":0,"count":27,"filter":"raw"}],"product_cat":[183,414],"product_tag":[],"class_list":{"0":"post-40740","1":"product","2":"type-product","3":"status-publish","5":"brand-palio","6":"product_cat-zigarrenzubehor","7":"product_cat-feuerzeuge-fuer-zigarren","9":"first","10":"instock","11":"taxable","12":"shipping-taxable","13":"purchasable","14":"product-type-simple"},"acf":[],"_links":{"self":[{"href":"https:\/\/www.lcdh-bonn.de\/es\/wp-json\/wp\/v2\/product\/40740","targetHints":{"allow":["GET"]}}],"collection":[{"href":"https:\/\/www.lcdh-bonn.de\/es\/wp-json\/wp\/v2\/product"}],"about":[{"href":"https:\/\/www.lcdh-bonn.de\/es\/wp-json\/wp\/v2\/types\/product"}],"replies":[{"embeddable":true,"href":"https:\/\/www.lcdh-bonn.de\/es\/wp-json\/wp\/v2\/comments?post=40740"}],"wp:attachment":[{"href":"https:\/\/www.lcdh-bonn.de\/es\/wp-json\/wp\/v2\/media?parent=40740"}],"wp:term":[{"taxonomy":"brand","embeddable":true,"href":"https:\/\/www.lcdh-bonn.de\/es\/wp-json\/wp\/v2\/etheme_brands?post=40740"},{"taxonomy":"product_cat","embeddable":true,"href":"https:\/\/www.lcdh-bonn.de\/es\/wp-json\/wp\/v2\/product_cat?post=40740"},{"taxonomy":"product_tag","embeddable":true,"href":"https:\/\/www.lcdh-bonn.de\/es\/wp-json\/wp\/v2\/product_tag?post=40740"}],"curies":[{"name":"wp","href":"https:\/\/api.w.org\/{rel}","templated":true}]}}