{"id":40745,"date":"2025-12-15T15:20:26","date_gmt":"2025-12-15T13:20:26","guid":{"rendered":"https:\/\/www.lcdh-bonn.de\/produkt\/palio-veneto-veneto-zigarrenfeuerzeug-mit-vierfachflamme-palio-veneto-quad-jet-flame-schwarz-palvenbk\/"},"modified":"2026-02-27T14:09:28","modified_gmt":"2026-02-27T12:09:28","slug":"palio-veneto-veneto-zigarrenfeuerzeug-mit-vierfachflamme-palio-veneto-quad-jet-flame-schwarz-palvenbk","status":"publish","type":"product","link":"https:\/\/www.lcdh-bonn.de\/es\/producto\/palio-veneto-veneto-zigarrenfeuerzeug-mit-vierfachflamme-palio-veneto-quad-jet-flame-schwarz-palvenbk\/","title":{"rendered":"Palio Veneto Veneto Zigarrenfeuerzeug mit Vierfachflamme, PALIO VENETO, Quad Jet-Flame, schwarz (PALVENBK)"},"content":{"rendered":"<p>Das Palio Veneto Zigarrenfeuerzeug steht f\u00fcr maximale Leistung und kompromisslose Funktionalit\u00e4t. Vier kraftvolle Jetflammen b\u00fcndeln ihre Hitze f\u00fcr ein schnelles, gleichm\u00e4\u00dfiges Entz\u00fcnden selbst gro\u00dfformatiger Zigarren. Der extra gro\u00dfe, transparente Gastank sorgt f\u00fcr lange Laufzeiten, w\u00e4hrend der massive Deckel zugleich als praktische Zigarrenbank dient. Entwickelt f\u00fcr anspruchsvolle Aficionados und getestet bis extreme H\u00f6hen.<\/p>\n<p>Inverkehrbringer:<br \/>\nWoermann Cigars GmbH (VCF Deutschland)<br \/>\nDaimlerring 5<br \/>\n32289 R\u00f6dinghausen<br \/>\nTelefon: 05223 650920<\/p>","protected":false},"excerpt":{"rendered":"<p>Leistungsstarkes Quad-Jet-Feuerzeug mit Zigarrenbank \u2013 kraftvoll, pr\u00e4zise und windstabil.<\/p>","protected":false},"featured_media":0,"comment_status":"closed","ping_status":"open","template":"","meta":{"_acf_changed":false},"etheme_brands":[{"term_id":1407,"name":"Palio","slug":"palio","term_group":0,"term_taxonomy_id":1407,"taxonomy":"brand","description":"","parent":0,"count":27,"filter":"raw"}],"product_cat":[183,414],"product_tag":[],"class_list":{"0":"post-40745","1":"product","2":"type-product","3":"status-publish","5":"brand-palio","6":"product_cat-zigarrenzubehor","7":"product_cat-feuerzeuge-fuer-zigarren","9":"first","10":"instock","11":"taxable","12":"shipping-taxable","13":"purchasable","14":"product-type-simple"},"acf":[],"_links":{"self":[{"href":"https:\/\/www.lcdh-bonn.de\/es\/wp-json\/wp\/v2\/product\/40745","targetHints":{"allow":["GET"]}}],"collection":[{"href":"https:\/\/www.lcdh-bonn.de\/es\/wp-json\/wp\/v2\/product"}],"about":[{"href":"https:\/\/www.lcdh-bonn.de\/es\/wp-json\/wp\/v2\/types\/product"}],"replies":[{"embeddable":true,"href":"https:\/\/www.lcdh-bonn.de\/es\/wp-json\/wp\/v2\/comments?post=40745"}],"wp:attachment":[{"href":"https:\/\/www.lcdh-bonn.de\/es\/wp-json\/wp\/v2\/media?parent=40745"}],"wp:term":[{"taxonomy":"brand","embeddable":true,"href":"https:\/\/www.lcdh-bonn.de\/es\/wp-json\/wp\/v2\/etheme_brands?post=40745"},{"taxonomy":"product_cat","embeddable":true,"href":"https:\/\/www.lcdh-bonn.de\/es\/wp-json\/wp\/v2\/product_cat?post=40745"},{"taxonomy":"product_tag","embeddable":true,"href":"https:\/\/www.lcdh-bonn.de\/es\/wp-json\/wp\/v2\/product_tag?post=40745"}],"curies":[{"name":"wp","href":"https:\/\/api.w.org\/{rel}","templated":true}]}}