{"id":40748,"date":"2025-12-15T15:20:26","date_gmt":"2025-12-15T13:20:26","guid":{"rendered":"https:\/\/www.lcdh-bonn.de\/produkt\/palio-veneto-veneto-zigarrenfeuerzeug-mit-vierfachflamme-palio-veneto-quad-jet-flame-rot-palvenrd\/"},"modified":"2026-02-27T14:09:31","modified_gmt":"2026-02-27T12:09:31","slug":"palio-veneto-veneto-zigarrenfeuerzeug-mit-vierfachflamme-palio-veneto-quad-jet-flame-rot-palvenrd","status":"publish","type":"product","link":"https:\/\/www.lcdh-bonn.de\/es\/producto\/palio-veneto-veneto-zigarrenfeuerzeug-mit-vierfachflamme-palio-veneto-quad-jet-flame-rot-palvenrd\/","title":{"rendered":"Palio Veneto Veneto Zigarrenfeuerzeug mit Vierfachflamme, PALIO VENETO, Quad Jet-Flame, rot (PALVENRD)"},"content":{"rendered":"<p>Das Palio Veneto in Rot setzt ein klares Statement f\u00fcr Leistung und Design. Vier Jetflammen liefern maximale Hitze f\u00fcr ein schnelles und gleichm\u00e4\u00dfiges Anz\u00fcnden, selbst bei Wind. Der schwere Deckel fungiert als stabile Zigarrenbank und macht das Feuerzeug zu einem echten Arbeitsger\u00e4t f\u00fcr Genie\u00dfer.<\/p>\n<p>Inverkehrbringer:<br \/>\nWoermann Cigars GmbH (VCF Deutschland)<br \/>\nDaimlerring 5<br \/>\n32289 R\u00f6dinghausen<br \/>\nTelefon: 05223 650920<\/p>","protected":false},"excerpt":{"rendered":"<p>Kraftvolles Quad-Jet-Feuerzeug mit Zigarrenbank \u2013 ideal f\u00fcr gro\u00dfe Formate.<\/p>","protected":false},"featured_media":0,"comment_status":"closed","ping_status":"open","template":"","meta":{"_acf_changed":false},"etheme_brands":[{"term_id":1407,"name":"Palio","slug":"palio","term_group":0,"term_taxonomy_id":1407,"taxonomy":"brand","description":"","parent":0,"count":27,"filter":"raw"}],"product_cat":[183,414],"product_tag":[],"class_list":{"0":"post-40748","1":"product","2":"type-product","3":"status-publish","5":"brand-palio","6":"product_cat-zigarrenzubehor","7":"product_cat-feuerzeuge-fuer-zigarren","9":"first","10":"instock","11":"taxable","12":"shipping-taxable","13":"purchasable","14":"product-type-simple"},"acf":[],"_links":{"self":[{"href":"https:\/\/www.lcdh-bonn.de\/es\/wp-json\/wp\/v2\/product\/40748","targetHints":{"allow":["GET"]}}],"collection":[{"href":"https:\/\/www.lcdh-bonn.de\/es\/wp-json\/wp\/v2\/product"}],"about":[{"href":"https:\/\/www.lcdh-bonn.de\/es\/wp-json\/wp\/v2\/types\/product"}],"replies":[{"embeddable":true,"href":"https:\/\/www.lcdh-bonn.de\/es\/wp-json\/wp\/v2\/comments?post=40748"}],"wp:attachment":[{"href":"https:\/\/www.lcdh-bonn.de\/es\/wp-json\/wp\/v2\/media?parent=40748"}],"wp:term":[{"taxonomy":"brand","embeddable":true,"href":"https:\/\/www.lcdh-bonn.de\/es\/wp-json\/wp\/v2\/etheme_brands?post=40748"},{"taxonomy":"product_cat","embeddable":true,"href":"https:\/\/www.lcdh-bonn.de\/es\/wp-json\/wp\/v2\/product_cat?post=40748"},{"taxonomy":"product_tag","embeddable":true,"href":"https:\/\/www.lcdh-bonn.de\/es\/wp-json\/wp\/v2\/product_tag?post=40748"}],"curies":[{"name":"wp","href":"https:\/\/api.w.org\/{rel}","templated":true}]}}