{"id":41720,"date":"2026-04-13T16:12:23","date_gmt":"2026-04-13T14:12:23","guid":{"rendered":"https:\/\/www.lcdh-bonn.de\/?post_type=product&#038;p=41720"},"modified":"2026-04-13T16:26:42","modified_gmt":"2026-04-13T14:26:42","slug":"trinidad-wide-short","status":"publish","type":"product","link":"https:\/\/www.lcdh-bonn.de\/es\/producto\/trinidad-wide-short\/","title":{"rendered":"Trinidad Wide Short"},"content":{"rendered":"<p>En <strong>Trinidad Wide Short<\/strong> erweitert seit 2026 das Segment der kubanischen Mini Cigars um ein neues Format innerhalb der traditionsreichen Marke Trinidad. Die Marke wurde 1969 eingef\u00fchrt und steht im Habanos-Universum f\u00fcr kubanische Herkunft, pr\u00e4zise Markenf\u00fchrung und eine klare Positionierung im gehobenen Zigarrenbereich. Mit der Wide Short wurde diese Linie um ein kompaktes, zugleich markant proportioniertes Format erg\u00e4nzt.<\/p>\n<p>Das Produkt ist als Mini Cigar f\u00fcr eine k\u00fcrzere Genussdauer konzipiert und verbindet ein zeitgem\u00e4\u00dfes Packungsformat mit den typischen Merkmalen der Marke Trinidad. Jede Packung enth\u00e4lt 6 einzeln cellophanierte Cigarillos mit Ring, untergebracht in einer modernen Klick-Box. Die Einf\u00fchrung erfolgte im Rahmen des XXV Festival del Habano in Havanna und unterstreicht die strategische Weiterentwicklung des kubanischen Mini-Cigar-Portfolios.<\/p>\n<p>Mit einer L\u00e4nge von 100 mm und einem Durchmesser von 12,5 mm positioniert sich die Trinidad Wide Short oberhalb klassischer Short-Formate. Das Format eignet sich f\u00fcr Aficionados, die ein kompaktes kubanisches Produkt mit klar definierter Pr\u00e4sentation und zeitgem\u00e4\u00dfer Verpackung suchen.<\/p>\n<p><strong>Fakten im \u00dcberblick:<\/strong><\/p>\n<ul>\n<li>Marke: Trinidad<\/li>\n<li>Produkt: Wide Short<\/li>\n<li>Produkttyp: Kubanische Zigarillos \/ Mini Cigars<\/li>\n<li>Packungsinhalt: 6 St\u00fcck<\/li>\n<li>L\u00e4nge: 100 mm<\/li>\n<li>Durchmesser: 12,5 mm<\/li>\n<li>Ringma\u00df: ca. 32<\/li>\n<li>St\u00e4rkeklassifikation: leicht bis mittel<\/li>\n<li>Verpackung: Klick-Box, einzeln cellophaniert, mit Zigarrenring<\/li>\n<li>Markteinf\u00fchrung: 2026 (Pr\u00e4sentation 2025)<\/li>\n<\/ul>\n<p><strong>Inverkehrbringer:<\/strong><br \/>\n5th Avenue Products Trading-GmbH<br \/>\nSchwarzenbergstra\u00dfe 7<br \/>\n79761 Waldshut-Tiengen<\/p>\n<p>&nbsp;<\/p>","protected":false},"excerpt":{"rendered":"<p>6er-Pack. Je 100 mm L\u00e4nge, 12,5 mm Durchmesser und moderne Klick-Box<\/p>","protected":false},"featured_media":41715,"comment_status":"closed","ping_status":"closed","template":"","meta":{"_acf_changed":false},"etheme_brands":[{"term_id":211,"name":"Trinidad","slug":"trinidad","term_group":0,"term_taxonomy_id":211,"taxonomy":"brand","description":"[elementor-template id=\"15563\"]","parent":0,"count":18,"filter":"raw"}],"product_cat":[168,169,165],"product_tag":[],"class_list":{"0":"post-41720","1":"product","2":"type-product","3":"status-publish","4":"has-post-thumbnail","6":"brand-trinidad","7":"product_cat-zigarren","8":"product_cat-cuba","9":"product_cat-trinidad","10":"pa_laenge-559","11":"pa_ringmass-500","12":"pa_staerke-leicht-bis-mittel","13":"pa_verpackungseinheit-6er-schachtel","15":"first","16":"outofstock","17":"taxable","18":"shipping-taxable","19":"purchasable","20":"product-type-variable"},"acf":[],"_links":{"self":[{"href":"https:\/\/www.lcdh-bonn.de\/es\/wp-json\/wp\/v2\/product\/41720","targetHints":{"allow":["GET"]}}],"collection":[{"href":"https:\/\/www.lcdh-bonn.de\/es\/wp-json\/wp\/v2\/product"}],"about":[{"href":"https:\/\/www.lcdh-bonn.de\/es\/wp-json\/wp\/v2\/types\/product"}],"replies":[{"embeddable":true,"href":"https:\/\/www.lcdh-bonn.de\/es\/wp-json\/wp\/v2\/comments?post=41720"}],"wp:featuredmedia":[{"embeddable":true,"href":"https:\/\/www.lcdh-bonn.de\/es\/wp-json\/wp\/v2\/media\/41715"}],"wp:attachment":[{"href":"https:\/\/www.lcdh-bonn.de\/es\/wp-json\/wp\/v2\/media?parent=41720"}],"wp:term":[{"taxonomy":"brand","embeddable":true,"href":"https:\/\/www.lcdh-bonn.de\/es\/wp-json\/wp\/v2\/etheme_brands?post=41720"},{"taxonomy":"product_cat","embeddable":true,"href":"https:\/\/www.lcdh-bonn.de\/es\/wp-json\/wp\/v2\/product_cat?post=41720"},{"taxonomy":"product_tag","embeddable":true,"href":"https:\/\/www.lcdh-bonn.de\/es\/wp-json\/wp\/v2\/product_tag?post=41720"}],"curies":[{"name":"wp","href":"https:\/\/api.w.org\/{rel}","templated":true}]}}