{"id":25538,"date":"2022-08-02T19:53:34","date_gmt":"2022-08-02T17:53:34","guid":{"rendered":"https:\/\/torbru.athene.wpspace.me\/product\/bolivar-belicosos-finos-cabinet\/"},"modified":"2026-01-29T13:41:55","modified_gmt":"2026-01-29T11:41:55","slug":"bolivar-belicosos-finos-cabinet","status":"publish","type":"product","link":"https:\/\/www.lcdh-bonn.de\/zh\/product\/bolivar-belicosos-finos-cabinet\/","title":{"rendered":"\u73bb\u5229\u74e6\u5c14-\u8d1d\u5229\u79d1\u7d22\u65af-\u83f2\u8bfa\u65af\uff08\u5185\u9601\uff09"},"content":{"rendered":"<p>Die Bolivar Belicosos Finos verk\u00f6rpert die pure Essenz kubanischer Zigarrenkunst. Im klassischen Campanas-Format mit einer L\u00e4nge von 140 mm und einem Ringma\u00df von 52 pr\u00e4sentiert sie sich als eine der charakterst\u00e4rksten Habanos ihrer Klasse.<\/p>\n<p>Diese vollmundige Premiumzigarre wird ausschlie\u00dflich aus erlesenen Tabaken der Vuelta Abajo Region gefertigt. Die Kombination aus kr\u00e4ftigen Ligero- und ausgewogenen Seco-Bl\u00e4ttern kreiert einen komplexen Blend.<\/p>\n<ul style=\"margin-left:20px;\">\n\u2022 Format: Campanas<br \/>\n\u2022 L\u00e4nge: 140 mm<br \/>\n\u2022 Ringma\u00df: 52<br \/>\n\u2022 St\u00e4rke: Kr\u00e4ftig<br \/>\n\u2022 Rauchdauer: 45-60 Minuten<br \/>\n\u2022 Verpackung: 25er Kiste, Einzeln erh\u00e4ltlich\n<\/ul>\n<p>Kenner sch\u00e4tzen das intensive Geschmackserlebnis mit Noten von dunkler Schokolade, ger\u00f6steten N\u00fcssen und w\u00fcrzigem Leder. Im letzten Drittel entwickelt sich eine angenehme Cremigkeit mit Ankl\u00e4ngen von Kaffee und Erde.<\/p>\n<p>Diese Zigarre wird von Kennern hochgesch\u00e4tzt und bietet ein au\u00dferordentlich langes Reifepotenzial. Besonders als Kabinettkiste ist sie ein begehrtes Sammlerst\u00fcck und sollte idealerweise ganz hinten und unten im Humidor f\u00fcr viele Jahre ruhen, um ihren besonderen Genuss voll zu entfalten. F\u00fcr Sammler und Liebhaber gereifter Zigarren ist sie ein absolutes Muss.<\/p>\n<p>Die Marke Bolivar, benannt nach dem s\u00fcdamerikanischen Freiheitsk\u00e4mpfer Simon Bolivar, steht seit 1902 f\u00fcr kraftvolle kubanische Zigarren. Die Belicosos Finos eignet sich besonders f\u00fcr den entspannten Abend oder als kr\u00f6nender Abschluss eines gelungenen Dinners.<\/p>\n<p>Hersteller-\/Inverkehrbringerinformation:<br \/>\n5THAVENUE Products Trading-GmbH<br \/>\nSchwarzenbergstra\u00dfe 3-7<br \/>\nD-79761 Waldshut-Tiengen<br \/>\ninfo@5thAvenue.de<\/p>","protected":false},"excerpt":{"rendered":"<p>Die Bolivar Belicosos Finos verk\u00f6rpert die pure Essenz kubanischer Zigarrenkunst. Im klassischen Campanas-Format mit einer L\u00e4nge von 140 mm und einem Ringma\u00df von 52 pr\u00e4sentiert sie sich als eine der charakterst\u00e4rksten Habanos ihrer Klasse. Diese vollmundige Premiumzigarre wird ausschlie\u00dflich aus erlesenen Tabaken der Vuelta Abajo Region gefertigt. Die Kombination aus kr\u00e4ftigen Ligero- und ausgewogenen Seco-Bl\u00e4ttern kreiert einen komplexen Blend. \u2022 Format: Campanas \u2022 L\u00e4nge: 140 mm \u2022 Ringma\u00df: 52 \u2022 St\u00e4rke: Kr\u00e4ftig \u2022 Rauchdauer: 45-60 Minuten \u2022 Verpackung: 25er Kiste,&#8230;<\/p>","protected":false},"featured_media":35450,"comment_status":"closed","ping_status":"closed","template":"","meta":{"_acf_changed":false},"etheme_brands":[{"term_id":185,"name":"Bolivar","slug":"bolivar","term_group":0,"term_taxonomy_id":185,"taxonomy":"brand","description":"[elementor-template id=\"15563\"]","parent":0,"count":5,"filter":"raw"}],"product_cat":[168,169,139],"product_tag":[],"class_list":{"0":"post-25538","1":"product","2":"type-product","3":"status-publish","4":"has-post-thumbnail","6":"brand-bolivar","7":"product_cat-zigarren","8":"product_cat-cuba","9":"product_cat-bolivar","10":"pa_laenge-1166","11":"pa_orderable-no","12":"pa_ringmass-1178","13":"pa_verpackungseinheit-25er-kiste","14":"pa_verpackungseinheit-einzeln","16":"first","17":"outofstock","18":"taxable","19":"shipping-taxable","20":"product-type-variable"},"acf":[],"_links":{"self":[{"href":"https:\/\/www.lcdh-bonn.de\/zh\/wp-json\/wp\/v2\/product\/25538","targetHints":{"allow":["GET"]}}],"collection":[{"href":"https:\/\/www.lcdh-bonn.de\/zh\/wp-json\/wp\/v2\/product"}],"about":[{"href":"https:\/\/www.lcdh-bonn.de\/zh\/wp-json\/wp\/v2\/types\/product"}],"replies":[{"embeddable":true,"href":"https:\/\/www.lcdh-bonn.de\/zh\/wp-json\/wp\/v2\/comments?post=25538"}],"wp:featuredmedia":[{"embeddable":true,"href":"https:\/\/www.lcdh-bonn.de\/zh\/wp-json\/wp\/v2\/media\/35450"}],"wp:attachment":[{"href":"https:\/\/www.lcdh-bonn.de\/zh\/wp-json\/wp\/v2\/media?parent=25538"}],"wp:term":[{"taxonomy":"brand","embeddable":true,"href":"https:\/\/www.lcdh-bonn.de\/zh\/wp-json\/wp\/v2\/etheme_brands?post=25538"},{"taxonomy":"product_cat","embeddable":true,"href":"https:\/\/www.lcdh-bonn.de\/zh\/wp-json\/wp\/v2\/product_cat?post=25538"},{"taxonomy":"product_tag","embeddable":true,"href":"https:\/\/www.lcdh-bonn.de\/zh\/wp-json\/wp\/v2\/product_tag?post=25538"}],"curies":[{"name":"wp","href":"https:\/\/api.w.org\/{rel}","templated":true}]}}