{"id":25609,"date":"2022-08-02T19:54:13","date_gmt":"2022-08-02T17:54:13","guid":{"rendered":"https:\/\/torbru.athene.wpspace.me\/product\/cohiba-piramides-extra-a-t\/"},"modified":"2026-01-14T19:07:52","modified_gmt":"2026-01-14T17:07:52","slug":"cohiba-linea-clasica-piramides-extra-a-t","status":"publish","type":"product","link":"https:\/\/www.lcdh-bonn.de\/zh\/product\/cohiba-linea-clasica-piramides-extra-a-t\/","title":{"rendered":"Cohiba Linea Clasica Piramides Extra A\/T"},"content":{"rendered":"<p>Die Cohiba Piramides Extra verk\u00f6rpert die Quintessenz kubanischer Zigarrenkunst in ihrer elegantesten Form. Diese majest\u00e4tische Vitola im Format Piramides Extra (L\u00e4nge 160 mm, Ringma\u00df 54) pr\u00e4sentiert sich als Meisterwerk der legend\u00e4ren Marke Cohiba aus der Region Pinar del R\u00edo.<\/p>\n<p>Gefertigt aus erlesensten Tabaken der Vegas Finas de Primera in der ber\u00fchmten El Laguito Manufaktur, durchl\u00e4uft jedes Tabakblatt eine zus\u00e4tzliche, dritte Fermentation im Holzfass &#8211; ein Privileg, das ausschlie\u00dflich Cohiba-Zigarren vorbehalten ist.<\/p>\n<ul style=\"margin-left:20px;\">\n\u2022 Format: Piramides Extra<br \/>\n\u2022 L\u00e4nge: 160 mm<br \/>\n\u2022 Ringma\u00df: 54<br \/>\n\u2022 St\u00e4rke: Medium bis kr\u00e4ftig<br \/>\n\u2022 Rauchdauer: ca. 75-90 Minuten<br \/>\n\u2022 Verpackung: 3er Schachtel, Einzeln erh\u00e4ltlich<br \/>\n\u2022 Herkunft: Pinar del R\u00edo, Kuba\n<\/ul>\n<p>Kenner sch\u00e4tzen das komplexe Aromenprofil dieser Ausnahme-Habano: Anfangs pr\u00e4sentieren sich noble Holznoten und eine dezente W\u00fcrze, die sich im Rauchverlauf zu einem harmonischen Zusammenspiel aus Kaffee, Kakao und s\u00fc\u00dflichen Nuancen entwickeln. Erfahrene Aficionados berichten von einer bemerkenswerten Cremigkeit im letzten Drittel.<\/p>\n<p>Die Piramides Extra eignet sich hervorragend f\u00fcr besondere Anl\u00e4sse &#8211; sei es zur Feier eines wichtigen Gesch\u00e4ftsabschlusses oder als kr\u00f6nender Abschluss eines gelungenen Dinners. Das Aluminium-Tube (A\/T) gew\u00e4hrleistet dabei optimalen Schutz und stilvolle Pr\u00e4sentation.<\/p>\n<p>Hersteller-\/Inverkehrbringerinformation:<br \/>\n5THAVENUE Products Trading-GmbH<br \/>\nSchwarzenbergstra\u00dfe 3-7<br \/>\nD-79761 Waldshut-Tiengen<br \/>\ninfo@5thAvenue.de<\/p>","protected":false},"excerpt":{"rendered":"<p>Die Cohiba Piramides Extra verk\u00f6rpert die Quintessenz kubanischer Zigarrenkunst in ihrer elegantesten Form. Diese majest\u00e4tische Vitola im Format Piramides Extra (L\u00e4nge 160 mm, Ringma\u00df 54) pr\u00e4sentiert sich als Meisterwerk der legend\u00e4ren Marke Cohiba aus der Region Pinar del R\u00edo. Gefertigt aus erlesensten Tabaken der Vegas Finas de Primera in der ber\u00fchmten El Laguito Manufaktur, durchl\u00e4uft jedes Tabakblatt eine zus\u00e4tzliche, dritte Fermentation im Holzfass &#8211; ein Privileg, das ausschlie\u00dflich Cohiba-Zigarren vorbehalten ist. \u2022 Format: Piramides Extra \u2022 L\u00e4nge: 160 mm \u2022&#8230;<\/p>","protected":false},"featured_media":35473,"comment_status":"closed","ping_status":"open","template":"","meta":{"_acf_changed":false},"etheme_brands":[{"term_id":186,"name":"Cohiba","slug":"cohiba","term_group":0,"term_taxonomy_id":186,"taxonomy":"brand","description":"[elementor-template id=\"15563\"]","parent":0,"count":60,"filter":"raw"}],"product_cat":[168,169,140,514],"product_tag":[],"class_list":{"0":"post-25609","1":"product","2":"type-product","3":"status-publish","4":"has-post-thumbnail","6":"brand-cohiba","7":"product_cat-zigarren","8":"product_cat-cuba","9":"product_cat-cohiba","10":"product_cat-classic","11":"pa_laenge-1182","12":"pa_orderable-no","13":"pa_ringmass-1241","14":"pa_verpackungseinheit-3er-schachtel","15":"pa_verpackungseinheit-einzeln","17":"first","18":"outofstock","19":"taxable","20":"shipping-taxable","21":"product-type-variable"},"acf":[],"_links":{"self":[{"href":"https:\/\/www.lcdh-bonn.de\/zh\/wp-json\/wp\/v2\/product\/25609","targetHints":{"allow":["GET"]}}],"collection":[{"href":"https:\/\/www.lcdh-bonn.de\/zh\/wp-json\/wp\/v2\/product"}],"about":[{"href":"https:\/\/www.lcdh-bonn.de\/zh\/wp-json\/wp\/v2\/types\/product"}],"replies":[{"embeddable":true,"href":"https:\/\/www.lcdh-bonn.de\/zh\/wp-json\/wp\/v2\/comments?post=25609"}],"wp:featuredmedia":[{"embeddable":true,"href":"https:\/\/www.lcdh-bonn.de\/zh\/wp-json\/wp\/v2\/media\/35473"}],"wp:attachment":[{"href":"https:\/\/www.lcdh-bonn.de\/zh\/wp-json\/wp\/v2\/media?parent=25609"}],"wp:term":[{"taxonomy":"brand","embeddable":true,"href":"https:\/\/www.lcdh-bonn.de\/zh\/wp-json\/wp\/v2\/etheme_brands?post=25609"},{"taxonomy":"product_cat","embeddable":true,"href":"https:\/\/www.lcdh-bonn.de\/zh\/wp-json\/wp\/v2\/product_cat?post=25609"},{"taxonomy":"product_tag","embeddable":true,"href":"https:\/\/www.lcdh-bonn.de\/zh\/wp-json\/wp\/v2\/product_tag?post=25609"}],"curies":[{"name":"wp","href":"https:\/\/api.w.org\/{rel}","templated":true}]}}