{"id":25625,"date":"2022-08-02T19:54:13","date_gmt":"2022-08-02T17:54:13","guid":{"rendered":"https:\/\/torbru.athene.wpspace.me\/product\/cohiba-siglo-i-2\/"},"modified":"2026-04-09T15:10:19","modified_gmt":"2026-04-09T13:10:19","slug":"cohiba-linea-1492-siglo-serie-siglo-i","status":"publish","type":"product","link":"https:\/\/www.lcdh-bonn.de\/zh\/product\/cohiba-linea-1492-siglo-serie-siglo-i\/","title":{"rendered":"\u9ad8\u5e0c\u9738Linea 1492\uff5cSiglo\u7cfb\u5217Siglo I"},"content":{"rendered":"<p>Die Cohiba Siglo I verk\u00f6rpert die Essenz kubanischer Zigarrenkunst im eleganten Perlas-Format. Mit einer L\u00e4nge von 102 mm und einem Ringma\u00df von 40 pr\u00e4sentiert sie sich als perfekte Begleiterin f\u00fcr den 30- bis 45-min\u00fctigen Genussmoment.<\/p>\n<p>Diese handgefertigte Premiumzigarre aus der renommierten Cohiba-Manufaktur in El Laguito vereint ausschlie\u00dflich Tabake aus der Vuelta Abajo, Kubas prestigetr\u00e4chtigster Anbauregion. Die sorgf\u00e4ltig selektierten Tabakbl\u00e4tter durchlaufen die charakteristische dreifache Fermentation, die das Markenzeichen von Cohiba ist.<\/p>\n<ul style=\"margin-left:20px;\">\n\u2022 Format: Perlas (Vitola de Galera: Perlas)<br \/>\n\u2022 L\u00e4nge: 102 mm<br \/>\n\u2022 Ringma\u00df: 40<br \/>\n\u2022 St\u00e4rke: Medium<br \/>\n\u2022 Rauchdauer: 30-45 Minuten<br \/>\n\u2022 Herkunft: Kuba, Pinar del R\u00edo<br \/>\n\u2022 Verf\u00fcgbarkeit: 25er Kiste, 5er Schachtel, Einzeln\n<\/ul>\n<p>Kenner sch\u00e4tzen das komplexe Aromenprofil, das sich durch feine Noten von Zedernholz, ger\u00f6steten Mandeln und einem Hauch von Vanille auszeichnet. Im Rauchverlauf entwickelt sich eine angenehme Cremigkeit, die von dezenten Kakao- und Ledernuancen begleitet wird.<\/p>\n<p>Als Teil der 1992 eingef\u00fchrten Siglo-Serie ehrt diese Zigarre Kolumbus&#8217; Entdeckung der Neuen Welt. Sie eignet sich hervorragend als Einsteigerzigarre in die Cohiba-Welt oder als geschmackvoller Begleiter zum Nachmittagskaffee.<\/p>\n<p>Hersteller-\/Inverkehrbringerinformation:<br \/>\n5THAVENUE Products Trading-GmbH<br \/>\nSchwarzenbergstra\u00dfe 3-7<br \/>\nD-79761 Waldshut-Tiengen<br \/>\ninfo@5thAvenue.de<\/p>","protected":false},"excerpt":{"rendered":"<p>Die Cohiba Siglo I verk\u00f6rpert die Essenz kubanischer Zigarrenkunst im eleganten Perlas-Format. Mit einer L\u00e4nge von 102 mm und einem Ringma\u00df von 40 pr\u00e4sentiert sie sich als perfekte Begleiterin f\u00fcr den 30- bis 45-min\u00fctigen Genussmoment. Diese handgefertigte Premiumzigarre aus der renommierten Cohiba-Manufaktur in El Laguito vereint ausschlie\u00dflich Tabake aus der Vuelta Abajo, Kubas prestigetr\u00e4chtigster Anbauregion. Die sorgf\u00e4ltig selektierten Tabakbl\u00e4tter durchlaufen die charakteristische dreifache Fermentation, die das Markenzeichen von Cohiba ist. \u2022 Format: Perlas (Vitola de Galera: Perlas) \u2022 L\u00e4nge: 102&#8230;<\/p>","protected":false},"featured_media":35478,"comment_status":"closed","ping_status":"closed","template":"","meta":{"_acf_changed":false},"etheme_brands":[{"term_id":186,"name":"Cohiba","slug":"cohiba","term_group":0,"term_taxonomy_id":186,"taxonomy":"brand","description":"[elementor-template id=\"15563\"]","parent":0,"count":60,"filter":"raw"}],"product_cat":[168,169,140,516],"product_tag":[],"class_list":{"0":"post-25625","1":"product","2":"type-product","3":"status-publish","4":"has-post-thumbnail","6":"brand-cohiba","7":"product_cat-zigarren","8":"product_cat-cuba","9":"product_cat-cohiba","10":"product_cat-linea-1492-siglo","11":"pa_laenge-1177","12":"pa_orderable-no","13":"pa_ringmass-1174","14":"pa_verpackungseinheit-25er-kiste","15":"pa_verpackungseinheit-5er-schachtel","16":"pa_verpackungseinheit-einzeln","18":"first","19":"instock","20":"taxable","21":"shipping-taxable","22":"purchasable","23":"product-type-variable"},"acf":[],"_links":{"self":[{"href":"https:\/\/www.lcdh-bonn.de\/zh\/wp-json\/wp\/v2\/product\/25625","targetHints":{"allow":["GET"]}}],"collection":[{"href":"https:\/\/www.lcdh-bonn.de\/zh\/wp-json\/wp\/v2\/product"}],"about":[{"href":"https:\/\/www.lcdh-bonn.de\/zh\/wp-json\/wp\/v2\/types\/product"}],"replies":[{"embeddable":true,"href":"https:\/\/www.lcdh-bonn.de\/zh\/wp-json\/wp\/v2\/comments?post=25625"}],"wp:featuredmedia":[{"embeddable":true,"href":"https:\/\/www.lcdh-bonn.de\/zh\/wp-json\/wp\/v2\/media\/35478"}],"wp:attachment":[{"href":"https:\/\/www.lcdh-bonn.de\/zh\/wp-json\/wp\/v2\/media?parent=25625"}],"wp:term":[{"taxonomy":"brand","embeddable":true,"href":"https:\/\/www.lcdh-bonn.de\/zh\/wp-json\/wp\/v2\/etheme_brands?post=25625"},{"taxonomy":"product_cat","embeddable":true,"href":"https:\/\/www.lcdh-bonn.de\/zh\/wp-json\/wp\/v2\/product_cat?post=25625"},{"taxonomy":"product_tag","embeddable":true,"href":"https:\/\/www.lcdh-bonn.de\/zh\/wp-json\/wp\/v2\/product_tag?post=25625"}],"curies":[{"name":"wp","href":"https:\/\/api.w.org\/{rel}","templated":true}]}}