{"id":25759,"date":"2022-08-02T19:55:28","date_gmt":"2022-08-02T17:55:28","guid":{"rendered":"https:\/\/torbru.athene.wpspace.me\/product\/hoyo-de-monterrey-petit-robustos\/"},"modified":"2026-03-04T15:47:03","modified_gmt":"2026-03-04T13:47:03","slug":"hoyo-de-monterrey-linea-clasica-petit-robustos","status":"publish","type":"product","link":"https:\/\/www.lcdh-bonn.de\/zh\/product\/hoyo-de-monterrey-linea-clasica-petit-robustos\/","title":{"rendered":"Hoyo de Monterrey Linea Clasica Petit Robustos"},"content":{"rendered":"<p>Die Hoyo de Monterrey Petit Robustos verk\u00f6rpert kubanische Zigarrenkunst in kompakter Form. Diese elegante Vitola aus der traditionsreichen Linea Clasica pr\u00e4sentiert sich in einem klassischen Petit Robusto Format mit einer L\u00e4nge von 102 mm und einem Ringma\u00df von 50.<\/p>\n<p>Gefertigt in der renommierten Manufaktur La Corona in Havanna, vereint diese Zigarre ausgew\u00e4hlte Tabake aus der prestigetr\u00e4chtigen Vuelta Abajo Region. Die vollst\u00e4ndig handgefertigte Petit Robustos besticht durch ihre mild bis medium-kr\u00e4ftige Charakteristik.<\/p>\n<div style=\"text-align: center\"><strong>Produktdetails:<\/strong><br \/>\n\u2022 Format: Petit Robustos<br \/>\n\u2022 L\u00e4nge: 102 mm<br \/>\n\u2022 Ringma\u00df: 50<br \/>\n\u2022 St\u00e4rke: Mild bis Medium<br \/>\n\u2022 Rauchdauer: ca. 30-40 Minuten<br \/>\n\u2022 Herkunft: Kuba, Vuelta Abajo<\/div>\n<p>Kenner sch\u00e4tzen das komplexe Aromenprofil mit dezenten Noten von Zedernholz, cremiger Vanille und feinen Gew\u00fcrznuancen. Im Rauchverlauf entwickelt sich eine harmonische Balance zwischen w\u00fcrzigen und s\u00fc\u00dflichen Komponenten.<\/p>\n<p>Die 1865 gegr\u00fcndete Marke Hoyo de Monterrey verdankt ihren Namen dem ber\u00fchmten Tabakfeld &#8220;El Hoyo de Monterrey&#8221; im Herzen der Vuelta Abajo. Die Petit Robustos f\u00fchrt diese gro\u00dfe Tradition w\u00fcrdig fort.<\/p>\n<p>Erh\u00e4ltlich als:<br \/>\n&#8211; 25er Kiste<br \/>\n&#8211; 3er Schachtel<br \/>\n&#8211; Einzeln<\/p>\n<p>Perfekt geeignet f\u00fcr eine genussvolle Auszeit am Nachmittag oder als eleganter Abschluss eines Gesch\u00e4ftsessens. Eine exzellente Wahl sowohl f\u00fcr Einsteiger als auch f\u00fcr erfahrene Aficionados.<\/p>\n<p><small>Hersteller-\/Inverkehrbringerinformation:<br \/>\n5THAVENUE Products Trading-GmbH<br \/>\n<\/small><\/p>","protected":false},"excerpt":{"rendered":"<p>Die Hoyo de Monterrey Petit Robustos verk\u00f6rpert kubanische Zigarrenkunst in kompakter Form. Diese elegante Vitola aus der traditionsreichen Linea Clasica pr\u00e4sentiert sich in einem klassischen Petit Robusto Format mit einer L\u00e4nge von 102 mm und einem Ringma\u00df von 50. Gefertigt in der renommierten Manufaktur La Corona in Havanna, vereint diese Zigarre ausgew\u00e4hlte Tabake aus der prestigetr\u00e4chtigen Vuelta Abajo Region. Die vollst\u00e4ndig handgefertigte Petit Robustos besticht durch ihre mild bis medium-kr\u00e4ftige Charakteristik. Produktdetails: \u2022 Format: Petit Robustos \u2022 L\u00e4nge: 102 mm&#8230;<\/p>","protected":false},"featured_media":35514,"comment_status":"closed","ping_status":"closed","template":"","meta":{"_acf_changed":false},"etheme_brands":[{"term_id":192,"name":"Hoyo de Monterrey","slug":"hoyo-de-monterrey","term_group":0,"term_taxonomy_id":192,"taxonomy":"brand","description":"[elementor-template id=\"15563\"]","parent":0,"count":20,"filter":"raw"}],"product_cat":[168,169,146,585],"product_tag":[],"class_list":{"0":"post-25759","1":"product","2":"type-product","3":"status-publish","4":"has-post-thumbnail","6":"brand-hoyo-de-monterrey","7":"product_cat-zigarren","8":"product_cat-cuba","9":"product_cat-hoyo-de-monterrey","10":"product_cat-linea-clasica-hoyo-de-monterrey","11":"pa_laenge-778","12":"pa_orderable-no","13":"pa_ringmass-1174","14":"pa_verpackungseinheit-25er-kiste","15":"pa_verpackungseinheit-3er-schachtel","16":"pa_verpackungseinheit-einzeln","18":"first","19":"instock","20":"taxable","21":"shipping-taxable","22":"purchasable","23":"product-type-variable"},"acf":[],"_links":{"self":[{"href":"https:\/\/www.lcdh-bonn.de\/zh\/wp-json\/wp\/v2\/product\/25759","targetHints":{"allow":["GET"]}}],"collection":[{"href":"https:\/\/www.lcdh-bonn.de\/zh\/wp-json\/wp\/v2\/product"}],"about":[{"href":"https:\/\/www.lcdh-bonn.de\/zh\/wp-json\/wp\/v2\/types\/product"}],"replies":[{"embeddable":true,"href":"https:\/\/www.lcdh-bonn.de\/zh\/wp-json\/wp\/v2\/comments?post=25759"}],"wp:featuredmedia":[{"embeddable":true,"href":"https:\/\/www.lcdh-bonn.de\/zh\/wp-json\/wp\/v2\/media\/35514"}],"wp:attachment":[{"href":"https:\/\/www.lcdh-bonn.de\/zh\/wp-json\/wp\/v2\/media?parent=25759"}],"wp:term":[{"taxonomy":"brand","embeddable":true,"href":"https:\/\/www.lcdh-bonn.de\/zh\/wp-json\/wp\/v2\/etheme_brands?post=25759"},{"taxonomy":"product_cat","embeddable":true,"href":"https:\/\/www.lcdh-bonn.de\/zh\/wp-json\/wp\/v2\/product_cat?post=25759"},{"taxonomy":"product_tag","embeddable":true,"href":"https:\/\/www.lcdh-bonn.de\/zh\/wp-json\/wp\/v2\/product_tag?post=25759"}],"curies":[{"name":"wp","href":"https:\/\/api.w.org\/{rel}","templated":true}]}}