{"id":25842,"date":"2022-08-02T19:56:06","date_gmt":"2022-08-02T17:56:06","guid":{"rendered":"https:\/\/torbru.athene.wpspace.me\/product\/jose-l-piedra-conservas-auslauf\/"},"modified":"2026-01-29T12:25:37","modified_gmt":"2026-01-29T10:25:37","slug":"jose-l-piedra-conservas-auslauf","status":"publish","type":"product","link":"https:\/\/www.lcdh-bonn.de\/zh\/product\/jose-l-piedra-conservas-auslauf\/","title":{"rendered":"\u4f55\u585e-L-\u76ae\u8036\u5fb7\u62c9\u4fdd\u62a4\u533a\u51fa\u53e3"},"content":{"rendered":"<p>Die Jos\u00e9 L. Piedra Conservas verk\u00f6rpert die authentische Handwerkskunst der kubanischen Zigarrenherstellung. Im klassischen Corona-Format mit einer L\u00e4nge von 140 mm und einem Ringma\u00df von 44 pr\u00e4sentiert sie sich als idealer Begleiter f\u00fcr einen mittellangen Smoke von etwa 45-50 Minuten.<\/p>\n<p>Diese vollst\u00e4ndig handgefertigte Zigarre aus der Vuelta Arriba Region verwendet ausschlie\u00dflich kubanische Tabake. Kenner sch\u00e4tzen ihre mittelkr\u00e4ftige Charakteristik, die sich besonders f\u00fcr den fr\u00fchen Abend eignet.<\/p>\n<ul style=\"text-align: center;\">\n<li>Format: Corona<\/li>\n<li>L\u00e4nge: 140 mm<\/li>\n<li>Ringma\u00df: 44<\/li>\n<li>St\u00e4rke: Medium<\/li>\n<li>Herkunft: Cuba, Vuelta Arriba<\/li>\n<li>Rauchdauer: ca. 45-50 Minuten<\/li>\n<\/ul>\n<p>Erfahrene Aficionados berichten von erdigen Noten, unterlegt mit subtilen Ankl\u00e4ngen von Leder und Holz. Im Rauchverlauf entwickelt sich eine angenehme Komplexit\u00e4t, die von w\u00fcrzigen Nuancen getragen wird.<\/p>\n<p>Die Marke Jos\u00e9 L. Piedra, gegr\u00fcndet in den 1880er Jahren, steht f\u00fcr traditionelle kubanische Zigarrenkunst. Die Conservas \u00fcberzeugt dabei besonders durch ihr ausgewogenes Preis-Leistungs-Verh\u00e4ltnis.<\/p>\n<p>Erh\u00e4ltlich als:<br \/>\n&#8211; 25er Kiste<br \/>\n&#8211; 12er Kiste<br \/>\n&#8211; 5er Schachtel<br \/>\n&#8211; Einzeln<\/p>\n<p>Hersteller-\/Inverkehrbringerinformation:<br \/>\n5THAVENUE Products Trading-GmbH<br \/>\nSchwarzenbergstra\u00dfe 3-7<br \/>\nD-79761 Waldshut-Tiengen<br \/>\ninfo@5thAvenue.de<\/p>","protected":false},"excerpt":{"rendered":"<p>Die Jos\u00e9 L. Piedra Conservas verk\u00f6rpert die authentische Handwerkskunst der kubanischen Zigarrenherstellung. Im klassischen Corona-Format mit einer L\u00e4nge von 140 mm und einem Ringma\u00df von 44 pr\u00e4sentiert sie sich als idealer Begleiter f\u00fcr einen mittellangen Smoke von etwa 45-50 Minuten. Diese vollst\u00e4ndig handgefertigte Zigarre aus der Vuelta Arriba Region verwendet ausschlie\u00dflich kubanische Tabake. Kenner sch\u00e4tzen ihre mittelkr\u00e4ftige Charakteristik, die sich besonders f\u00fcr den fr\u00fchen Abend eignet. Format: Corona L\u00e4nge: 140 mm Ringma\u00df: 44 St\u00e4rke: Medium Herkunft: Cuba, Vuelta Arriba Rauchdauer:&#8230;<\/p>","protected":false},"featured_media":0,"comment_status":"closed","ping_status":"open","template":"","meta":{"_acf_changed":false},"etheme_brands":[{"term_id":194,"name":"Jos\u00e9 L. Piedra","slug":"jose-l-piedra","term_group":0,"term_taxonomy_id":194,"taxonomy":"brand","description":"[elementor-template id=\"15563\"]","parent":0,"count":7,"filter":"raw"}],"product_cat":[168,169,148],"product_tag":[],"class_list":{"0":"post-25842","1":"product","2":"type-product","3":"status-publish","5":"brand-jose-l-piedra","6":"product_cat-zigarren","7":"product_cat-cuba","8":"product_cat-jose-l-piedra","9":"pa_laenge-1196","10":"pa_orderable-no","11":"pa_ringmass-1178","12":"pa_verpackungseinheit-12er-kiste","13":"pa_verpackungseinheit-25er-kiste","14":"pa_verpackungseinheit-5er-schachtel","15":"pa_verpackungseinheit-einzeln","17":"first","18":"outofstock","19":"taxable","20":"shipping-taxable","21":"product-type-variable"},"acf":[],"_links":{"self":[{"href":"https:\/\/www.lcdh-bonn.de\/zh\/wp-json\/wp\/v2\/product\/25842","targetHints":{"allow":["GET"]}}],"collection":[{"href":"https:\/\/www.lcdh-bonn.de\/zh\/wp-json\/wp\/v2\/product"}],"about":[{"href":"https:\/\/www.lcdh-bonn.de\/zh\/wp-json\/wp\/v2\/types\/product"}],"replies":[{"embeddable":true,"href":"https:\/\/www.lcdh-bonn.de\/zh\/wp-json\/wp\/v2\/comments?post=25842"}],"wp:attachment":[{"href":"https:\/\/www.lcdh-bonn.de\/zh\/wp-json\/wp\/v2\/media?parent=25842"}],"wp:term":[{"taxonomy":"brand","embeddable":true,"href":"https:\/\/www.lcdh-bonn.de\/zh\/wp-json\/wp\/v2\/etheme_brands?post=25842"},{"taxonomy":"product_cat","embeddable":true,"href":"https:\/\/www.lcdh-bonn.de\/zh\/wp-json\/wp\/v2\/product_cat?post=25842"},{"taxonomy":"product_tag","embeddable":true,"href":"https:\/\/www.lcdh-bonn.de\/zh\/wp-json\/wp\/v2\/product_tag?post=25842"}],"curies":[{"name":"wp","href":"https:\/\/api.w.org\/{rel}","templated":true}]}}