{"id":25864,"date":"2022-08-02T19:56:45","date_gmt":"2022-08-02T17:56:45","guid":{"rendered":"https:\/\/torbru.athene.wpspace.me\/product\/juan-lopez-seleccion-no-2\/"},"modified":"2026-02-27T17:34:48","modified_gmt":"2026-02-27T15:34:48","slug":"juan-lopez-seleccion-no-2","status":"publish","type":"product","link":"https:\/\/www.lcdh-bonn.de\/zh\/product\/juan-lopez-seleccion-no-2\/","title":{"rendered":"Juan Lopez Selecci\u00f3n No.2"},"content":{"rendered":"<p>Die Juan Lopez Selecci\u00f3n No. 2 verk\u00f6rpert die Essenz kubanischer Zigarrenkunst im beliebten Robustos-Format. Mit einer L\u00e4nge von 124 mm und einem Ringma\u00df von 50 pr\u00e4sentiert sie sich als idealer Begleiter f\u00fcr einen genussvollen Smoke von etwa 45-60 Minuten.<\/p>\n<p>Kenner sch\u00e4tzen die ausgewogene Kombination erlesener Tabake aus der Vuelta Abajo Region, die dieser mittelkr\u00e4ftigen Habano ihren unverwechselbaren Charakter verleihen. Erfahrene Aficionados berichten von einem komplexen Aromenspektrum mit Noten von ger\u00f6steten N\u00fcssen, feiner W\u00fcrze und subtilen Ankl\u00e4ngen von Kakao und Leder.<\/p>\n<div style=\"text-align: center; margin: 20px 0;\">\n\u2022 Format: Robustos<br \/>\n\u2022 L\u00e4nge: 124 mm<br \/>\n\u2022 Ringma\u00df: 50<br \/>\n\u2022 St\u00e4rke: Medium<br \/>\n\u2022 Herkunft: Kuba, Vuelta Abajo<br \/>\n\u2022 Rauchdauer: 45-60 Minuten\n<\/div>\n<p>Die 1876 gegr\u00fcndete Marke Juan Lopez steht f\u00fcr handgefertigte Premiumzigarren der Extraklasse. Die Selecci\u00f3n No. 2 entwickelt im Rauchverlauf eine angenehme Cremigkeit und \u00fcberrascht mit einer harmonischen Intensivierung der Aromen im letzten Drittel.<\/p>\n<p>Erh\u00e4ltlich als 25er Kiste oder als Einzelst\u00fcck, eignet sich diese Habano hervorragend f\u00fcr entspannte Abendstunden, gesch\u00e4ftliche Zusammenk\u00fcnfte oder besondere Anl\u00e4sse, die nach kubanischer Finesse verlangen.<\/p>\n<p>Hersteller-\/Inverkehrbringerinformation:<br \/>\n5THAVENUE Products Trading-GmbH<br \/>\nSchwarzenbergstra\u00dfe 3-7<br \/>\nD-79761 Waldshut-Tiengen<br \/>\ninfo@5thAvenue.de<\/p>","protected":false},"excerpt":{"rendered":"<p>Die Juan Lopez Selecci\u00f3n No. 2 verk\u00f6rpert die Essenz kubanischer Zigarrenkunst im beliebten Robustos-Format. Mit einer L\u00e4nge von 124 mm und einem Ringma\u00df von 50 pr\u00e4sentiert sie sich als idealer Begleiter f\u00fcr einen genussvollen Smoke von etwa 45-60 Minuten. Kenner sch\u00e4tzen die ausgewogene Kombination erlesener Tabake aus der Vuelta Abajo Region, die dieser mittelkr\u00e4ftigen Habano ihren unverwechselbaren Charakter verleihen. Erfahrene Aficionados berichten von einem komplexen Aromenspektrum mit Noten von ger\u00f6steten N\u00fcssen, feiner W\u00fcrze und subtilen Ankl\u00e4ngen von Kakao und Leder&#8230;.<\/p>","protected":false},"featured_media":35539,"comment_status":"closed","ping_status":"closed","template":"","meta":{"_acf_changed":false},"etheme_brands":[{"term_id":195,"name":"Juan Lopez","slug":"juan-lopez","term_group":0,"term_taxonomy_id":195,"taxonomy":"brand","description":"[elementor-template id=\"15563\"]","parent":0,"count":2,"filter":"raw"}],"product_cat":[168,169,149],"product_tag":[],"class_list":{"0":"post-25864","1":"product","2":"type-product","3":"status-publish","4":"has-post-thumbnail","6":"brand-juan-lopez","7":"product_cat-zigarren","8":"product_cat-cuba","9":"product_cat-juan-lopez","10":"pa_laenge-778","11":"pa_orderable-no","12":"pa_ringmass-1180","13":"pa_verpackungseinheit-25er-kiste","14":"pa_verpackungseinheit-einzeln","16":"first","17":"instock","18":"taxable","19":"shipping-taxable","20":"product-type-variable"},"acf":[],"_links":{"self":[{"href":"https:\/\/www.lcdh-bonn.de\/zh\/wp-json\/wp\/v2\/product\/25864","targetHints":{"allow":["GET"]}}],"collection":[{"href":"https:\/\/www.lcdh-bonn.de\/zh\/wp-json\/wp\/v2\/product"}],"about":[{"href":"https:\/\/www.lcdh-bonn.de\/zh\/wp-json\/wp\/v2\/types\/product"}],"replies":[{"embeddable":true,"href":"https:\/\/www.lcdh-bonn.de\/zh\/wp-json\/wp\/v2\/comments?post=25864"}],"wp:featuredmedia":[{"embeddable":true,"href":"https:\/\/www.lcdh-bonn.de\/zh\/wp-json\/wp\/v2\/media\/35539"}],"wp:attachment":[{"href":"https:\/\/www.lcdh-bonn.de\/zh\/wp-json\/wp\/v2\/media?parent=25864"}],"wp:term":[{"taxonomy":"brand","embeddable":true,"href":"https:\/\/www.lcdh-bonn.de\/zh\/wp-json\/wp\/v2\/etheme_brands?post=25864"},{"taxonomy":"product_cat","embeddable":true,"href":"https:\/\/www.lcdh-bonn.de\/zh\/wp-json\/wp\/v2\/product_cat?post=25864"},{"taxonomy":"product_tag","embeddable":true,"href":"https:\/\/www.lcdh-bonn.de\/zh\/wp-json\/wp\/v2\/product_tag?post=25864"}],"curies":[{"name":"wp","href":"https:\/\/api.w.org\/{rel}","templated":true}]}}