{"id":25921,"date":"2022-08-02T19:56:45","date_gmt":"2022-08-02T17:56:45","guid":{"rendered":"https:\/\/torbru.athene.wpspace.me\/product\/montecristo-no-2\/"},"modified":"2026-03-03T16:15:39","modified_gmt":"2026-03-03T14:15:39","slug":"montecristo-linea-clasica-no-2","status":"publish","type":"product","link":"https:\/\/www.lcdh-bonn.de\/zh\/product\/montecristo-linea-clasica-no-2\/","title":{"rendered":"Montecristo Linea Clasica No.2"},"content":{"rendered":"<p>Die Montecristo No. 2 ist eine der begehrtesten kubanischen Zigarren weltweit und gilt als Ma\u00dfstab f\u00fcr das Piramides-Format. Handgefertigt in der renommierten H.Upmann Manufaktur in Havanna, vereint sie die feinsten Tabake der Vuelta Abajo Region.<\/p>\n<p>Kenner sch\u00e4tzen die perfekte Balance zwischen Kraft und Eleganz dieser 156 mm langen Zigarre mit einem Ringma\u00df von 52. Die Tabakmischung aus ausgew\u00e4hlten Seco-, Volado- und Ligero-Bl\u00e4ttern verspricht ein mittelkr\u00e4ftiges bis kr\u00e4ftiges Rauchvergn\u00fcgen von etwa 60-75 Minuten.<\/p>\n<ul style=\"margin-left: 20px;\">\n\u2022 Format: Piramides<br \/>\n\u2022 L\u00e4nge: 156 mm<br \/>\n\u2022 Ringma\u00df: 52<br \/>\n\u2022 St\u00e4rke: mittelkr\u00e4ftig bis kr\u00e4ftig<br \/>\n\u2022 Rauchdauer: 60-75 Minuten<br \/>\n\u2022 Herkunft: Kuba, Vuelta Abajo\n<\/ul>\n<p>Erfahrene Aficionados berichten von einem komplexen Aromenprofil mit Noten von dunkler Schokolade, ger\u00f6steten N\u00fcssen und feinen Gew\u00fcrzen. Im Rauchverlauf entwickelt sich eine cremige Textur mit zunehmender Intensit\u00e4t und subtilen Kaffee- und Ledernuancen.<\/p>\n<p>Die Geschichte der Marke reicht bis ins Jahr 1935 zur\u00fcck, als Alonso Men\u00e9ndez die Marke nach dem Roman &#8220;Der Graf von Monte Cristo&#8221; benannte. Heute steht Montecristo f\u00fcr kubanische Zigarrenkunst auf h\u00f6chstem Niveau.<\/p>\n<p>Erh\u00e4ltlich als:<br \/>\n\u2022 25er Kiste<br \/>\n\u2022 10er Kiste<br \/>\n\u2022 3er Schachtel<br \/>\n\u2022 Einzeln<\/p>\n<p>Perfekt geeignet f\u00fcr besondere Anl\u00e4sse, kontemplative Abende oder als kr\u00f6nender Abschluss eines gelungenen Dinners.<\/p>\n<p>Hersteller-\/Inverkehrbringerinformation:<br \/>\n5THAVENUE Products Trading-GmbH<br \/>\nSchwarzenbergstra\u00dfe<\/p>","protected":false},"excerpt":{"rendered":"<p>Die Montecristo No. 2 ist eine der begehrtesten kubanischen Zigarren weltweit und gilt als Ma\u00dfstab f\u00fcr das Piramides-Format. Handgefertigt in der renommierten H.Upmann Manufaktur in Havanna, vereint sie die feinsten Tabake der Vuelta Abajo Region. Kenner sch\u00e4tzen die perfekte Balance zwischen Kraft und Eleganz dieser 156 mm langen Zigarre mit einem Ringma\u00df von 52. Die Tabakmischung aus ausgew\u00e4hlten Seco-, Volado- und Ligero-Bl\u00e4ttern verspricht ein mittelkr\u00e4ftiges bis kr\u00e4ftiges Rauchvergn\u00fcgen von etwa 60-75 Minuten. \u2022 Format: Piramides \u2022 L\u00e4nge: 156 mm \u2022&#8230;<\/p>","protected":false},"featured_media":35552,"comment_status":"closed","ping_status":"closed","template":"","meta":{"_acf_changed":false},"etheme_brands":[{"term_id":198,"name":"Montecristo","slug":"montecristo","term_group":0,"term_taxonomy_id":198,"taxonomy":"brand","description":"[elementor-template id=\"15563\"]","parent":0,"count":47,"filter":"raw"}],"product_cat":[168,169,152,587],"product_tag":[],"class_list":{"0":"post-25921","1":"product","2":"type-product","3":"status-publish","4":"has-post-thumbnail","6":"brand-montecristo","7":"product_cat-zigarren","8":"product_cat-cuba","9":"product_cat-montecristo","10":"product_cat-linea-clasica-montecristo","11":"pa_laenge-1166","12":"pa_orderable-no","13":"pa_ringmass-1201","14":"pa_verpackungseinheit-10er-kiste","15":"pa_verpackungseinheit-25er-kiste","16":"pa_verpackungseinheit-3er-schachtel","17":"pa_verpackungseinheit-einzeln","19":"first","20":"instock","21":"taxable","22":"shipping-taxable","23":"product-type-variable"},"acf":[],"_links":{"self":[{"href":"https:\/\/www.lcdh-bonn.de\/zh\/wp-json\/wp\/v2\/product\/25921","targetHints":{"allow":["GET"]}}],"collection":[{"href":"https:\/\/www.lcdh-bonn.de\/zh\/wp-json\/wp\/v2\/product"}],"about":[{"href":"https:\/\/www.lcdh-bonn.de\/zh\/wp-json\/wp\/v2\/types\/product"}],"replies":[{"embeddable":true,"href":"https:\/\/www.lcdh-bonn.de\/zh\/wp-json\/wp\/v2\/comments?post=25921"}],"wp:featuredmedia":[{"embeddable":true,"href":"https:\/\/www.lcdh-bonn.de\/zh\/wp-json\/wp\/v2\/media\/35552"}],"wp:attachment":[{"href":"https:\/\/www.lcdh-bonn.de\/zh\/wp-json\/wp\/v2\/media?parent=25921"}],"wp:term":[{"taxonomy":"brand","embeddable":true,"href":"https:\/\/www.lcdh-bonn.de\/zh\/wp-json\/wp\/v2\/etheme_brands?post=25921"},{"taxonomy":"product_cat","embeddable":true,"href":"https:\/\/www.lcdh-bonn.de\/zh\/wp-json\/wp\/v2\/product_cat?post=25921"},{"taxonomy":"product_tag","embeddable":true,"href":"https:\/\/www.lcdh-bonn.de\/zh\/wp-json\/wp\/v2\/product_tag?post=25921"}],"curies":[{"name":"wp","href":"https:\/\/api.w.org\/{rel}","templated":true}]}}