{"id":25930,"date":"2022-08-02T19:57:24","date_gmt":"2022-08-02T17:57:24","guid":{"rendered":"https:\/\/torbru.athene.wpspace.me\/product\/montecristo-no-4\/"},"modified":"2026-03-03T18:52:38","modified_gmt":"2026-03-03T16:52:38","slug":"montecristo-linea-clasica-no-4","status":"publish","type":"product","link":"https:\/\/www.lcdh-bonn.de\/zh\/product\/montecristo-linea-clasica-no-4\/","title":{"rendered":"Montecristo Linea Clasica No.4"},"content":{"rendered":"<p>Die Montecristo No. 4 verk\u00f6rpert kubanische Zigarrenkunst in ihrer reinsten Form. Im klassischen Marevas-Format gefertigt, pr\u00e4sentiert sich diese Habano mit einer L\u00e4nge von 129 mm und einem Ringma\u00df von 42.<\/p>\n<p>Handgefertigt in der renommierten Manufaktur H.Upmann in Havanna, vereint sie ausschlie\u00dflich Tabake aus der prestigetr\u00e4chtigen Vuelta Abajo Region. Die sorgf\u00e4ltig selektierten Einlagetabake und das edle Umblatt werden von einem \u00f6lig gl\u00e4nzenden Deckblatt umh\u00fcllt.<\/p>\n<ul style=\"margin-left: 20px;\">\n\u2022 Format: Marevas (Petit Corona)<br \/>\n\u2022 L\u00e4nge: 129 mm<br \/>\n\u2022 Ringma\u00df: 42<br \/>\n\u2022 St\u00e4rke: Medium bis kr\u00e4ftig<br \/>\n\u2022 Rauchdauer: ca. 45 Minuten<br \/>\n\u2022 Herkunft: Kuba, Vuelta Abajo<br \/>\n\u2022 Verpackungseinheiten: 25er Kiste, 10er Kiste, 5er Schachtel, 3er Schachtel, Einzeln\n<\/ul>\n<p>Kenner sch\u00e4tzen das komplexe Aromenprofil mit Noten von ger\u00f6steten N\u00fcssen, dunkler Schokolade und feinen Gew\u00fcrzen. Im Rauchverlauf entwickelt sich eine harmonische Balance zwischen erdigen Komponenten und subtilen Kaffee-Aromen.<\/p>\n<p>Die Geschichte der Marke reicht bis ins Jahr 1935 zur\u00fcck, als Alonso Men\u00e9ndez die Marke nach dem Roman &#8220;Der Graf von Monte Cristo&#8221; benannte. Heute z\u00e4hlt die No. 4 zu den meistverkauften Habanos weltweit.<\/p>\n<p>Perfekt geeignet f\u00fcr einen entspannten Nachmittagsgenuss oder als eleganter Abschluss eines gelungenen Dinners.<\/p>\n<p><small>Hersteller-\/Inverkehrbringerinformation:<br \/>\n5THAVENUE Products Trading-GmbH<br \/>\nSchwarzenbergstra\u00dfe 3-7<br \/>\nD-79761 Waldshut-Tiengen<br \/>\ninfo@5thAvenue.de<\/small><\/p>","protected":false},"excerpt":{"rendered":"<p>Die Montecristo No. 4 verk\u00f6rpert kubanische Zigarrenkunst in ihrer reinsten Form. Im klassischen Marevas-Format gefertigt, pr\u00e4sentiert sich diese Habano mit einer L\u00e4nge von 129 mm und einem Ringma\u00df von 42. Handgefertigt in der renommierten Manufaktur H.Upmann in Havanna, vereint sie ausschlie\u00dflich Tabake aus der prestigetr\u00e4chtigen Vuelta Abajo Region. Die sorgf\u00e4ltig selektierten Einlagetabake und das edle Umblatt werden von einem \u00f6lig gl\u00e4nzenden Deckblatt umh\u00fcllt. \u2022 Format: Marevas (Petit Corona) \u2022 L\u00e4nge: 129 mm \u2022 Ringma\u00df: 42 \u2022 St\u00e4rke: Medium bis kr\u00e4ftig&#8230;<\/p>","protected":false},"featured_media":0,"comment_status":"closed","ping_status":"closed","template":"","meta":{"_acf_changed":false},"etheme_brands":[{"term_id":198,"name":"Montecristo","slug":"montecristo","term_group":0,"term_taxonomy_id":198,"taxonomy":"brand","description":"[elementor-template id=\"15563\"]","parent":0,"count":47,"filter":"raw"}],"product_cat":[168,169,152,587],"product_tag":[],"class_list":{"0":"post-25930","1":"product","2":"type-product","3":"status-publish","5":"brand-montecristo","6":"product_cat-zigarren","7":"product_cat-cuba","8":"product_cat-montecristo","9":"product_cat-linea-clasica-montecristo","10":"pa_laenge-1176","11":"pa_orderable-no","12":"pa_ringmass-1216","13":"pa_verpackungseinheit-10er-kiste","14":"pa_verpackungseinheit-25er-kiste","15":"pa_verpackungseinheit-3er-schachtel","16":"pa_verpackungseinheit-5er-schachtel","17":"pa_verpackungseinheit-einzeln","19":"first","20":"instock","21":"taxable","22":"shipping-taxable","23":"product-type-variable"},"acf":[],"_links":{"self":[{"href":"https:\/\/www.lcdh-bonn.de\/zh\/wp-json\/wp\/v2\/product\/25930","targetHints":{"allow":["GET"]}}],"collection":[{"href":"https:\/\/www.lcdh-bonn.de\/zh\/wp-json\/wp\/v2\/product"}],"about":[{"href":"https:\/\/www.lcdh-bonn.de\/zh\/wp-json\/wp\/v2\/types\/product"}],"replies":[{"embeddable":true,"href":"https:\/\/www.lcdh-bonn.de\/zh\/wp-json\/wp\/v2\/comments?post=25930"}],"wp:attachment":[{"href":"https:\/\/www.lcdh-bonn.de\/zh\/wp-json\/wp\/v2\/media?parent=25930"}],"wp:term":[{"taxonomy":"brand","embeddable":true,"href":"https:\/\/www.lcdh-bonn.de\/zh\/wp-json\/wp\/v2\/etheme_brands?post=25930"},{"taxonomy":"product_cat","embeddable":true,"href":"https:\/\/www.lcdh-bonn.de\/zh\/wp-json\/wp\/v2\/product_cat?post=25930"},{"taxonomy":"product_tag","embeddable":true,"href":"https:\/\/www.lcdh-bonn.de\/zh\/wp-json\/wp\/v2\/product_tag?post=25930"}],"curies":[{"name":"wp","href":"https:\/\/api.w.org\/{rel}","templated":true}]}}