{"id":25970,"date":"2022-08-02T19:57:24","date_gmt":"2022-08-02T17:57:24","guid":{"rendered":"https:\/\/torbru.athene.wpspace.me\/product\/montecristo-regata\/"},"modified":"2026-03-05T01:31:41","modified_gmt":"2026-03-04T23:31:41","slug":"montecristo-open-regata","status":"publish","type":"product","link":"https:\/\/www.lcdh-bonn.de\/zh\/product\/montecristo-open-regata\/","title":{"rendered":"\u8499\u7279\u514b\u91cc\u65af\u6258 OPEN Regata"},"content":{"rendered":"<p>Die Montecristo OPEN Regata verk\u00f6rpert die moderne Interpretation der legend\u00e4ren kubanischen Zigarrentradition. Im klassischen Forum-Format mit einer L\u00e4nge von 135 mm und einem Ringma\u00df von 46 pr\u00e4sentiert sie sich als ideale Wahl f\u00fcr einen 45-min\u00fctigen Rauchgenuss.<\/p>\n<p>Diese handgefertigte Habano aus 100% kubanischem Tabak der Region Pinar del R\u00edo besticht durch ihre ausgewogene mittelkr\u00e4ftige Charakteristik. Kenner sch\u00e4tzen sie als perfekten Begleiter f\u00fcr Einsteiger und erfahrene Aficionados gleicherma\u00dfen.<\/p>\n<div style=\"text-align: center;\">\n<strong>Produktdetails:<\/strong><br \/>\n\u2022 Format: Forum<br \/>\n\u2022 L\u00e4nge: 135 mm<br \/>\n\u2022 Ringma\u00df: 46<br \/>\n\u2022 St\u00e4rke: Medium<br \/>\n\u2022 Herkunft: Kuba, Pinar del R\u00edo<br \/>\n\u2022 Rauchdauer: ca. 45 Minuten\n<\/div>\n<p>Erfahrene Genie\u00dfer berichten von einem komplexen Aromenprofil mit Noten von ger\u00f6steten N\u00fcssen, feiner Holzw\u00fcrze und einem Hauch von Kakao. Im Rauchverlauf entwickelt sich eine angenehme Cremigkeit, die von dezenten Ledernuancen begleitet wird.<\/p>\n<p>Als Teil der innovativen OPEN Serie von Montecristo, die 2009 eingef\u00fchrt wurde, verk\u00f6rpert die Regata den zeitgem\u00e4\u00dfen Lifestyle-Charakter dieser traditionsreichen Marke. Sie eignet sich hervorragend f\u00fcr entspannte Nachmittage, Golfplatzbesuche oder gesellige Runden.<\/p>\n<p>Erh\u00e4ltlich als Einzelzigarre oder in der eleganten 20er Kiste.<\/p>\n<p>Hersteller-\/Inverkehrbringerinformation:<br \/>\n5THAVENUE Products Trading-GmbH<br \/>\nSchwarzenbergstra\u00dfe 3-7<br \/>\nD-79761 Waldshut-Tiengen<br \/>\ninfo@5thAvenue.de<\/p>","protected":false},"excerpt":{"rendered":"<p>Die Montecristo OPEN Regata verk\u00f6rpert die moderne Interpretation der legend\u00e4ren kubanischen Zigarrentradition. Im klassischen Forum-Format mit einer L\u00e4nge von 135 mm und einem Ringma\u00df von 46 pr\u00e4sentiert sie sich als ideale Wahl f\u00fcr einen 45-min\u00fctigen Rauchgenuss. Diese handgefertigte Habano aus 100% kubanischem Tabak der Region Pinar del R\u00edo besticht durch ihre ausgewogene mittelkr\u00e4ftige Charakteristik. Kenner sch\u00e4tzen sie als perfekten Begleiter f\u00fcr Einsteiger und erfahrene Aficionados gleicherma\u00dfen. Produktdetails: \u2022 Format: Forum \u2022 L\u00e4nge: 135 mm \u2022 Ringma\u00df: 46 \u2022 St\u00e4rke: Medium&#8230;<\/p>","protected":false},"featured_media":35560,"comment_status":"closed","ping_status":"closed","template":"","meta":{"_acf_changed":false},"etheme_brands":[{"term_id":198,"name":"Montecristo","slug":"montecristo","term_group":0,"term_taxonomy_id":198,"taxonomy":"brand","description":"[elementor-template id=\"15563\"]","parent":0,"count":47,"filter":"raw"}],"product_cat":[168,169,152,523],"product_tag":[],"class_list":{"0":"post-25970","1":"product","2":"type-product","3":"status-publish","4":"has-post-thumbnail","6":"brand-montecristo","7":"product_cat-zigarren","8":"product_cat-cuba","9":"product_cat-montecristo","10":"product_cat-open","11":"pa_laenge-1185","12":"pa_orderable-no","13":"pa_ringmass-1251","14":"pa_verpackungseinheit-20er-kiste","15":"pa_verpackungseinheit-einzeln","17":"first","18":"instock","19":"taxable","20":"shipping-taxable","21":"product-type-variable"},"acf":[],"_links":{"self":[{"href":"https:\/\/www.lcdh-bonn.de\/zh\/wp-json\/wp\/v2\/product\/25970","targetHints":{"allow":["GET"]}}],"collection":[{"href":"https:\/\/www.lcdh-bonn.de\/zh\/wp-json\/wp\/v2\/product"}],"about":[{"href":"https:\/\/www.lcdh-bonn.de\/zh\/wp-json\/wp\/v2\/types\/product"}],"replies":[{"embeddable":true,"href":"https:\/\/www.lcdh-bonn.de\/zh\/wp-json\/wp\/v2\/comments?post=25970"}],"wp:featuredmedia":[{"embeddable":true,"href":"https:\/\/www.lcdh-bonn.de\/zh\/wp-json\/wp\/v2\/media\/35560"}],"wp:attachment":[{"href":"https:\/\/www.lcdh-bonn.de\/zh\/wp-json\/wp\/v2\/media?parent=25970"}],"wp:term":[{"taxonomy":"brand","embeddable":true,"href":"https:\/\/www.lcdh-bonn.de\/zh\/wp-json\/wp\/v2\/etheme_brands?post=25970"},{"taxonomy":"product_cat","embeddable":true,"href":"https:\/\/www.lcdh-bonn.de\/zh\/wp-json\/wp\/v2\/product_cat?post=25970"},{"taxonomy":"product_tag","embeddable":true,"href":"https:\/\/www.lcdh-bonn.de\/zh\/wp-json\/wp\/v2\/product_tag?post=25970"}],"curies":[{"name":"wp","href":"https:\/\/api.w.org\/{rel}","templated":true}]}}