{"id":25973,"date":"2022-08-02T19:57:24","date_gmt":"2022-08-02T17:57:24","guid":{"rendered":"https:\/\/torbru.athene.wpspace.me\/product\/montecristo-regata-a-t\/"},"modified":"2026-01-14T19:09:26","modified_gmt":"2026-01-14T17:09:26","slug":"montecristo-open-regata-a-t","status":"publish","type":"product","link":"https:\/\/www.lcdh-bonn.de\/zh\/product\/montecristo-open-regata-a-t\/","title":{"rendered":"\u8499\u7279\u514b\u91cc\u65af\u6258 OPEN Regata A\/T"},"content":{"rendered":"<p>Die Montecristo OPEN Regata A\/T verk\u00f6rpert die moderne Interpretation der legend\u00e4ren kubanischen Zigarrentradition. Im klassischen Forum Petit Robusto mit einer L\u00e4nge von 135 mm und einem Ringma\u00df von 46 pr\u00e4sentiert sie sich als idealer Begleiter f\u00fcr den zeitgem\u00e4\u00dfen Aficionado.<\/p>\n<p>Kenner sch\u00e4tzen die ausgewogene Komposition erlesener Tabake aus der Vuelta Abajo Region, die dieser mittelkr\u00e4ftigen Habano ihren unverwechselbaren Charakter verleihen. Erfahrene Genie\u00dfer berichten von einem harmonischen Zusammenspiel aus Zedernholz, ger\u00f6steten N\u00fcssen und feinen Kakao-Noten, die sich im etwa 45-min\u00fctigen Rauchverlauf elegant entfalten.<\/p>\n<ul style=\"text-align: center;\">\n<li>Format: Petit Robusto<\/li>\n<li>L\u00e4nge: 135 mm<\/li>\n<li>Ringma\u00df: 46<\/li>\n<li>St\u00e4rke: Medium<\/li>\n<li>Herkunft: Kuba, Vuelta Abajo<\/li>\n<li>Rauchdauer: ca. 45 Minuten<\/li>\n<\/ul>\n<p>Die OPEN Serie von Montecristo, 2009 eingef\u00fchrt, richtet sich an moderne Genie\u00dfer, die das Leben im Freien zelebrieren. Die Regata A\/T \u00fcberzeugt dabei besonders durch ihr ausgewogenes Geschmacksprofil und die praktische Aluminium-Tube, die perfekten Schutz f\u00fcr unterwegs bietet.<\/p>\n<p>Erh\u00e4ltlich als Einzelzigarre oder in der eleganten 3er-Schachtel, eignet sich diese Habano hervorragend f\u00fcr entspannte Momente auf der Terrasse, beim Golf oder als geschmackvoller Begleiter zu einem guten Gespr\u00e4ch.<\/p>\n<p>Hersteller-\/Inverkehrbringerinformation:<br \/>\n5THAVENUE Products Trading-GmbH<br \/>\nSchwarzenbergstra\u00dfe 3-7<br \/>\nD-79761 Waldshut-Tiengen<br \/>\ninfo@5thAvenue.de<\/p>","protected":false},"excerpt":{"rendered":"<p>Die Montecristo OPEN Regata A\/T verk\u00f6rpert die moderne Interpretation der legend\u00e4ren kubanischen Zigarrentradition. Im klassischen Forum Petit Robusto mit einer L\u00e4nge von 135 mm und einem Ringma\u00df von 46 pr\u00e4sentiert sie sich als idealer Begleiter f\u00fcr den zeitgem\u00e4\u00dfen Aficionado. Kenner sch\u00e4tzen die ausgewogene Komposition erlesener Tabake aus der Vuelta Abajo Region, die dieser mittelkr\u00e4ftigen Habano ihren unverwechselbaren Charakter verleihen. Erfahrene Genie\u00dfer berichten von einem harmonischen Zusammenspiel aus Zedernholz, ger\u00f6steten N\u00fcssen und feinen Kakao-Noten, die sich im etwa 45-min\u00fctigen Rauchverlauf elegant&#8230;<\/p>","protected":false},"featured_media":35561,"comment_status":"closed","ping_status":"closed","template":"","meta":{"_acf_changed":false},"etheme_brands":[{"term_id":198,"name":"Montecristo","slug":"montecristo","term_group":0,"term_taxonomy_id":198,"taxonomy":"brand","description":"[elementor-template id=\"15563\"]","parent":0,"count":47,"filter":"raw"}],"product_cat":[168,169,152,523],"product_tag":[],"class_list":{"0":"post-25973","1":"product","2":"type-product","3":"status-publish","4":"has-post-thumbnail","6":"brand-montecristo","7":"product_cat-zigarren","8":"product_cat-cuba","9":"product_cat-montecristo","10":"product_cat-open","11":"pa_laenge-1185","12":"pa_orderable-no","13":"pa_ringmass-1251","14":"pa_verpackungseinheit-3er-schachtel","15":"pa_verpackungseinheit-einzeln","17":"first","18":"outofstock","19":"taxable","20":"shipping-taxable","21":"product-type-variable"},"acf":[],"_links":{"self":[{"href":"https:\/\/www.lcdh-bonn.de\/zh\/wp-json\/wp\/v2\/product\/25973","targetHints":{"allow":["GET"]}}],"collection":[{"href":"https:\/\/www.lcdh-bonn.de\/zh\/wp-json\/wp\/v2\/product"}],"about":[{"href":"https:\/\/www.lcdh-bonn.de\/zh\/wp-json\/wp\/v2\/types\/product"}],"replies":[{"embeddable":true,"href":"https:\/\/www.lcdh-bonn.de\/zh\/wp-json\/wp\/v2\/comments?post=25973"}],"wp:featuredmedia":[{"embeddable":true,"href":"https:\/\/www.lcdh-bonn.de\/zh\/wp-json\/wp\/v2\/media\/35561"}],"wp:attachment":[{"href":"https:\/\/www.lcdh-bonn.de\/zh\/wp-json\/wp\/v2\/media?parent=25973"}],"wp:term":[{"taxonomy":"brand","embeddable":true,"href":"https:\/\/www.lcdh-bonn.de\/zh\/wp-json\/wp\/v2\/etheme_brands?post=25973"},{"taxonomy":"product_cat","embeddable":true,"href":"https:\/\/www.lcdh-bonn.de\/zh\/wp-json\/wp\/v2\/product_cat?post=25973"},{"taxonomy":"product_tag","embeddable":true,"href":"https:\/\/www.lcdh-bonn.de\/zh\/wp-json\/wp\/v2\/product_tag?post=25973"}],"curies":[{"name":"wp","href":"https:\/\/api.w.org\/{rel}","templated":true}]}}