{"id":25976,"date":"2022-08-02T19:57:24","date_gmt":"2022-08-02T17:57:24","guid":{"rendered":"https:\/\/torbru.athene.wpspace.me\/product\/montecristo-petit-edmundos\/"},"modified":"2026-03-02T15:34:44","modified_gmt":"2026-03-02T13:34:44","slug":"montecristo-linea-edmundo-petit-edmundos","status":"publish","type":"product","link":"https:\/\/www.lcdh-bonn.de\/zh\/product\/montecristo-linea-edmundo-petit-edmundos\/","title":{"rendered":"Montecristo Linea Edmundo Petit Edmundos"},"content":{"rendered":"<p>Die Montecristo Petit Edmundo verk\u00f6rpert die Essenz kubanischer Zigarrenkunst in einem kompakten Format. Als j\u00fcngere Schwester der klassischen Edmundo pr\u00e4sentiert sich diese Vitola in den eleganten Ma\u00dfen von 110 mm L\u00e4nge bei einem Ringma\u00df von 52.<\/p>\n<p>Kenner sch\u00e4tzen die ausgewogene Kombination erlesener Tabake aus der Vuelta Abajo Region, die dieser Petit Edmundo ihren charakteristischen Charakter verleihen. Erfahrene Aficionados berichten von einem komplexen Aromenspektrum mit Noten von ger\u00f6steten N\u00fcssen, dunkler Schokolade und einem Hauch von Leder, untermalt von feinen Gew\u00fcrznuancen.<\/p>\n<div style=\"text-align: center\">\u2022 Format: Petit Edmundo<br \/>\n\u2022 L\u00e4nge: 110 mm<br \/>\n\u2022 Ringma\u00df: 52<br \/>\n\u2022 St\u00e4rke: Medium bis kr\u00e4ftig<br \/>\n\u2022 Rauchdauer: ca. 45-60 Minuten<br \/>\n\u2022 Herkunft: Kuba, Vuelta Abajo<br \/>\n\u2022 Verpackung: Einzeln, 10er Kiste, 25er Kiste<\/div>\n<p>Der Rauchverlauf entwickelt sich harmonisch von einem sanften Auftakt zu einer ausgepr\u00e4gteren Intensit\u00e4t im mittleren Drittel. Die Marke Montecristo, gegr\u00fcndet 1935, verdankt ihren Namen dem literarischen Klassiker &#8220;Der Graf von Monte Cristo&#8221; &#8211; eine Geschichte, die den Vorlesern in den Zigarrenfabriken besonders am Herzen lag.<\/p>\n<p>Diese Vitola eignet sich hervorragend f\u00fcr einen genussvollen Nachmittag oder als perfekter Begleiter zu einem entspannten Digestif am Abend.<\/p>\n<p>Hersteller-\/Inverkehrbringerinformation:<br \/>\n5THAVENUE Products Trading-GmbH<br \/>\nSchwarzenbergstra\u00dfe 3-7<br \/>\nD-79761 Waldshut-Tiengen<br \/>\ninfo@5thAvenue.de<\/p>","protected":false},"excerpt":{"rendered":"<p>Die Montecristo Petit Edmundo verk\u00f6rpert die Essenz kubanischer Zigarrenkunst in einem kompakten Format. Als j\u00fcngere Schwester der klassischen Edmundo pr\u00e4sentiert sich diese Vitola in den eleganten Ma\u00dfen von 110 mm L\u00e4nge bei einem Ringma\u00df von 52. Kenner sch\u00e4tzen die ausgewogene Kombination erlesener Tabake aus der Vuelta Abajo Region, die dieser Petit Edmundo ihren charakteristischen Charakter verleihen. Erfahrene Aficionados berichten von einem komplexen Aromenspektrum mit Noten von ger\u00f6steten N\u00fcssen, dunkler Schokolade und einem Hauch von Leder, untermalt von feinen Gew\u00fcrznuancen. \u2022&#8230;<\/p>","protected":false},"featured_media":0,"comment_status":"closed","ping_status":"closed","template":"","meta":{"_acf_changed":false},"etheme_brands":[{"term_id":198,"name":"Montecristo","slug":"montecristo","term_group":0,"term_taxonomy_id":198,"taxonomy":"brand","description":"[elementor-template id=\"15563\"]","parent":0,"count":47,"filter":"raw"}],"product_cat":[168,169,152,522],"product_tag":[],"class_list":{"0":"post-25976","1":"product","2":"type-product","3":"status-publish","5":"brand-montecristo","6":"product_cat-zigarren","7":"product_cat-cuba","8":"product_cat-montecristo","9":"product_cat-linea-edmundo","10":"pa_laenge-1166","11":"pa_orderable-no","12":"pa_ringmass-1232","13":"pa_verpackungseinheit-10er-kiste","14":"pa_verpackungseinheit-25er-kiste","15":"pa_verpackungseinheit-einzeln","17":"first","18":"instock","19":"taxable","20":"shipping-taxable","21":"product-type-variable"},"acf":[],"_links":{"self":[{"href":"https:\/\/www.lcdh-bonn.de\/zh\/wp-json\/wp\/v2\/product\/25976","targetHints":{"allow":["GET"]}}],"collection":[{"href":"https:\/\/www.lcdh-bonn.de\/zh\/wp-json\/wp\/v2\/product"}],"about":[{"href":"https:\/\/www.lcdh-bonn.de\/zh\/wp-json\/wp\/v2\/types\/product"}],"replies":[{"embeddable":true,"href":"https:\/\/www.lcdh-bonn.de\/zh\/wp-json\/wp\/v2\/comments?post=25976"}],"wp:attachment":[{"href":"https:\/\/www.lcdh-bonn.de\/zh\/wp-json\/wp\/v2\/media?parent=25976"}],"wp:term":[{"taxonomy":"brand","embeddable":true,"href":"https:\/\/www.lcdh-bonn.de\/zh\/wp-json\/wp\/v2\/etheme_brands?post=25976"},{"taxonomy":"product_cat","embeddable":true,"href":"https:\/\/www.lcdh-bonn.de\/zh\/wp-json\/wp\/v2\/product_cat?post=25976"},{"taxonomy":"product_tag","embeddable":true,"href":"https:\/\/www.lcdh-bonn.de\/zh\/wp-json\/wp\/v2\/product_tag?post=25976"}],"curies":[{"name":"wp","href":"https:\/\/api.w.org\/{rel}","templated":true}]}}