{"id":25990,"date":"2022-08-02T19:57:24","date_gmt":"2022-08-02T17:57:24","guid":{"rendered":"https:\/\/torbru.athene.wpspace.me\/product\/montecristo-petit-tubos\/"},"modified":"2026-04-15T13:50:06","modified_gmt":"2026-04-15T11:50:06","slug":"montecristo-linea-clasica-petit-tubos","status":"publish","type":"product","link":"https:\/\/www.lcdh-bonn.de\/zh\/product\/montecristo-linea-clasica-petit-tubos\/","title":{"rendered":"Montecristo Linea Clasica Petit Tubos"},"content":{"rendered":"<p>Die Montecristo Petit Tubos verk\u00f6rpert die zeitlose Eleganz der legend\u00e4ren kubanischen Marke in einem kompakten Format. Diese Marevas pr\u00e4sentiert sich in der klassischen L\u00e4nge von 129 mm bei einem Ringma\u00df von 42 und wird in praktischen Aluminiumtuben geliefert.<\/p>\n<p>Gefertigt aus erlesenen Tabaken der Vuelta Abajo Region, bietet diese Habano eine perfekt ausbalancierte mittelkr\u00e4ftige bis kr\u00e4ftige Komposition. Die Rauchdauer von etwa 30-40 Minuten macht sie zum idealen Begleiter f\u00fcr die kleine Auszeit zwischendurch.<\/p>\n<ul style=\"margin-left: 20px\">\n<li style=\"list-style-type: none\">\n<ul style=\"margin-left: 20px\">\u2022 Format: Marevas (Petit Corona)<\/ul>\n<\/li>\n<\/ul>\n<p>&nbsp;<\/p>\n<ul style=\"margin-left: 20px\">\n<li style=\"list-style-type: none\">\n<ul style=\"margin-left: 20px\">\u2022 L\u00e4nge: 129 mm<\/ul>\n<\/li>\n<\/ul>\n<p>&nbsp;<\/p>\n<ul style=\"margin-left: 20px\">\n<li style=\"list-style-type: none\">\n<ul style=\"margin-left: 20px\">\u2022 Ringma\u00df: 42<\/ul>\n<\/li>\n<\/ul>\n<p>&nbsp;<\/p>\n<ul style=\"margin-left: 20px\">\n<li style=\"list-style-type: none\">\n<ul style=\"margin-left: 20px\">\u2022 St\u00e4rke: mittelkr\u00e4ftig bis kr\u00e4ftig<\/ul>\n<\/li>\n<\/ul>\n<p>&nbsp;<\/p>\n<ul style=\"margin-left: 20px\">\n<li style=\"list-style-type: none\">\n<ul style=\"margin-left: 20px\">\u2022 Rauchdauer: 30-40 Minuten<\/ul>\n<\/li>\n<\/ul>\n<p>&nbsp;<\/p>\n<ul style=\"margin-left: 20px\">\u2022 Herkunft: Vuelta Abajo, Kuba<\/ul>\n<p>Kenner sch\u00e4tzen das charakteristische Aromenprofil mit Noten von ger\u00f6steten N\u00fcssen, dunkler Schokolade und feinen Gew\u00fcrzen. Im letzten Drittel entwickelt sich eine angenehme Cremigkeit mit subtilen Ledernuancen.<\/p>\n<p>Die Geschichte der Marke Montecristo beginnt 1935 in der ber\u00fchmten H. Upmann Fabrik. Benannt nach dem Roman &#8220;Der Graf von Monte Cristo&#8221;, entwickelte sich die Marke schnell zu einer der begehrtesten Habanos weltweit.<\/p>\n<p>Erh\u00e4ltlich als Einzelst\u00fcck, in praktischen 3er- und 5er-Packungen sowie in der eleganten 25er-Kiste. Perfekt geeignet f\u00fcr den Nachmittagsgenuss, als Begleitung zu einem guten Espresso oder als stilvollen Abschluss eines Gesch\u00e4ftsessens.<\/p>\n<p>Hersteller-\/Inverkehrbringerinformation:<br \/>\n5THAVENUE Products Trading-GmbH<br \/>\nSchwarzenbergstra\u00dfe 3-7<br \/>\nD-79761 Waldshut-Tiengen<br \/>\ninfo@5thAvenue.de&lt;\/p<\/p>","protected":false},"excerpt":{"rendered":"<p>Die Montecristo Petit Tubos verk\u00f6rpert die zeitlose Eleganz der legend\u00e4ren kubanischen Marke in einem kompakten Format. Diese Marevas pr\u00e4sentiert sich in der klassischen L\u00e4nge von 129 mm bei einem Ringma\u00df von 42 und wird in praktischen Aluminiumtuben geliefert. Gefertigt aus erlesenen Tabaken der Vuelta Abajo Region, bietet diese Habano eine perfekt ausbalancierte mittelkr\u00e4ftige bis kr\u00e4ftige Komposition. Die Rauchdauer von etwa 30-40 Minuten macht sie zum idealen Begleiter f\u00fcr die kleine Auszeit zwischendurch. \u2022 Format: Marevas (Petit Corona) &nbsp; \u2022 L\u00e4nge:&#8230;<\/p>","protected":false},"featured_media":35565,"comment_status":"closed","ping_status":"closed","template":"","meta":{"_acf_changed":false},"etheme_brands":[{"term_id":198,"name":"Montecristo","slug":"montecristo","term_group":0,"term_taxonomy_id":198,"taxonomy":"brand","description":"[elementor-template id=\"15563\"]","parent":0,"count":47,"filter":"raw"}],"product_cat":[168,169,152,587],"product_tag":[],"class_list":{"0":"post-25990","1":"product","2":"type-product","3":"status-publish","4":"has-post-thumbnail","6":"brand-montecristo","7":"product_cat-zigarren","8":"product_cat-cuba","9":"product_cat-montecristo","10":"product_cat-linea-clasica-montecristo","11":"pa_laenge-1176","12":"pa_orderable-no","13":"pa_ringmass-1216","14":"pa_verpackungseinheit-25er-kiste","15":"pa_verpackungseinheit-3er-schachtel","16":"pa_verpackungseinheit-5er-schachtel","17":"pa_verpackungseinheit-einzeln","19":"first","20":"instock","21":"taxable","22":"shipping-taxable","23":"product-type-variable"},"acf":[],"_links":{"self":[{"href":"https:\/\/www.lcdh-bonn.de\/zh\/wp-json\/wp\/v2\/product\/25990","targetHints":{"allow":["GET"]}}],"collection":[{"href":"https:\/\/www.lcdh-bonn.de\/zh\/wp-json\/wp\/v2\/product"}],"about":[{"href":"https:\/\/www.lcdh-bonn.de\/zh\/wp-json\/wp\/v2\/types\/product"}],"replies":[{"embeddable":true,"href":"https:\/\/www.lcdh-bonn.de\/zh\/wp-json\/wp\/v2\/comments?post=25990"}],"wp:featuredmedia":[{"embeddable":true,"href":"https:\/\/www.lcdh-bonn.de\/zh\/wp-json\/wp\/v2\/media\/35565"}],"wp:attachment":[{"href":"https:\/\/www.lcdh-bonn.de\/zh\/wp-json\/wp\/v2\/media?parent=25990"}],"wp:term":[{"taxonomy":"brand","embeddable":true,"href":"https:\/\/www.lcdh-bonn.de\/zh\/wp-json\/wp\/v2\/etheme_brands?post=25990"},{"taxonomy":"product_cat","embeddable":true,"href":"https:\/\/www.lcdh-bonn.de\/zh\/wp-json\/wp\/v2\/product_cat?post=25990"},{"taxonomy":"product_tag","embeddable":true,"href":"https:\/\/www.lcdh-bonn.de\/zh\/wp-json\/wp\/v2\/product_tag?post=25990"}],"curies":[{"name":"wp","href":"https:\/\/api.w.org\/{rel}","templated":true}]}}