{"id":26001,"date":"2022-08-02T19:58:04","date_gmt":"2022-08-02T17:58:04","guid":{"rendered":"https:\/\/torbru.athene.wpspace.me\/product\/partagas-aristocrats\/"},"modified":"2026-03-02T16:06:17","modified_gmt":"2026-03-02T14:06:17","slug":"partagas-linea-clasica-aristocrats","status":"publish","type":"product","link":"https:\/\/www.lcdh-bonn.de\/zh\/product\/partagas-linea-clasica-aristocrats\/","title":{"rendered":"Partagas Linea Clasica Aristocrats"},"content":{"rendered":"<p>Die Partagas Aristocrats verk\u00f6rpert die zeitlose Eleganz der legend\u00e4ren kubanischen Marke in einem kompakten Petit Cetros Format. Diese klassische Habano wird in der renommierten Partagas Manufaktur im Herzen Havannas von erfahrenen Torcedores von Hand gefertigt.<\/p>\n<p>Mit einer L\u00e4nge von 129 mm und einem Ringma\u00df von 40 bietet diese Vitola eine ideale Rauchdauer von etwa 20-25 Minuten &#8211; perfekt f\u00fcr die kleine Genu\u00dfpause zwischendurch.<\/p>\n<ul style=\"margin-left:20px;\">\n\u2022 Format: Petit Cetros<br \/>\n\u2022 L\u00e4nge: 129 mm<br \/>\n\u2022 Ringma\u00df: 40<br \/>\n\u2022 St\u00e4rke: Medium bis kr\u00e4ftig<br \/>\n\u2022 Rauchdauer: 20-25 Minuten<br \/>\n\u2022 Herkunft: Kuba, Havanna<br \/>\n\u2022 Verpackung: 25er Kiste, Einzeln erh\u00e4ltlich\n<\/ul>\n<p>Kenner sch\u00e4tzen das charakteristische Aromenprofil mit w\u00fcrzigen Noten von dunkler Erde, ger\u00f6steten N\u00fcssen und einer dezenten Pfeffersch\u00e4rfe. Andere Aficionados berichten von subtilen Ankl\u00e4ngen von Zedernholz und Kakao im letzten Drittel.<\/p>\n<p>Die 1845 gegr\u00fcndete Marke Partagas steht seit jeher f\u00fcr vollmundige Habanos mit perfekter Balance. Die Aristocrats pr\u00e4sentiert sich als idealer Begleiter f\u00fcr den anspruchsvollen Genie\u00dfer, sei es nach einem guten Essen oder bei entspannten Gespr\u00e4chen unter Freunden.<\/p>\n<p>Hersteller-\/Inverkehrbringerinformation:<br \/>\n5THAVENUE Products Trading-GmbH<br \/>\nSchwarzenbergstra\u00dfe 3-7<br \/>\nD-79761 Waldshut-Tiengen<br \/>\ninfo@5thAvenue.de<\/p>","protected":false},"excerpt":{"rendered":"<p>Die Partagas Aristocrats verk\u00f6rpert die zeitlose Eleganz der legend\u00e4ren kubanischen Marke in einem kompakten Petit Cetros Format. Diese klassische Habano wird in der renommierten Partagas Manufaktur im Herzen Havannas von erfahrenen Torcedores von Hand gefertigt. Mit einer L\u00e4nge von 129 mm und einem Ringma\u00df von 40 bietet diese Vitola eine ideale Rauchdauer von etwa 20-25 Minuten &#8211; perfekt f\u00fcr die kleine Genu\u00dfpause zwischendurch. \u2022 Format: Petit Cetros \u2022 L\u00e4nge: 129 mm \u2022 Ringma\u00df: 40 \u2022 St\u00e4rke: Medium bis kr\u00e4ftig \u2022&#8230;<\/p>","protected":false},"featured_media":35568,"comment_status":"closed","ping_status":"closed","template":"","meta":{"_acf_changed":false},"etheme_brands":[{"term_id":199,"name":"Partagas","slug":"partagas","term_group":0,"term_taxonomy_id":199,"taxonomy":"brand","description":"[elementor-template id=\"15563\"]","parent":0,"count":52,"filter":"raw"}],"product_cat":[168,169,152,587],"product_tag":[],"class_list":{"0":"post-26001","1":"product","2":"type-product","3":"status-publish","4":"has-post-thumbnail","6":"brand-partagas","7":"product_cat-zigarren","8":"product_cat-cuba","9":"product_cat-montecristo","10":"product_cat-linea-clasica-montecristo","11":"pa_laenge-1177","12":"pa_orderable-no","13":"pa_ringmass-1216","14":"pa_verpackungseinheit-25er-kiste","15":"pa_verpackungseinheit-einzeln","17":"first","18":"instock","19":"taxable","20":"shipping-taxable","21":"product-type-variable"},"acf":[],"_links":{"self":[{"href":"https:\/\/www.lcdh-bonn.de\/zh\/wp-json\/wp\/v2\/product\/26001","targetHints":{"allow":["GET"]}}],"collection":[{"href":"https:\/\/www.lcdh-bonn.de\/zh\/wp-json\/wp\/v2\/product"}],"about":[{"href":"https:\/\/www.lcdh-bonn.de\/zh\/wp-json\/wp\/v2\/types\/product"}],"replies":[{"embeddable":true,"href":"https:\/\/www.lcdh-bonn.de\/zh\/wp-json\/wp\/v2\/comments?post=26001"}],"wp:featuredmedia":[{"embeddable":true,"href":"https:\/\/www.lcdh-bonn.de\/zh\/wp-json\/wp\/v2\/media\/35568"}],"wp:attachment":[{"href":"https:\/\/www.lcdh-bonn.de\/zh\/wp-json\/wp\/v2\/media?parent=26001"}],"wp:term":[{"taxonomy":"brand","embeddable":true,"href":"https:\/\/www.lcdh-bonn.de\/zh\/wp-json\/wp\/v2\/etheme_brands?post=26001"},{"taxonomy":"product_cat","embeddable":true,"href":"https:\/\/www.lcdh-bonn.de\/zh\/wp-json\/wp\/v2\/product_cat?post=26001"},{"taxonomy":"product_tag","embeddable":true,"href":"https:\/\/www.lcdh-bonn.de\/zh\/wp-json\/wp\/v2\/product_tag?post=26001"}],"curies":[{"name":"wp","href":"https:\/\/api.w.org\/{rel}","templated":true}]}}