{"id":26026,"date":"2022-08-02T19:58:04","date_gmt":"2022-08-02T17:58:04","guid":{"rendered":"https:\/\/torbru.athene.wpspace.me\/product\/partagas-no-1\/"},"modified":"2026-01-29T13:26:15","modified_gmt":"2026-01-29T11:26:15","slug":"partagas-linea-maduro-no-1","status":"publish","type":"product","link":"https:\/\/www.lcdh-bonn.de\/zh\/product\/partagas-linea-maduro-no-1\/","title":{"rendered":"Partagas Linea Maduro No.1"},"content":{"rendered":"<p>Die Partagas Linea Maduro No.1 verk\u00f6rpert kubanische Zigarrenkunst in ihrer elegantesten Form. Im Format Discretos mit einer L\u00e4nge von 130mm und einem Ringma\u00df von 52 pr\u00e4sentiert sich diese Ausnahme-Habano in perfekter Balance.<\/p>\n<p>Gefertigt aus handverlesenen Tabaken der Vuelta Abajo Region, besticht diese Kreation durch ihr charakteristisches dunkles Maduro-Deckblatt, das mindestens zwei Jahre extra gereift wurde.<\/p>\n<ul style=\"text-align: center;\">\n<li>Format: Discretos<\/li>\n<li>L\u00e4nge: 130 mm<\/li>\n<li>Ringma\u00df: 52<\/li>\n<li>St\u00e4rke: Mittelkr\u00e4ftig bis kr\u00e4ftig<\/li>\n<li>Rauchdauer: ca. 60-75 Minuten<\/li>\n<li>Verpackungseinheit: 25er Kiste, Einzeln<\/li>\n<\/ul>\n<p>Kenner sch\u00e4tzen das komplexe Aromenprofil mit Noten von dunkler Schokolade, ger\u00f6steten Kaffeebohnen und einem Hauch von Leder. Andere Aficionados berichten von subtilen Ankl\u00e4ngen getrockneter Fr\u00fcchte und w\u00fcrziger Erde im letzten Drittel.<\/p>\n<p>Seit 1845 steht Partag\u00e1s f\u00fcr kompromisslose Qualit\u00e4t. Die Linea Maduro No.1 setzt diese Tradition mit ihrer ausgewogenen St\u00e4rke und perfekten Verarbeitung eindrucksvoll fort. Ein idealer Begleiter f\u00fcr entspannte Abende oder besondere Anl\u00e4sse.<\/p>\n<p>Hersteller-\/Inverkehrbringerinformation:<br \/>\n5THAVENUE Products Trading-GmbH<br \/>\nSchwarzenbergstra\u00dfe 3-7<br \/>\nD-79761 Waldshut-Tiengen<br \/>\ninfo@5thAvenue.de<\/p>","protected":false},"excerpt":{"rendered":"<p>Die Partagas Linea Maduro No.1 verk\u00f6rpert kubanische Zigarrenkunst in ihrer elegantesten Form. Im Format Discretos mit einer L\u00e4nge von 130mm und einem Ringma\u00df von 52 pr\u00e4sentiert sich diese Ausnahme-Habano in perfekter Balance. Gefertigt aus handverlesenen Tabaken der Vuelta Abajo Region, besticht diese Kreation durch ihr charakteristisches dunkles Maduro-Deckblatt, das mindestens zwei Jahre extra gereift wurde. Format: Discretos L\u00e4nge: 130 mm Ringma\u00df: 52 St\u00e4rke: Mittelkr\u00e4ftig bis kr\u00e4ftig Rauchdauer: ca. 60-75 Minuten Verpackungseinheit: 25er Kiste, Einzeln Kenner sch\u00e4tzen das komplexe Aromenprofil mit&#8230;<\/p>","protected":false},"featured_media":35575,"comment_status":"closed","ping_status":"closed","template":"","meta":{"_acf_changed":false},"etheme_brands":[{"term_id":199,"name":"Partagas","slug":"partagas","term_group":0,"term_taxonomy_id":199,"taxonomy":"brand","description":"[elementor-template id=\"15563\"]","parent":0,"count":52,"filter":"raw"}],"product_cat":[168,169,153,524],"product_tag":[],"class_list":{"0":"post-26026","1":"product","2":"type-product","3":"status-publish","4":"has-post-thumbnail","6":"brand-partagas","7":"product_cat-zigarren","8":"product_cat-cuba","9":"product_cat-partagas","10":"product_cat-linea-maduro","11":"pa_laenge-1166","12":"pa_orderable-no","13":"pa_ringmass-996","14":"pa_verpackungseinheit-25er-kiste","15":"pa_verpackungseinheit-einzeln","17":"first","18":"outofstock","19":"taxable","20":"shipping-taxable","21":"product-type-variable"},"acf":[],"_links":{"self":[{"href":"https:\/\/www.lcdh-bonn.de\/zh\/wp-json\/wp\/v2\/product\/26026","targetHints":{"allow":["GET"]}}],"collection":[{"href":"https:\/\/www.lcdh-bonn.de\/zh\/wp-json\/wp\/v2\/product"}],"about":[{"href":"https:\/\/www.lcdh-bonn.de\/zh\/wp-json\/wp\/v2\/types\/product"}],"replies":[{"embeddable":true,"href":"https:\/\/www.lcdh-bonn.de\/zh\/wp-json\/wp\/v2\/comments?post=26026"}],"wp:featuredmedia":[{"embeddable":true,"href":"https:\/\/www.lcdh-bonn.de\/zh\/wp-json\/wp\/v2\/media\/35575"}],"wp:attachment":[{"href":"https:\/\/www.lcdh-bonn.de\/zh\/wp-json\/wp\/v2\/media?parent=26026"}],"wp:term":[{"taxonomy":"brand","embeddable":true,"href":"https:\/\/www.lcdh-bonn.de\/zh\/wp-json\/wp\/v2\/etheme_brands?post=26026"},{"taxonomy":"product_cat","embeddable":true,"href":"https:\/\/www.lcdh-bonn.de\/zh\/wp-json\/wp\/v2\/product_cat?post=26026"},{"taxonomy":"product_tag","embeddable":true,"href":"https:\/\/www.lcdh-bonn.de\/zh\/wp-json\/wp\/v2\/product_tag?post=26026"}],"curies":[{"name":"wp","href":"https:\/\/api.w.org\/{rel}","templated":true}]}}