{"id":26049,"date":"2022-08-02T19:58:04","date_gmt":"2022-08-02T17:58:04","guid":{"rendered":"https:\/\/torbru.athene.wpspace.me\/product\/partagas-club\/"},"modified":"2026-03-06T09:15:38","modified_gmt":"2026-03-06T07:15:38","slug":"partagas-club","status":"publish","type":"product","link":"https:\/\/www.lcdh-bonn.de\/zh\/product\/partagas-club\/","title":{"rendered":"\u5e15\u5854\u52a0\u65af\u4ff1\u4e50\u90e8"},"content":{"rendered":"<p>Die Partagas Club verk\u00f6rpert die Essenz kubanischer Zigarrenkunst im kompakten Format. Diese elegante Petit Corona aus der renommierten Manufaktur Partagas pr\u00e4sentiert sich in klassischen Abmessungen von 95 mm L\u00e4nge bei einem Ringma\u00df von 24.<\/p>\n<ul>\n\u2022 Format: Petit Corona<br \/>\n\u2022 Herkunft: Cuba<br \/>\n\u2022 L\u00e4nge: 95 mm<br \/>\n\u2022 Ringma\u00df: 24<br \/>\n\u2022 St\u00e4rke: Medium<br \/>\n\u2022 Rauchdauer: ca. 15-20 Minuten<br \/>\n\u2022 Verpackung: 20er Schachtel\n<\/ul>\n<p>Kenner sch\u00e4tzen das ausgewogene Aromenprofil mit w\u00fcrzigen Noten von Zedernholz und Leder. Erfahrene Aficionados berichten von einer dezenten Kakao-Note im Hintergrund, die sich harmonisch mit erdigen Nuancen verbindet.<\/p>\n<p>Die Partagas Club \u00fcberzeugt durch einen gleichm\u00e4\u00dfigen Rauchverlauf und entwickelt ihre charakteristische W\u00fcrze bereits vom ersten Zug an. Ein idealer Begleiter f\u00fcr die kleine Genu\u00dfpause zwischendurch oder als Einsteigervitola in die Welt der Habanos.<\/p>\n<p>Seit 1845 steht Partagas f\u00fcr authentische kubanische Zigarrenkultur. Die Manufaktur, gelegen im Herzen Havannas, verwendet ausschlie\u00dflich handverlesene Tabake aus der Vuelta Abajo Region.<\/p>\n<p>Hersteller-\/Inverkehrbringerinformation:<br \/>\n5THAVENUE Products Trading-GmbH<br \/>\nSchwarzenbergstra\u00dfe 3-7<br \/>\nD-79761 Waldshut-Tiengen<br \/>\ninfo@5thAvenue.de<\/p>","protected":false},"excerpt":{"rendered":"<p>Die Partagas Club verk\u00f6rpert die Essenz kubanischer Zigarrenkunst im kompakten Format. Diese elegante Petit Corona aus der renommierten Manufaktur Partagas pr\u00e4sentiert sich in klassischen Abmessungen von 95 mm L\u00e4nge bei einem Ringma\u00df von 24. \u2022 Format: Petit Corona \u2022 Herkunft: Cuba \u2022 L\u00e4nge: 95 mm \u2022 Ringma\u00df: 24 \u2022 St\u00e4rke: Medium \u2022 Rauchdauer: ca. 15-20 Minuten \u2022 Verpackung: 20er Schachtel Kenner sch\u00e4tzen das ausgewogene Aromenprofil mit w\u00fcrzigen Noten von Zedernholz und Leder. Erfahrene Aficionados berichten von einer dezenten Kakao-Note im&#8230;<\/p>","protected":false},"featured_media":0,"comment_status":"closed","ping_status":"open","template":"","meta":{"_acf_changed":false},"etheme_brands":[{"term_id":199,"name":"Partagas","slug":"partagas","term_group":0,"term_taxonomy_id":199,"taxonomy":"brand","description":"[elementor-template id=\"15563\"]","parent":0,"count":52,"filter":"raw"}],"product_cat":[168,169,153,180],"product_tag":[],"class_list":{"0":"post-26049","1":"product","2":"type-product","3":"status-publish","5":"brand-partagas","6":"product_cat-zigarren","7":"product_cat-cuba","8":"product_cat-partagas","9":"product_cat-zigarillos","10":"pa_laenge-1236","11":"pa_orderable-yes","12":"pa_ringmass-1184","13":"pa_verpackungseinheit-20er-schachtel","15":"first","16":"instock","17":"taxable","18":"shipping-taxable","19":"purchasable","20":"product-type-variable"},"acf":[],"_links":{"self":[{"href":"https:\/\/www.lcdh-bonn.de\/zh\/wp-json\/wp\/v2\/product\/26049","targetHints":{"allow":["GET"]}}],"collection":[{"href":"https:\/\/www.lcdh-bonn.de\/zh\/wp-json\/wp\/v2\/product"}],"about":[{"href":"https:\/\/www.lcdh-bonn.de\/zh\/wp-json\/wp\/v2\/types\/product"}],"replies":[{"embeddable":true,"href":"https:\/\/www.lcdh-bonn.de\/zh\/wp-json\/wp\/v2\/comments?post=26049"}],"wp:attachment":[{"href":"https:\/\/www.lcdh-bonn.de\/zh\/wp-json\/wp\/v2\/media?parent=26049"}],"wp:term":[{"taxonomy":"brand","embeddable":true,"href":"https:\/\/www.lcdh-bonn.de\/zh\/wp-json\/wp\/v2\/etheme_brands?post=26049"},{"taxonomy":"product_cat","embeddable":true,"href":"https:\/\/www.lcdh-bonn.de\/zh\/wp-json\/wp\/v2\/product_cat?post=26049"},{"taxonomy":"product_tag","embeddable":true,"href":"https:\/\/www.lcdh-bonn.de\/zh\/wp-json\/wp\/v2\/product_tag?post=26049"}],"curies":[{"name":"wp","href":"https:\/\/api.w.org\/{rel}","templated":true}]}}