{"id":26059,"date":"2022-08-02T19:58:04","date_gmt":"2022-08-02T17:58:04","guid":{"rendered":"https:\/\/torbru.athene.wpspace.me\/product\/partagas-serie-d-no-4\/"},"modified":"2026-03-05T01:31:29","modified_gmt":"2026-03-04T23:31:29","slug":"partagas-linea-serie-serie-d-no-4","status":"publish","type":"product","link":"https:\/\/www.lcdh-bonn.de\/zh\/product\/partagas-linea-serie-serie-d-no-4\/","title":{"rendered":"Partagas Linea \u7cfb\u5217 D \u7cfb\u5217 No.4"},"content":{"rendered":"<p>Die Partag\u00e1s Serie D No. 4 verk\u00f6rpert die Essenz kubanischer Zigarrenkunst in ihrer reinsten Form. Diese legend\u00e4re Robustos aus der renommierten Manufaktur im Herzen Havannas pr\u00e4sentiert sich in klassischen Dimensionen von 124 mm L\u00e4nge bei einem Ringma\u00df von 50.<\/p>\n<p>Kenner sch\u00e4tzen die meisterhafte Kombination ausgew\u00e4hlter Tabake aus der Vuelta Abajo Region, die dieser Serie D No. 4 ihren charakteristisch kr\u00e4ftigen bis sehr kr\u00e4ftigen Charakter verleihen. Die gesch\u00e4tzte Rauchdauer von etwa 45-60 Minuten verspricht ein intensives Genusserlebnis.<\/p>\n<ul style=\"margin-left: 20px;\">\n\u2022 Format: Robustos<br \/>\n\u2022 L\u00e4nge: 124 mm<br \/>\n\u2022 Ringma\u00df: 50<br \/>\n\u2022 St\u00e4rke: kr\u00e4ftig bis sehr kr\u00e4ftig<br \/>\n\u2022 Herkunft: Kuba, Vuelta Abajo<br \/>\n\u2022 Rauchdauer: 45-60 Minuten\n<\/ul>\n<p>Erfahrene Aficionados berichten von einem komplexen Aromenprofil mit w\u00fcrzigen Noten von dunkler Erde, ger\u00f6steten N\u00fcssen und einer dezenten Kakao-Note. Im Rauchverlauf entwickelt sich eine harmonische Balance zwischen Kraft und Finesse, die im letzten Drittel in einer beeindruckenden Intensit\u00e4t gipfelt.<\/p>\n<p>Die 1845 gegr\u00fcndete Marke Partag\u00e1s steht seit jeher f\u00fcr kompromisslose Qualit\u00e4t und authentischen kubanischen Zigarrengenuss. Diese Serie D No. 4 ist sowohl einzeln als auch in 10er und 25er Kisten erh\u00e4ltlich.<\/p>\n<p>Ein perfekter Begleiter f\u00fcr besondere Momente, sei es als kr\u00f6nender Abschluss eines gelungenen Gesch\u00e4ftsessens oder f\u00fcr einen entspannten Abend unter Kennern.<\/p>\n<p>Hersteller-\/Inverkehrbringerinformation:<br \/>\n5THAVENUE Products Trading-GmbH<br \/>\nSchwarzenbergstra\u00dfe 3-7<br \/>\nD-79761 Waldshut-Tiengen<br \/>\ninfo@5th<\/p>","protected":false},"excerpt":{"rendered":"<p>Die Partag\u00e1s Serie D No. 4 verk\u00f6rpert die Essenz kubanischer Zigarrenkunst in ihrer reinsten Form. Diese legend\u00e4re Robustos aus der renommierten Manufaktur im Herzen Havannas pr\u00e4sentiert sich in klassischen Dimensionen von 124 mm L\u00e4nge bei einem Ringma\u00df von 50. Kenner sch\u00e4tzen die meisterhafte Kombination ausgew\u00e4hlter Tabake aus der Vuelta Abajo Region, die dieser Serie D No. 4 ihren charakteristisch kr\u00e4ftigen bis sehr kr\u00e4ftigen Charakter verleihen. Die gesch\u00e4tzte Rauchdauer von etwa 45-60 Minuten verspricht ein intensives Genusserlebnis. \u2022 Format: Robustos \u2022&#8230;<\/p>","protected":false},"featured_media":16095,"comment_status":"closed","ping_status":"closed","template":"","meta":{"_acf_changed":false},"etheme_brands":[{"term_id":199,"name":"Partagas","slug":"partagas","term_group":0,"term_taxonomy_id":199,"taxonomy":"brand","description":"[elementor-template id=\"15563\"]","parent":0,"count":52,"filter":"raw"}],"product_cat":[168,169,153,525],"product_tag":[],"class_list":{"0":"post-26059","1":"product","2":"type-product","3":"status-publish","4":"has-post-thumbnail","6":"brand-partagas","7":"product_cat-zigarren","8":"product_cat-cuba","9":"product_cat-partagas","10":"product_cat-linea-serie","11":"pa_laenge-778","12":"pa_orderable-no","13":"pa_ringmass-1180","14":"pa_verpackungseinheit-10er-kiste","15":"pa_verpackungseinheit-25er-kiste","16":"pa_verpackungseinheit-einzeln","18":"first","19":"instock","20":"taxable","21":"shipping-taxable","22":"product-type-variable"},"acf":[],"_links":{"self":[{"href":"https:\/\/www.lcdh-bonn.de\/zh\/wp-json\/wp\/v2\/product\/26059","targetHints":{"allow":["GET"]}}],"collection":[{"href":"https:\/\/www.lcdh-bonn.de\/zh\/wp-json\/wp\/v2\/product"}],"about":[{"href":"https:\/\/www.lcdh-bonn.de\/zh\/wp-json\/wp\/v2\/types\/product"}],"replies":[{"embeddable":true,"href":"https:\/\/www.lcdh-bonn.de\/zh\/wp-json\/wp\/v2\/comments?post=26059"}],"wp:featuredmedia":[{"embeddable":true,"href":"https:\/\/www.lcdh-bonn.de\/zh\/wp-json\/wp\/v2\/media\/16095"}],"wp:attachment":[{"href":"https:\/\/www.lcdh-bonn.de\/zh\/wp-json\/wp\/v2\/media?parent=26059"}],"wp:term":[{"taxonomy":"brand","embeddable":true,"href":"https:\/\/www.lcdh-bonn.de\/zh\/wp-json\/wp\/v2\/etheme_brands?post=26059"},{"taxonomy":"product_cat","embeddable":true,"href":"https:\/\/www.lcdh-bonn.de\/zh\/wp-json\/wp\/v2\/product_cat?post=26059"},{"taxonomy":"product_tag","embeddable":true,"href":"https:\/\/www.lcdh-bonn.de\/zh\/wp-json\/wp\/v2\/product_tag?post=26059"}],"curies":[{"name":"wp","href":"https:\/\/api.w.org\/{rel}","templated":true}]}}