{"id":26066,"date":"2022-08-02T19:58:04","date_gmt":"2022-08-02T17:58:04","guid":{"rendered":"https:\/\/torbru.athene.wpspace.me\/product\/partagas-serie-d-no-5\/"},"modified":"2026-01-29T12:21:17","modified_gmt":"2026-01-29T10:21:17","slug":"partagas-linea-serie-serie-d-no-5","status":"publish","type":"product","link":"https:\/\/www.lcdh-bonn.de\/zh\/product\/partagas-linea-serie-serie-d-no-5\/","title":{"rendered":"Partagas Linea \u7cfb\u5217 D \u7cfb\u5217 No.5"},"content":{"rendered":"<p>Die Partagas Serie D No.5 verk\u00f6rpert die perfekte Symbiose aus kompaktem Format und dem charakteristisch-w\u00fcrzigen Partagas-Charakter. Im beliebten Petit Robusto Format mit einer L\u00e4nge von 110 mm und einem Ringma\u00df von 50 pr\u00e4sentiert sie sich als idealer Begleiter f\u00fcr den genussvollen Moment zwischendurch.<\/p>\n<p>Diese vollst\u00e4ndig von Hand gefertigte Habano aus der Region Pinar del R\u00edo vereint ausgew\u00e4hlte Tabake der Vegas Finas de Primera. Kenner sch\u00e4tzen ihre mittelkr\u00e4ftige bis kr\u00e4ftige Charakteristik, die sich in etwa 30-40 Minuten Rauchgenuss entfaltet.<\/p>\n<div style=\"text-align: center;\">\n\u2022 Format: Petit Robusto (D No.5)<br \/>\n\u2022 L\u00e4nge: 110 mm<br \/>\n\u2022 Ringma\u00df: 50<br \/>\n\u2022 St\u00e4rke: mittelkr\u00e4ftig bis kr\u00e4ftig<br \/>\n\u2022 Rauchdauer: ca. 30-40 Minuten<br \/>\n\u2022 Herkunft: Pinar del R\u00edo, Kuba\n<\/div>\n<p>Erfahrene Aficionados berichten von einem komplexen Aromenprofil mit Noten von dunkler Schokolade, ger\u00f6steten N\u00fcssen und einer dezenten Pfefferw\u00fcrze. Im Rauchverlauf entwickelt sich eine harmonische Balance zwischen Kraft und Finesse.<\/p>\n<p>Die 1845 gegr\u00fcndete Marke Partagas geh\u00f6rt zu den renommiertesten Namen der kubanischen Zigarrenkunst. Die Serie D No.5 ist sowohl als Einzelzigarre als auch in der klassischen 10er- oder 25er-Kiste erh\u00e4ltlich.<\/p>\n<p>Perfekt geeignet f\u00fcr die Mittagspause, den Sundowner oder als Einsteigerzigarre in die Serie D Familie.<\/p>\n<p>Hersteller-\/Inverkehrbringerinformation:<br \/>\n5THAVENUE Products Trading-GmbH<br \/>\nSchwarzenbergstra\u00dfe 3-7<br \/>\nD-79761 Waldshut-Tiengen<br \/>\ninfo@5thAvenue.de<\/p>","protected":false},"excerpt":{"rendered":"<p>Die Partagas Serie D No.5 verk\u00f6rpert die perfekte Symbiose aus kompaktem Format und dem charakteristisch-w\u00fcrzigen Partagas-Charakter. Im beliebten Petit Robusto Format mit einer L\u00e4nge von 110 mm und einem Ringma\u00df von 50 pr\u00e4sentiert sie sich als idealer Begleiter f\u00fcr den genussvollen Moment zwischendurch. Diese vollst\u00e4ndig von Hand gefertigte Habano aus der Region Pinar del R\u00edo vereint ausgew\u00e4hlte Tabake der Vegas Finas de Primera. Kenner sch\u00e4tzen ihre mittelkr\u00e4ftige bis kr\u00e4ftige Charakteristik, die sich in etwa 30-40 Minuten Rauchgenuss entfaltet. \u2022 Format:&#8230;<\/p>","protected":false},"featured_media":35583,"comment_status":"closed","ping_status":"closed","template":"","meta":{"_acf_changed":false},"etheme_brands":[{"term_id":199,"name":"Partagas","slug":"partagas","term_group":0,"term_taxonomy_id":199,"taxonomy":"brand","description":"[elementor-template id=\"15563\"]","parent":0,"count":52,"filter":"raw"}],"product_cat":[168,169,153,525],"product_tag":[],"class_list":{"0":"post-26066","1":"product","2":"type-product","3":"status-publish","4":"has-post-thumbnail","6":"brand-partagas","7":"product_cat-zigarren","8":"product_cat-cuba","9":"product_cat-partagas","10":"product_cat-linea-serie","11":"pa_laenge-778","12":"pa_orderable-no","13":"pa_ringmass-1232","14":"pa_verpackungseinheit-10er-kiste","15":"pa_verpackungseinheit-25er-kiste","16":"pa_verpackungseinheit-einzeln","18":"first","19":"outofstock","20":"taxable","21":"shipping-taxable","22":"product-type-variable"},"acf":[],"_links":{"self":[{"href":"https:\/\/www.lcdh-bonn.de\/zh\/wp-json\/wp\/v2\/product\/26066","targetHints":{"allow":["GET"]}}],"collection":[{"href":"https:\/\/www.lcdh-bonn.de\/zh\/wp-json\/wp\/v2\/product"}],"about":[{"href":"https:\/\/www.lcdh-bonn.de\/zh\/wp-json\/wp\/v2\/types\/product"}],"replies":[{"embeddable":true,"href":"https:\/\/www.lcdh-bonn.de\/zh\/wp-json\/wp\/v2\/comments?post=26066"}],"wp:featuredmedia":[{"embeddable":true,"href":"https:\/\/www.lcdh-bonn.de\/zh\/wp-json\/wp\/v2\/media\/35583"}],"wp:attachment":[{"href":"https:\/\/www.lcdh-bonn.de\/zh\/wp-json\/wp\/v2\/media?parent=26066"}],"wp:term":[{"taxonomy":"brand","embeddable":true,"href":"https:\/\/www.lcdh-bonn.de\/zh\/wp-json\/wp\/v2\/etheme_brands?post=26066"},{"taxonomy":"product_cat","embeddable":true,"href":"https:\/\/www.lcdh-bonn.de\/zh\/wp-json\/wp\/v2\/product_cat?post=26066"},{"taxonomy":"product_tag","embeddable":true,"href":"https:\/\/www.lcdh-bonn.de\/zh\/wp-json\/wp\/v2\/product_tag?post=26066"}],"curies":[{"name":"wp","href":"https:\/\/api.w.org\/{rel}","templated":true}]}}