{"id":26169,"date":"2022-08-02T19:59:26","date_gmt":"2022-08-02T17:59:26","guid":{"rendered":"https:\/\/torbru.athene.wpspace.me\/product\/ramon-allones-gigantes\/"},"modified":"2026-01-29T13:41:18","modified_gmt":"2026-01-29T11:41:18","slug":"ramon-allones-gigantes","status":"publish","type":"product","link":"https:\/\/www.lcdh-bonn.de\/zh\/product\/ramon-allones-gigantes\/","title":{"rendered":"\u62c9\u8499-\u963f\u9686\u5185\u65af-\u5409\u7518\u7279\u65af"},"content":{"rendered":"<p>Die Ramon Allones Gigantes verk\u00f6rpert kubanische Zigarrenkunst in ihrer imposantesten Form. Diese majest\u00e4tische Prominentes mit einer L\u00e4nge von 194 mm und einem Ringma\u00df von 49 beeindruckt durch ihre stattliche Erscheinung.<\/p>\n<p>Gefertigt aus erlesenen Tabaken der Vuelta Abajo Region pr\u00e4sentiert sich diese vollst\u00e4ndig handgefertigte Habano in einer mittleren bis kr\u00e4ftigen St\u00e4rke. Die gesch\u00e4tzte Rauchdauer betr\u00e4gt, dem Format entsprechend, etwa 90 Minuten.<\/p>\n<ul style=\"margin-left:20px;\">\n\u2022 Format: Prominentes (194 mm x 49)<br \/>\n\u2022 Herkunft: Vuelta Abajo, Pinar del R\u00edo, Kuba<br \/>\n\u2022 St\u00e4rke: Mittel bis kr\u00e4ftig<br \/>\n\u2022 Rauchdauer: ca. 90 Minuten<br \/>\n\u2022 Verpackung: 25er Kiste, Einzeln erh\u00e4ltlich\n<\/ul>\n<p>Kenner sch\u00e4tzen die komplexe Aromenentwicklung, die von w\u00fcrzigen Holznoten \u00fcber subtile R\u00f6staromen bis hin zu einer angenehmen S\u00fc\u00dfe reicht. Im letzten Drittel entfaltet sich eine bemerkenswerte Intensit\u00e4t mit cremig-nussigen Nuancen.<\/p>\n<p>Die 1837 gegr\u00fcndete Marke Ramon Allones z\u00e4hlt zu den \u00e4ltesten noch aktiven kubanischen Zigarrenmarken und war Pionier in der Verwendung lithografierter Etiketten.<\/p>\n<p>Eine ideale Begleitung f\u00fcr besondere Anl\u00e4sse, kontemplative Abende oder als kr\u00f6nender Abschluss eines gelungenen Dinners.<\/p>\n<p><small>Hersteller-\/Inverkehrbringerinformation:<br \/>\n5THAVENUE Products Trading-GmbH<br \/>\nSchwarzenbergstra\u00dfe 3-7<br \/>\nD-79761 Waldshut-Tiengen<br \/>\ninfo@5thAvenue.de<\/small><\/p>","protected":false},"excerpt":{"rendered":"<p>Die Ramon Allones Gigantes verk\u00f6rpert kubanische Zigarrenkunst in ihrer imposantesten Form. Diese majest\u00e4tische Prominentes mit einer L\u00e4nge von 194 mm und einem Ringma\u00df von 49 beeindruckt durch ihre stattliche Erscheinung. Gefertigt aus erlesenen Tabaken der Vuelta Abajo Region pr\u00e4sentiert sich diese vollst\u00e4ndig handgefertigte Habano in einer mittleren bis kr\u00e4ftigen St\u00e4rke. Die gesch\u00e4tzte Rauchdauer betr\u00e4gt, dem Format entsprechend, etwa 90 Minuten. \u2022 Format: Prominentes (194 mm x 49) \u2022 Herkunft: Vuelta Abajo, Pinar del R\u00edo, Kuba \u2022 St\u00e4rke: Mittel bis kr\u00e4ftig&#8230;<\/p>","protected":false},"featured_media":35613,"comment_status":"closed","ping_status":"closed","template":"","meta":{"_acf_changed":false},"etheme_brands":[{"term_id":204,"name":"Ramon Allones","slug":"ramon-allones","term_group":0,"term_taxonomy_id":204,"taxonomy":"brand","description":"[elementor-template id=\"15563\"]","parent":0,"count":7,"filter":"raw"}],"product_cat":[168,169,158],"product_tag":[],"class_list":{"0":"post-26169","1":"product","2":"type-product","3":"status-publish","4":"has-post-thumbnail","6":"brand-ramon-allones","7":"product_cat-zigarren","8":"product_cat-cuba","9":"product_cat-ramon-allones","10":"pa_laenge-1258","11":"pa_orderable-no","12":"pa_ringmass-1257","13":"pa_verpackungseinheit-25er-kiste","14":"pa_verpackungseinheit-einzeln","16":"first","17":"outofstock","18":"taxable","19":"shipping-taxable","20":"product-type-variable"},"acf":[],"_links":{"self":[{"href":"https:\/\/www.lcdh-bonn.de\/zh\/wp-json\/wp\/v2\/product\/26169","targetHints":{"allow":["GET"]}}],"collection":[{"href":"https:\/\/www.lcdh-bonn.de\/zh\/wp-json\/wp\/v2\/product"}],"about":[{"href":"https:\/\/www.lcdh-bonn.de\/zh\/wp-json\/wp\/v2\/types\/product"}],"replies":[{"embeddable":true,"href":"https:\/\/www.lcdh-bonn.de\/zh\/wp-json\/wp\/v2\/comments?post=26169"}],"wp:featuredmedia":[{"embeddable":true,"href":"https:\/\/www.lcdh-bonn.de\/zh\/wp-json\/wp\/v2\/media\/35613"}],"wp:attachment":[{"href":"https:\/\/www.lcdh-bonn.de\/zh\/wp-json\/wp\/v2\/media?parent=26169"}],"wp:term":[{"taxonomy":"brand","embeddable":true,"href":"https:\/\/www.lcdh-bonn.de\/zh\/wp-json\/wp\/v2\/etheme_brands?post=26169"},{"taxonomy":"product_cat","embeddable":true,"href":"https:\/\/www.lcdh-bonn.de\/zh\/wp-json\/wp\/v2\/product_cat?post=26169"},{"taxonomy":"product_tag","embeddable":true,"href":"https:\/\/www.lcdh-bonn.de\/zh\/wp-json\/wp\/v2\/product_tag?post=26169"}],"curies":[{"name":"wp","href":"https:\/\/api.w.org\/{rel}","templated":true}]}}