{"id":26190,"date":"2022-08-02T19:59:26","date_gmt":"2022-08-02T17:59:26","guid":{"rendered":"https:\/\/torbru.athene.wpspace.me\/product\/romeo-y-julieta-belicosos\/"},"modified":"2026-02-18T14:58:16","modified_gmt":"2026-02-18T12:58:16","slug":"romeo-y-julieta-linea-clasica-belicosos","status":"publish","type":"product","link":"https:\/\/www.lcdh-bonn.de\/zh\/product\/romeo-y-julieta-linea-clasica-belicosos\/","title":{"rendered":"Romeo y Julieta Linea Clasica Belicosos"},"content":{"rendered":"<p>Die Romeo y Julieta Belicosos verk\u00f6rpert die zeitlose Eleganz der kubanischen Zigarrenkunst in ihrer reinsten Form. Diese Vitola im klassischen Campanas-Format besticht durch ihre charakteristische figurado-Form mit einer L\u00e4nge von 140 mm und einem Ringma\u00df von 52.<\/p>\n<p>Kenner sch\u00e4tzen die ausgewogene Mischung erlesener Tabake aus der Vuelta Abajo Region, die dieser mittelkr\u00e4ftigen Habano ihren unverwechselbaren Charakter verleihen. Erfahrene Aficionados berichten von einem komplexen Aromenprofil mit Noten von ger\u00f6steten N\u00fcssen, feiner W\u00fcrze, dezenten Ledernuancen und einem Hauch von Zedernholz.<\/p>\n<ul style=\"margin-left: 20px;\">\n\u2022 Format: Campanas (Belicosos)<br \/>\n\u2022 L\u00e4nge: 140 mm<br \/>\n\u2022 Ringma\u00df: 52<br \/>\n\u2022 St\u00e4rke: Medium<br \/>\n\u2022 Rauchdauer: ca. 45-60 Minuten<br \/>\n\u2022 Herkunft: Kuba, Vuelta Abajo<br \/>\n\u2022 Verpackung: 25er Kiste, Einzeln erh\u00e4ltlich\n<\/ul>\n<p>Der Rauchverlauf entwickelt sich harmonisch von w\u00fcrzig-erdigen Auftaktnoten zu einer cremig-ausgewogenen Mitte, um im letzten Drittel in einem intensiven Finale zu kulminieren. Die 1875 gegr\u00fcndete Marke Romeo y Julieta, benannt nach Shakespeares unsterblichem Liebesdrama, z\u00e4hlt zu den renommiertesten Namen der kubanischen Zigarrenwelt.<\/p>\n<p>Diese elegante Vitola eignet sich hervorragend f\u00fcr besondere Anl\u00e4sse, kontemplative Abendstunden oder als gediegener Begleiter zu einem aged Single Malt.<\/p>\n<p>Hersteller-\/Inverkehrbringerinformation:<br \/>\n5THAVENUE Products Trading-GmbH<br \/>\nSchwarzenbergstra\u00dfe 3-7<br \/>\nD-79761 Waldshut-Tiengen<br \/>\ninfo@5thAvenue.de<\/p>","protected":false},"excerpt":{"rendered":"<p>Die Romeo y Julieta Belicosos verk\u00f6rpert die zeitlose Eleganz der kubanischen Zigarrenkunst in ihrer reinsten Form. Diese Vitola im klassischen Campanas-Format besticht durch ihre charakteristische figurado-Form mit einer L\u00e4nge von 140 mm und einem Ringma\u00df von 52. Kenner sch\u00e4tzen die ausgewogene Mischung erlesener Tabake aus der Vuelta Abajo Region, die dieser mittelkr\u00e4ftigen Habano ihren unverwechselbaren Charakter verleihen. Erfahrene Aficionados berichten von einem komplexen Aromenprofil mit Noten von ger\u00f6steten N\u00fcssen, feiner W\u00fcrze, dezenten Ledernuancen und einem Hauch von Zedernholz. \u2022 Format:&#8230;<\/p>","protected":false},"featured_media":30493,"comment_status":"closed","ping_status":"open","template":"","meta":{"_acf_changed":false},"etheme_brands":[{"term_id":206,"name":"Romeo y Julieta","slug":"romeo-y-julieta","term_group":0,"term_taxonomy_id":206,"taxonomy":"brand","description":"[elementor-template id=\"15563\"]","parent":0,"count":44,"filter":"raw"}],"product_cat":[168,169,160,589],"product_tag":[],"class_list":{"0":"post-26190","1":"product","2":"type-product","3":"status-publish","4":"has-post-thumbnail","6":"brand-romeo-y-julieta","7":"product_cat-zigarren","8":"product_cat-cuba","9":"product_cat-romeo-y-julieta","10":"product_cat-linea-clasica-romeo-y-julieta","11":"pa_laenge-1166","12":"pa_orderable-no","13":"pa_ringmass-1178","14":"pa_verpackungseinheit-25er-kiste","15":"pa_verpackungseinheit-einzeln","17":"first","18":"instock","19":"taxable","20":"shipping-taxable","21":"product-type-variable"},"acf":[],"_links":{"self":[{"href":"https:\/\/www.lcdh-bonn.de\/zh\/wp-json\/wp\/v2\/product\/26190","targetHints":{"allow":["GET"]}}],"collection":[{"href":"https:\/\/www.lcdh-bonn.de\/zh\/wp-json\/wp\/v2\/product"}],"about":[{"href":"https:\/\/www.lcdh-bonn.de\/zh\/wp-json\/wp\/v2\/types\/product"}],"replies":[{"embeddable":true,"href":"https:\/\/www.lcdh-bonn.de\/zh\/wp-json\/wp\/v2\/comments?post=26190"}],"wp:featuredmedia":[{"embeddable":true,"href":"https:\/\/www.lcdh-bonn.de\/zh\/wp-json\/wp\/v2\/media\/30493"}],"wp:attachment":[{"href":"https:\/\/www.lcdh-bonn.de\/zh\/wp-json\/wp\/v2\/media?parent=26190"}],"wp:term":[{"taxonomy":"brand","embeddable":true,"href":"https:\/\/www.lcdh-bonn.de\/zh\/wp-json\/wp\/v2\/etheme_brands?post=26190"},{"taxonomy":"product_cat","embeddable":true,"href":"https:\/\/www.lcdh-bonn.de\/zh\/wp-json\/wp\/v2\/product_cat?post=26190"},{"taxonomy":"product_tag","embeddable":true,"href":"https:\/\/www.lcdh-bonn.de\/zh\/wp-json\/wp\/v2\/product_tag?post=26190"}],"curies":[{"name":"wp","href":"https:\/\/api.w.org\/{rel}","templated":true}]}}