{"id":26216,"date":"2022-08-02T19:59:26","date_gmt":"2022-08-02T17:59:26","guid":{"rendered":"https:\/\/torbru.athene.wpspace.me\/product\/romeo-y-julieta-club\/"},"modified":"2026-03-28T14:06:33","modified_gmt":"2026-03-28T12:06:33","slug":"romeo-y-julieta-club","status":"publish","type":"product","link":"https:\/\/www.lcdh-bonn.de\/zh\/product\/romeo-y-julieta-club\/","title":{"rendered":"\u7f57\u5bc6\u6b27\u4e0e\u6731\u4e3d\u53f6\u4ff1\u4e50\u90e8"},"content":{"rendered":"<p>Die Romeo y Julieta Club verk\u00f6rpert die Essenz kubanischer Zigarrenkunst im kompakten Format. Diese elegante Petit Corona aus der renommierten Manufaktur besticht durch ihre perfekte Verarbeitung und klassische kubanische Handwerkskunst.<\/p>\n<p>Kenner sch\u00e4tzen die ausgewogene Tabakmischung aus erlesenen Vuelta Abajo Tabaken, die in einem Format von 95 mm L\u00e4nge bei einem Ringma\u00df von 24 zur Geltung kommt. Mit einer Rauchdauer von etwa 15-20 Minuten bietet sie ein ideales Format f\u00fcr die kleine Genu\u00dfpause.<\/p>\n<ul style=\"margin-left: 20px;\">\n<li>Format: Petit Corona<\/li>\n<li>L\u00e4nge: 95 mm<\/li>\n<li>Ringma\u00df: 24<\/li>\n<li>St\u00e4rke: Mild bis Medium<\/li>\n<li>Herkunft: Cuba, Vuelta Abajo<\/li>\n<li>Verpackung: 20er Schachtel<\/li>\n<\/ul>\n<p>Erfahrene Aficionados berichten von einem cremig-w\u00fcrzigen Charakter mit feinen Noten von Zedernholz, leichter Vanille und einem Hauch von ger\u00f6steten Mandeln. Der Rauchverlauf pr\u00e4sentiert sich harmonisch mit einer angenehmen Entwicklung von milden zu mittleren Aromen.<\/p>\n<p>Die 1875 gegr\u00fcndete Marke Romeo y Julieta verdankt ihren Namen der gleichnamigen Shakespeare-Trag\u00f6die und wurde besonders durch Winston Churchill ber\u00fchmt, der ihr begeisterter Anh\u00e4nger war.<\/p>\n<p>Die Club eignet sich hervorragend f\u00fcr den genussvollen Einstieg in die Welt der Habanos oder als raffinierte Begleitung zum morgendlichen Espresso.<\/p>\n<p><small>Hersteller-\/Inverkehrbringerinformation:<br \/>\n5THAVENUE Products Trading-GmbH<br \/>\nSchwarzenbergstra\u00dfe 3-7<br \/>\nD-79761 Waldshut-Tiengen<br \/>\ninfo@5thAvenue.de<\/small><\/p>","protected":false},"excerpt":{"rendered":"<p>Die Romeo y Julieta Club verk\u00f6rpert die Essenz kubanischer Zigarrenkunst im kompakten Format. Diese elegante Petit Corona aus der renommierten Manufaktur besticht durch ihre perfekte Verarbeitung und klassische kubanische Handwerkskunst. Kenner sch\u00e4tzen die ausgewogene Tabakmischung aus erlesenen Vuelta Abajo Tabaken, die in einem Format von 95 mm L\u00e4nge bei einem Ringma\u00df von 24 zur Geltung kommt. Mit einer Rauchdauer von etwa 15-20 Minuten bietet sie ein ideales Format f\u00fcr die kleine Genu\u00dfpause. Format: Petit Corona L\u00e4nge: 95 mm Ringma\u00df: 24&#8230;<\/p>","protected":false},"featured_media":0,"comment_status":"closed","ping_status":"open","template":"","meta":{"_acf_changed":false},"etheme_brands":[{"term_id":206,"name":"Romeo y Julieta","slug":"romeo-y-julieta","term_group":0,"term_taxonomy_id":206,"taxonomy":"brand","description":"[elementor-template id=\"15563\"]","parent":0,"count":44,"filter":"raw"}],"product_cat":[168,169,160,180],"product_tag":[],"class_list":{"0":"post-26216","1":"product","2":"type-product","3":"status-publish","5":"brand-romeo-y-julieta","6":"product_cat-zigarren","7":"product_cat-cuba","8":"product_cat-romeo-y-julieta","9":"product_cat-zigarillos","10":"pa_laenge-1236","11":"pa_orderable-yes","12":"pa_ringmass-1184","13":"pa_verpackungseinheit-20er-schachtel","15":"first","16":"instock","17":"taxable","18":"shipping-taxable","19":"purchasable","20":"product-type-variable"},"acf":[],"_links":{"self":[{"href":"https:\/\/www.lcdh-bonn.de\/zh\/wp-json\/wp\/v2\/product\/26216","targetHints":{"allow":["GET"]}}],"collection":[{"href":"https:\/\/www.lcdh-bonn.de\/zh\/wp-json\/wp\/v2\/product"}],"about":[{"href":"https:\/\/www.lcdh-bonn.de\/zh\/wp-json\/wp\/v2\/types\/product"}],"replies":[{"embeddable":true,"href":"https:\/\/www.lcdh-bonn.de\/zh\/wp-json\/wp\/v2\/comments?post=26216"}],"wp:attachment":[{"href":"https:\/\/www.lcdh-bonn.de\/zh\/wp-json\/wp\/v2\/media?parent=26216"}],"wp:term":[{"taxonomy":"brand","embeddable":true,"href":"https:\/\/www.lcdh-bonn.de\/zh\/wp-json\/wp\/v2\/etheme_brands?post=26216"},{"taxonomy":"product_cat","embeddable":true,"href":"https:\/\/www.lcdh-bonn.de\/zh\/wp-json\/wp\/v2\/product_cat?post=26216"},{"taxonomy":"product_tag","embeddable":true,"href":"https:\/\/www.lcdh-bonn.de\/zh\/wp-json\/wp\/v2\/product_tag?post=26216"}],"curies":[{"name":"wp","href":"https:\/\/api.w.org\/{rel}","templated":true}]}}