{"id":26258,"date":"2022-08-02T20:00:04","date_gmt":"2022-08-02T18:00:04","guid":{"rendered":"https:\/\/torbru.athene.wpspace.me\/product\/romeo-y-julieta-petit-royales\/"},"modified":"2026-03-04T15:31:33","modified_gmt":"2026-03-04T13:31:33","slug":"romeo-y-julieta-linea-clasica-petit-royales","status":"publish","type":"product","link":"https:\/\/www.lcdh-bonn.de\/zh\/product\/romeo-y-julieta-linea-clasica-petit-royales\/","title":{"rendered":"\u7f57\u5bc6\u6b27\u4e0e\u6731\u4e3d\u53f6\u7cfb\u5217\u7687\u5bb6\u5c0f\u9152\u676f"},"content":{"rendered":"<p>Die Romeo y Julieta Petit Royales verk\u00f6rpert die zeitlose Eleganz der traditionsreichen kubanischen Marke in einem kompakten Format. Diese Caprichos mit einer L\u00e4nge von 95 mm und einem Ringma\u00df von 47 ist ein perfekter Begleiter f\u00fcr den genussvollen Moment zwischendurch.<\/p>\n<p>Gefertigt aus erlesenen Tabaken der Vuelta Abajo Region pr\u00e4sentiert sich diese Vitola in der charakteristischen mittelkr\u00e4ftigen St\u00e4rke der Marke. Die etwa 45-min\u00fctige Rauchdauer bietet ein ausgewogenes Geschmackserlebnis.<\/p>\n<ul style=\"margin-left: 20px\">\n<li style=\"list-style-type: none\">\n<ul style=\"margin-left: 20px\">\u2022 Format: Caprichos<\/ul>\n<\/li>\n<\/ul>\n<p>&nbsp;<\/p>\n<ul style=\"margin-left: 20px\">\n<li style=\"list-style-type: none\">\n<ul style=\"margin-left: 20px\">\u2022 L\u00e4nge: 95 mm<\/ul>\n<\/li>\n<\/ul>\n<p>&nbsp;<\/p>\n<ul style=\"margin-left: 20px\">\n<li style=\"list-style-type: none\">\n<ul style=\"margin-left: 20px\">\u2022 Ringma\u00df: 47<\/ul>\n<\/li>\n<\/ul>\n<p>&nbsp;<\/p>\n<ul style=\"margin-left: 20px\">\n<li style=\"list-style-type: none\">\n<ul style=\"margin-left: 20px\">\u2022 St\u00e4rke: mittelkr\u00e4ftig<\/ul>\n<\/li>\n<\/ul>\n<p>&nbsp;<\/p>\n<ul style=\"margin-left: 20px\">\n<li style=\"list-style-type: none\">\n<ul style=\"margin-left: 20px\">\u2022 Rauchdauer: ca. 45 Minuten<\/ul>\n<\/li>\n<\/ul>\n<p>&nbsp;<\/p>\n<ul style=\"margin-left: 20px\">\u2022 Herkunft: Kuba, Vuelta Abajo<\/ul>\n<p>Kenner sch\u00e4tzen die cremigen Noten von ger\u00f6steten N\u00fcssen, die sich mit dezenten Ankl\u00e4ngen von Zedernholz und einer feinen W\u00fcrze verbinden. Im letzten Drittel entwickelt sich eine angenehme Komplexit\u00e4t mit Nuancen von Leder und Kakao.<\/p>\n<p>Die 1875 gegr\u00fcndete Marke Romeo y Julieta, benannt nach Shakespeares unsterblichem Liebesdrama, wurde besonders durch Winston Churchill ber\u00fchmt, der ihr begeisterter Anh\u00e4nger war.<\/p>\n<p>Erh\u00e4ltlich als:<br \/>\n\u2022 25er Kiste<br \/>\n\u2022 Einzeln<\/p>\n<p>Eine ideale Zigarre f\u00fcr den fr\u00fchen Abend oder als geschmackvoller Begleiter zu einem guten Espresso.<\/p>\n<p>Hersteller-\/Inverkehrbringerinformation:<br \/>\n5THAVENUE Products Trading-GmbH<br \/>\nSchwarzenbergstra\u00dfe 3-7<br \/>\nD-79761 Waldshut-Tiengen<br \/>\ninfo@5thAvenue.de<\/p>","protected":false},"excerpt":{"rendered":"<p>Die Romeo y Julieta Petit Royales verk\u00f6rpert die zeitlose Eleganz der traditionsreichen kubanischen Marke in einem kompakten Format. Diese Caprichos mit einer L\u00e4nge von 95 mm und einem Ringma\u00df von 47 ist ein perfekter Begleiter f\u00fcr den genussvollen Moment zwischendurch. Gefertigt aus erlesenen Tabaken der Vuelta Abajo Region pr\u00e4sentiert sich diese Vitola in der charakteristischen mittelkr\u00e4ftigen St\u00e4rke der Marke. Die etwa 45-min\u00fctige Rauchdauer bietet ein ausgewogenes Geschmackserlebnis. \u2022 Format: Caprichos &nbsp; \u2022 L\u00e4nge: 95 mm &nbsp; \u2022 Ringma\u00df: 47 &nbsp;&#8230;<\/p>","protected":false},"featured_media":35630,"comment_status":"closed","ping_status":"closed","template":"","meta":{"_acf_changed":false},"etheme_brands":[{"term_id":206,"name":"Romeo y Julieta","slug":"romeo-y-julieta","term_group":0,"term_taxonomy_id":206,"taxonomy":"brand","description":"[elementor-template id=\"15563\"]","parent":0,"count":44,"filter":"raw"}],"product_cat":[168,169,160,589],"product_tag":[],"class_list":{"0":"post-26258","1":"product","2":"type-product","3":"status-publish","4":"has-post-thumbnail","6":"brand-romeo-y-julieta","7":"product_cat-zigarren","8":"product_cat-cuba","9":"product_cat-romeo-y-julieta","10":"product_cat-linea-clasica-romeo-y-julieta","11":"pa_laenge-1221","12":"pa_orderable-no","13":"pa_ringmass-1184","14":"pa_verpackungseinheit-25er-kiste","15":"pa_verpackungseinheit-einzeln","17":"first","18":"instock","19":"taxable","20":"shipping-taxable","21":"purchasable","22":"product-type-variable"},"acf":[],"_links":{"self":[{"href":"https:\/\/www.lcdh-bonn.de\/zh\/wp-json\/wp\/v2\/product\/26258","targetHints":{"allow":["GET"]}}],"collection":[{"href":"https:\/\/www.lcdh-bonn.de\/zh\/wp-json\/wp\/v2\/product"}],"about":[{"href":"https:\/\/www.lcdh-bonn.de\/zh\/wp-json\/wp\/v2\/types\/product"}],"replies":[{"embeddable":true,"href":"https:\/\/www.lcdh-bonn.de\/zh\/wp-json\/wp\/v2\/comments?post=26258"}],"wp:featuredmedia":[{"embeddable":true,"href":"https:\/\/www.lcdh-bonn.de\/zh\/wp-json\/wp\/v2\/media\/35630"}],"wp:attachment":[{"href":"https:\/\/www.lcdh-bonn.de\/zh\/wp-json\/wp\/v2\/media?parent=26258"}],"wp:term":[{"taxonomy":"brand","embeddable":true,"href":"https:\/\/www.lcdh-bonn.de\/zh\/wp-json\/wp\/v2\/etheme_brands?post=26258"},{"taxonomy":"product_cat","embeddable":true,"href":"https:\/\/www.lcdh-bonn.de\/zh\/wp-json\/wp\/v2\/product_cat?post=26258"},{"taxonomy":"product_tag","embeddable":true,"href":"https:\/\/www.lcdh-bonn.de\/zh\/wp-json\/wp\/v2\/product_tag?post=26258"}],"curies":[{"name":"wp","href":"https:\/\/api.w.org\/{rel}","templated":true}]}}