{"id":26299,"date":"2022-08-02T20:00:42","date_gmt":"2022-08-02T18:00:42","guid":{"rendered":"https:\/\/torbru.athene.wpspace.me\/product\/san-cristobal-de-la-habana-la-punta\/"},"modified":"2026-01-29T13:38:21","modified_gmt":"2026-01-29T11:38:21","slug":"san-cristobal-de-la-habana-la-punta","status":"publish","type":"product","link":"https:\/\/www.lcdh-bonn.de\/zh\/product\/san-cristobal-de-la-habana-la-punta\/","title":{"rendered":"\u5723\u514b\u91cc\u65af\u6258\u74e6\u5c14-\u5fb7\u62c9\u54c8\u74e6\u7eb3 \u62c9\u84ec\u5854"},"content":{"rendered":"<p>Die San Cristobal de La Habana La Punta verk\u00f6rpert die Essenz kubanischer Zigarrenkunst im eleganten Campanas-Format. Diese 1999 zu Ehren der Altstadt Havannas kreierte Marke pr\u00e4sentiert mit der La Punta eine mittelkr\u00e4ftige Habano von au\u00dfergew\u00f6hnlicher Finesse.<\/p>\n<p>Kenner sch\u00e4tzen die sorgf\u00e4ltig ausgew\u00e4hlten Tabake aus der prestigetr\u00e4chtigen Pinar del R\u00edo Region. Mit einer L\u00e4nge von 140 mm und einem Ringma\u00df von 52 verspricht diese Vitola etwa 45-55 Minuten Rauchgenuss.<\/p>\n<div style=\"text-align: center;\">\n<ul style=\"display: inline-block; text-align: left;\">\n\u2022 Format: Campanas<br \/>\n\u2022 L\u00e4nge: 140 mm<br \/>\n\u2022 Ringma\u00df: 52<br \/>\n\u2022 St\u00e4rke: Medium<br \/>\n\u2022 Herkunft: Kuba, Pinar del R\u00edo<br \/>\n\u2022 Rauchdauer: 45-55 Minuten\n<\/ul>\n<\/div>\n<p>Erfahrene Aficionados berichten von einem komplexen Aromenprofil mit Noten von ger\u00f6steten N\u00fcssen, feiner W\u00fcrze und subtilen Ankl\u00e4ngen von Zedernholz. Im Rauchverlauf entwickelt sich eine harmonische Balance zwischen cremiger S\u00fc\u00dfe und dezenter Pfeffernote.<\/p>\n<p>Die La Punta eignet sich hervorragend f\u00fcr entspannte Abendstunden oder gehobene gesellschaftliche Anl\u00e4sse. Erh\u00e4ltlich als Einzelst\u00fcck oder in der klassischen 25er Kiste.<\/p>\n<p>Hersteller-\/Inverkehrbringerinformation:<br \/>\n5THAVENUE Products Trading-GmbH<br \/>\nSchwarzenbergstra\u00dfe 3-7<br \/>\nD-79761 Waldshut-Tiengen<br \/>\ninfo@5thAvenue.de<\/p>","protected":false},"excerpt":{"rendered":"<p>Die San Cristobal de La Habana La Punta verk\u00f6rpert die Essenz kubanischer Zigarrenkunst im eleganten Campanas-Format. Diese 1999 zu Ehren der Altstadt Havannas kreierte Marke pr\u00e4sentiert mit der La Punta eine mittelkr\u00e4ftige Habano von au\u00dfergew\u00f6hnlicher Finesse. Kenner sch\u00e4tzen die sorgf\u00e4ltig ausgew\u00e4hlten Tabake aus der prestigetr\u00e4chtigen Pinar del R\u00edo Region. Mit einer L\u00e4nge von 140 mm und einem Ringma\u00df von 52 verspricht diese Vitola etwa 45-55 Minuten Rauchgenuss. \u2022 Format: Campanas \u2022 L\u00e4nge: 140 mm \u2022 Ringma\u00df: 52 \u2022 St\u00e4rke: Medium&#8230;<\/p>","protected":false},"featured_media":35641,"comment_status":"closed","ping_status":"closed","template":"","meta":{"_acf_changed":false},"etheme_brands":[{"term_id":208,"name":"San Cristobal de La Habana","slug":"san-cristobal-de-la-habana","term_group":0,"term_taxonomy_id":208,"taxonomy":"brand","description":"[elementor-template id=\"15563\"]","parent":0,"count":4,"filter":"raw"}],"product_cat":[168,169,162],"product_tag":[],"class_list":{"0":"post-26299","1":"product","2":"type-product","3":"status-publish","4":"has-post-thumbnail","6":"brand-san-cristobal-de-la-habana","7":"product_cat-zigarren","8":"product_cat-cuba","9":"product_cat-san-cristobal-de-la-habana","10":"pa_laenge-1166","11":"pa_orderable-no","12":"pa_ringmass-1178","13":"pa_verpackungseinheit-25er-kiste","14":"pa_verpackungseinheit-einzeln","16":"first","17":"outofstock","18":"taxable","19":"shipping-taxable","20":"product-type-variable"},"acf":[],"_links":{"self":[{"href":"https:\/\/www.lcdh-bonn.de\/zh\/wp-json\/wp\/v2\/product\/26299","targetHints":{"allow":["GET"]}}],"collection":[{"href":"https:\/\/www.lcdh-bonn.de\/zh\/wp-json\/wp\/v2\/product"}],"about":[{"href":"https:\/\/www.lcdh-bonn.de\/zh\/wp-json\/wp\/v2\/types\/product"}],"replies":[{"embeddable":true,"href":"https:\/\/www.lcdh-bonn.de\/zh\/wp-json\/wp\/v2\/comments?post=26299"}],"wp:featuredmedia":[{"embeddable":true,"href":"https:\/\/www.lcdh-bonn.de\/zh\/wp-json\/wp\/v2\/media\/35641"}],"wp:attachment":[{"href":"https:\/\/www.lcdh-bonn.de\/zh\/wp-json\/wp\/v2\/media?parent=26299"}],"wp:term":[{"taxonomy":"brand","embeddable":true,"href":"https:\/\/www.lcdh-bonn.de\/zh\/wp-json\/wp\/v2\/etheme_brands?post=26299"},{"taxonomy":"product_cat","embeddable":true,"href":"https:\/\/www.lcdh-bonn.de\/zh\/wp-json\/wp\/v2\/product_cat?post=26299"},{"taxonomy":"product_tag","embeddable":true,"href":"https:\/\/www.lcdh-bonn.de\/zh\/wp-json\/wp\/v2\/product_tag?post=26299"}],"curies":[{"name":"wp","href":"https:\/\/api.w.org\/{rel}","templated":true}]}}