{"id":26358,"date":"2022-08-02T20:00:42","date_gmt":"2022-08-02T18:00:42","guid":{"rendered":"https:\/\/torbru.athene.wpspace.me\/product\/vegueros-mananitas\/"},"modified":"2026-03-02T16:08:11","modified_gmt":"2026-03-02T14:08:11","slug":"vegueros-mananitas","status":"publish","type":"product","link":"https:\/\/www.lcdh-bonn.de\/zh\/product\/vegueros-mananitas\/","title":{"rendered":"Vegueros Ma\u00f1anitas"},"content":{"rendered":"<p>Die Vegueros Ma\u00f1anitas verk\u00f6rpert die authentische Tradition der kubanischen Tabakregion Pinar del R\u00edo. Diese elegante Petit Corona pr\u00e4sentiert sich in einem klassischen Format von 100 mm L\u00e4nge bei einem Ringma\u00df von 46.<\/p>\n<p>Kenner sch\u00e4tzen die ausgewogene Tabakmischung aus handverlesenen Bl\u00e4ttern der Vuelta Abajo Region. Die mittelkr\u00e4ftige Zigarre entfaltet sich \u00fcber eine Rauchdauer von etwa 30-40 Minuten.<\/p>\n<ul style=\"text-align: center;\">\n<li>Format: Ma\u00f1anitas (Petit Corona)<\/li>\n<li>L\u00e4nge: 100 mm<\/li>\n<li>Ringma\u00df: 46<\/li>\n<li>St\u00e4rke: Medium<\/li>\n<li>Herkunft: Pinar del R\u00edo, Kuba<\/li>\n<li>Rauchdauer: 30-40 Minuten<\/li>\n<\/ul>\n<p>Erfahrene Aficionados berichten von einem charaktervollen Aromenprofil mit Noten von ger\u00f6steten N\u00fcssen, Zedernholz und einem Hauch von Kakao. Im Rauchverlauf entwickelt sich eine angenehme Cremigkeit mit dezenten Gew\u00fcrznoten.<\/p>\n<p>Die Marke Vegueros, benannt nach den traditionellen Tabakbauern Kubas, wurde 1996 als Hommage an die Region Pinar del R\u00edo eingef\u00fchrt. Die Ma\u00f1anitas eignet sich besonders f\u00fcr den morgendlichen Genuss oder als perfekte Begleitung zum Nachmittagskaffee.<\/p>\n<p>Erh\u00e4ltlich als:<br \/>\n&#8211; 16er Kiste<br \/>\n&#8211; 4er Schachtel<br \/>\n&#8211; Einzeln<\/p>\n<p>Hersteller-\/Inverkehrbringerinformation:<br \/>\n5THAVENUE Products Trading-GmbH<br \/>\nSchwarzenbergstra\u00dfe 3-7<br \/>\nD-79761 Waldshut-Tiengen<br \/>\ninfo@5thAvenue.de<\/p>","protected":false},"excerpt":{"rendered":"<p>Die Vegueros Ma\u00f1anitas verk\u00f6rpert die authentische Tradition der kubanischen Tabakregion Pinar del R\u00edo. Diese elegante Petit Corona pr\u00e4sentiert sich in einem klassischen Format von 100 mm L\u00e4nge bei einem Ringma\u00df von 46. Kenner sch\u00e4tzen die ausgewogene Tabakmischung aus handverlesenen Bl\u00e4ttern der Vuelta Abajo Region. Die mittelkr\u00e4ftige Zigarre entfaltet sich \u00fcber eine Rauchdauer von etwa 30-40 Minuten. Format: Ma\u00f1anitas (Petit Corona) L\u00e4nge: 100 mm Ringma\u00df: 46 St\u00e4rke: Medium Herkunft: Pinar del R\u00edo, Kuba Rauchdauer: 30-40 Minuten Erfahrene Aficionados berichten von einem&#8230;<\/p>","protected":false},"featured_media":0,"comment_status":"closed","ping_status":"closed","template":"","meta":{"_acf_changed":false},"etheme_brands":[{"term_id":212,"name":"Vegueros","slug":"vegueros","term_group":0,"term_taxonomy_id":212,"taxonomy":"brand","description":"[elementor-template id=\"15563\"]","parent":0,"count":4,"filter":"raw"}],"product_cat":[168,169,166],"product_tag":[],"class_list":{"0":"post-26358","1":"product","2":"type-product","3":"status-publish","5":"brand-vegueros","6":"product_cat-zigarren","7":"product_cat-cuba","8":"product_cat-vegueros","9":"pa_laenge-1185","10":"pa_orderable-no","11":"pa_ringmass-1187","12":"pa_verpackungseinheit-16er-kiste","13":"pa_verpackungseinheit-4er-schachtel","14":"pa_verpackungseinheit-einzeln","16":"first","17":"instock","18":"taxable","19":"shipping-taxable","20":"product-type-variable"},"acf":[],"_links":{"self":[{"href":"https:\/\/www.lcdh-bonn.de\/zh\/wp-json\/wp\/v2\/product\/26358","targetHints":{"allow":["GET"]}}],"collection":[{"href":"https:\/\/www.lcdh-bonn.de\/zh\/wp-json\/wp\/v2\/product"}],"about":[{"href":"https:\/\/www.lcdh-bonn.de\/zh\/wp-json\/wp\/v2\/types\/product"}],"replies":[{"embeddable":true,"href":"https:\/\/www.lcdh-bonn.de\/zh\/wp-json\/wp\/v2\/comments?post=26358"}],"wp:attachment":[{"href":"https:\/\/www.lcdh-bonn.de\/zh\/wp-json\/wp\/v2\/media?parent=26358"}],"wp:term":[{"taxonomy":"brand","embeddable":true,"href":"https:\/\/www.lcdh-bonn.de\/zh\/wp-json\/wp\/v2\/etheme_brands?post=26358"},{"taxonomy":"product_cat","embeddable":true,"href":"https:\/\/www.lcdh-bonn.de\/zh\/wp-json\/wp\/v2\/product_cat?post=26358"},{"taxonomy":"product_tag","embeddable":true,"href":"https:\/\/www.lcdh-bonn.de\/zh\/wp-json\/wp\/v2\/product_tag?post=26358"}],"curies":[{"name":"wp","href":"https:\/\/api.w.org\/{rel}","templated":true}]}}