{"id":27102,"date":"2022-08-02T20:28:16","date_gmt":"2022-08-02T18:28:16","guid":{"rendered":"https:\/\/torbru.athene.wpspace.me\/?post_type=product&#038;p=27102"},"modified":"2026-04-13T13:16:16","modified_gmt":"2026-04-13T11:16:16","slug":"romeo-y-julieta-linea-de-oro-dianas","status":"publish","type":"product","link":"https:\/\/www.lcdh-bonn.de\/zh\/product\/romeo-y-julieta-linea-de-oro-dianas\/","title":{"rendered":"Romeo y Julieta Linea de Oro Dianas"},"content":{"rendered":"<p>Die Romeo y Julieta Linea de Oro Dianas verk\u00f6rpert kubanische Zigarrenkunst in ihrer elegantesten Form. Diese exquisite Vitola im Hermosos No. 2 Format pr\u00e4sentiert sich in den klassischen Ma\u00dfen 48 x 140mm (Ringma\u00df x L\u00e4nge).<\/p>\n<p>Gefertigt in der renommierten El Laguito Manufaktur in Havanna, vereint diese Premiumzigarre ausschlie\u00dflich Tabake aus der Spitzenregion Pinar del Rio. Die sorgf\u00e4ltig ausgew\u00e4hlten Bl\u00e4tter der Vuelta Abajo ergeben eine mittelkr\u00e4ftige bis kr\u00e4ftige Mischung.<\/p>\n<ul style=\"margin-left: 20px\">\n<li style=\"list-style-type: none\">\n<ul style=\"margin-left: 20px\">\u2022 Format: Hermosos No. 2<\/ul>\n<\/li>\n<\/ul>\n<p>&nbsp;<\/p>\n<ul style=\"margin-left: 20px\">\n<li style=\"list-style-type: none\">\n<ul style=\"margin-left: 20px\">\u2022 Ma\u00dfe: 48 x 140mm<\/ul>\n<\/li>\n<\/ul>\n<p>&nbsp;<\/p>\n<ul style=\"margin-left: 20px\">\n<li style=\"list-style-type: none\">\n<ul style=\"margin-left: 20px\">\u2022 St\u00e4rke: Mittelkr\u00e4ftig bis kr\u00e4ftig<\/ul>\n<\/li>\n<\/ul>\n<p>&nbsp;<\/p>\n<ul style=\"margin-left: 20px\">\n<li style=\"list-style-type: none\">\n<ul style=\"margin-left: 20px\">\u2022 Rauchdauer: ca. 60-75 Minuten<\/ul>\n<\/li>\n<\/ul>\n<p>&nbsp;<\/p>\n<ul style=\"margin-left: 20px\">\n<li style=\"list-style-type: none\">\n<ul style=\"margin-left: 20px\">\u2022 Herkunft: Kuba, Pinar del Rio<\/ul>\n<\/li>\n<\/ul>\n<p>&nbsp;<\/p>\n<ul style=\"margin-left: 20px\">\u2022 Verpackung: 20er Kiste, Einzeln erh\u00e4ltlich<\/ul>\n<p>Kenner berichten von einem komplexen Aromenprofil mit Noten von ger\u00f6steten N\u00fcssen, feiner Holzw\u00fcrze und s\u00fc\u00dflichen Kakaonuancen. Im Rauchverlauf entwickelt sich ein harmonisches Zusammenspiel von cremiger Textur und dezenter Pfefferw\u00fcrze.<\/p>\n<p>Als Teil der prestigetr\u00e4chtigen Linea de Oro Serie, die 2020 eingef\u00fchrt wurde, repr\u00e4sentiert die Dianas die Quintessenz der 1875 gegr\u00fcndeten Marke Romeo y Julieta. Eine perfekte Wahl f\u00fcr besondere Anl\u00e4sse, meditative Abendstunden oder als hochwertige Erg\u00e4nzung einer anspruchsvollen Sammlung.<\/p>\n<p>Hersteller-\/Inverkehrbringerinformation:<br \/>\n5THAVENUE Products Trading-GmbH<br \/>\nSchwarzenbergstra\u00dfe 3-7<br \/>\nD-79761 Waldshut-Tiengen<br \/>\ninfo@5thAvenue.de<\/p>","protected":false},"excerpt":{"rendered":"<p>Die Romeo y Julieta Linea de Oro Dianas verk\u00f6rpert kubanische Zigarrenkunst in ihrer elegantesten Form. Diese exquisite Vitola im Hermosos No. 2 Format pr\u00e4sentiert sich in den klassischen Ma\u00dfen 48 x 140mm (Ringma\u00df x L\u00e4nge). Gefertigt in der renommierten El Laguito Manufaktur in Havanna, vereint diese Premiumzigarre ausschlie\u00dflich Tabake aus der Spitzenregion Pinar del Rio. Die sorgf\u00e4ltig ausgew\u00e4hlten Bl\u00e4tter der Vuelta Abajo ergeben eine mittelkr\u00e4ftige bis kr\u00e4ftige Mischung. \u2022 Format: Hermosos No. 2 &nbsp; \u2022 Ma\u00dfe: 48 x 140mm &nbsp;&#8230;<\/p>","protected":false},"featured_media":0,"comment_status":"closed","ping_status":"closed","template":"","meta":{"_acf_changed":false},"etheme_brands":[{"term_id":206,"name":"Romeo y Julieta","slug":"romeo-y-julieta","term_group":0,"term_taxonomy_id":206,"taxonomy":"brand","description":"[elementor-template id=\"15563\"]","parent":0,"count":44,"filter":"raw"}],"product_cat":[168,169,160,663],"product_tag":[],"class_list":{"0":"post-27102","1":"product","2":"type-product","3":"status-publish","5":"brand-romeo-y-julieta","6":"product_cat-zigarren","7":"product_cat-cuba","8":"product_cat-romeo-y-julieta","9":"product_cat-linea-de-oro-romeo-y-julieta","10":"pa_orderable-yes","11":"pa_verpackungseinheit-20er-kiste","12":"pa_verpackungseinheit-einzeln","14":"first","15":"instock","16":"taxable","17":"shipping-taxable","18":"product-type-variable","19":"has-default-attributes"},"acf":[],"_links":{"self":[{"href":"https:\/\/www.lcdh-bonn.de\/zh\/wp-json\/wp\/v2\/product\/27102","targetHints":{"allow":["GET"]}}],"collection":[{"href":"https:\/\/www.lcdh-bonn.de\/zh\/wp-json\/wp\/v2\/product"}],"about":[{"href":"https:\/\/www.lcdh-bonn.de\/zh\/wp-json\/wp\/v2\/types\/product"}],"replies":[{"embeddable":true,"href":"https:\/\/www.lcdh-bonn.de\/zh\/wp-json\/wp\/v2\/comments?post=27102"}],"wp:attachment":[{"href":"https:\/\/www.lcdh-bonn.de\/zh\/wp-json\/wp\/v2\/media?parent=27102"}],"wp:term":[{"taxonomy":"brand","embeddable":true,"href":"https:\/\/www.lcdh-bonn.de\/zh\/wp-json\/wp\/v2\/etheme_brands?post=27102"},{"taxonomy":"product_cat","embeddable":true,"href":"https:\/\/www.lcdh-bonn.de\/zh\/wp-json\/wp\/v2\/product_cat?post=27102"},{"taxonomy":"product_tag","embeddable":true,"href":"https:\/\/www.lcdh-bonn.de\/zh\/wp-json\/wp\/v2\/product_tag?post=27102"}],"curies":[{"name":"wp","href":"https:\/\/api.w.org\/{rel}","templated":true}]}}