{"id":27106,"date":"2022-08-02T20:28:16","date_gmt":"2022-08-02T18:28:16","guid":{"rendered":"https:\/\/torbru.athene.wpspace.me\/?post_type=product&#038;p=27106"},"modified":"2026-01-29T12:11:11","modified_gmt":"2026-01-29T10:11:11","slug":"romeo-y-julieta-linea-de-oro-hidalgos","status":"publish","type":"product","link":"https:\/\/www.lcdh-bonn.de\/zh\/product\/romeo-y-julieta-linea-de-oro-hidalgos\/","title":{"rendered":"\u7f57\u5bc6\u6b27\u4e0e\u6731\u4e3d\u53f6\u7cfb\u5217\u7ea2\u8461\u8404\u9152"},"content":{"rendered":"<p>Die Romeo y Julieta Linea de Oro Hidalgos verk\u00f6rpert kubanische Zigarrenkunst in ihrer elegantesten Form. Diese exquisite Vitola im Robusto-Format pr\u00e4sentiert sich in perfekter Verarbeitung mit einem seidigen, \u00f6ligen Colorado-Deckblatt.<\/p>\n<p>Kenner sch\u00e4tzen die ausgew\u00e4hlten Tabake aus der privilegierten Vuelta Abajo Region, die dieser Premium-Linie ihren unverwechselbaren Charakter verleihen. Erfahrene Aficionados berichten von einem komplexen Aromenspektrum mit Noten von ger\u00f6steten N\u00fcssen, feiner Holzw\u00fcrze, cremiger Vanille und einem Hauch von Kakao.<\/p>\n<div style=\"text-align: center;\">\n<ul style=\"display: inline-block; text-align: left;\">\n\u2022 Format: Robusto<br \/>\n\u2022 Ma\u00dfe: 127 mm x 19,84 mm (Ringma\u00df 50)<br \/>\n\u2022 Herkunft: Kuba, Vuelta Abajo<br \/>\n\u2022 St\u00e4rke: Medium bis kr\u00e4ftig<br \/>\n\u2022 Rauchdauer: ca. 45-60 Minuten<br \/>\n\u2022 Verpackung: 20er Kiste, Einzeln erh\u00e4ltlich\n<\/ul>\n<\/div>\n<p>Der Rauchverlauf entwickelt sich harmonisch von w\u00fcrzig-cremigen Anfangsnoten zu einer ausgewogenen mittleren Phase, gekr\u00f6nt von einem kraftvoll-eleganten Finale. Als Teil der prestigetr\u00e4chtigen Linea de Oro Kollektion, die 2020 eingef\u00fchrt wurde, repr\u00e4sentiert die Hidalgos die Quintessenz der seit 1875 bestehenden Marke Romeo y Julieta.<\/p>\n<p>Eine perfekte Wahl f\u00fcr besondere Anl\u00e4sse, meditative Abendstunden oder als kr\u00f6nender Abschluss eines gelungenen Dinners. Die Hidalgos begeistert sowohl erfahrene Aficionados als auch ambitionierte Einsteiger, die das Au\u00dfergew\u00f6hnliche suchen.<\/p>\n<p><small>Hersteller-\/Inverkehrbringerinformation:<br \/>\n5THAVENUE Products Trading-GmbH<br \/>\nSchwarzenbergstra\u00dfe 3-7<br \/>\nD-79761 Waldsh<\/p>","protected":false},"excerpt":{"rendered":"<p>Die Romeo y Julieta Linea de Oro Hidalgos verk\u00f6rpert kubanische Zigarrenkunst in ihrer elegantesten Form. Diese exquisite Vitola im Robusto-Format pr\u00e4sentiert sich in perfekter Verarbeitung mit einem seidigen, \u00f6ligen Colorado-Deckblatt. Kenner sch\u00e4tzen die ausgew\u00e4hlten Tabake aus der privilegierten Vuelta Abajo Region, die dieser Premium-Linie ihren unverwechselbaren Charakter verleihen. Erfahrene Aficionados berichten von einem komplexen Aromenspektrum mit Noten von ger\u00f6steten N\u00fcssen, feiner Holzw\u00fcrze, cremiger Vanille und einem Hauch von Kakao. \u2022 Format: Robusto \u2022 Ma\u00dfe: 127 mm x 19,84 mm (Ringma\u00df&#8230;<\/p>","protected":false},"featured_media":0,"comment_status":"closed","ping_status":"closed","template":"","meta":{"_acf_changed":false},"etheme_brands":[{"term_id":206,"name":"Romeo y Julieta","slug":"romeo-y-julieta","term_group":0,"term_taxonomy_id":206,"taxonomy":"brand","description":"[elementor-template id=\"15563\"]","parent":0,"count":44,"filter":"raw"}],"product_cat":[168,169,160,663],"product_tag":[],"class_list":{"0":"post-27106","1":"product","2":"type-product","3":"status-publish","5":"brand-romeo-y-julieta","6":"product_cat-zigarren","7":"product_cat-cuba","8":"product_cat-romeo-y-julieta","9":"product_cat-linea-de-oro-romeo-y-julieta","10":"pa_orderable-no","11":"pa_verpackungseinheit-20er-kiste","12":"pa_verpackungseinheit-einzeln","14":"first","15":"outofstock","16":"taxable","17":"shipping-taxable","18":"purchasable","19":"product-type-variable"},"acf":[],"_links":{"self":[{"href":"https:\/\/www.lcdh-bonn.de\/zh\/wp-json\/wp\/v2\/product\/27106","targetHints":{"allow":["GET"]}}],"collection":[{"href":"https:\/\/www.lcdh-bonn.de\/zh\/wp-json\/wp\/v2\/product"}],"about":[{"href":"https:\/\/www.lcdh-bonn.de\/zh\/wp-json\/wp\/v2\/types\/product"}],"replies":[{"embeddable":true,"href":"https:\/\/www.lcdh-bonn.de\/zh\/wp-json\/wp\/v2\/comments?post=27106"}],"wp:attachment":[{"href":"https:\/\/www.lcdh-bonn.de\/zh\/wp-json\/wp\/v2\/media?parent=27106"}],"wp:term":[{"taxonomy":"brand","embeddable":true,"href":"https:\/\/www.lcdh-bonn.de\/zh\/wp-json\/wp\/v2\/etheme_brands?post=27106"},{"taxonomy":"product_cat","embeddable":true,"href":"https:\/\/www.lcdh-bonn.de\/zh\/wp-json\/wp\/v2\/product_cat?post=27106"},{"taxonomy":"product_tag","embeddable":true,"href":"https:\/\/www.lcdh-bonn.de\/zh\/wp-json\/wp\/v2\/product_tag?post=27106"}],"curies":[{"name":"wp","href":"https:\/\/api.w.org\/{rel}","templated":true}]}}