{"id":37290,"date":"2022-12-26T17:13:52","date_gmt":"2022-12-26T15:13:52","guid":{"rendered":"https:\/\/torbru.athene.wpspace.me\/product\/montecristo-linea-edmundo-wide-edmundo\/"},"modified":"2026-01-29T12:27:19","modified_gmt":"2026-01-29T10:27:19","slug":"montecristo-linea-edmundo-wide-edmundo","status":"publish","type":"product","link":"https:\/\/www.lcdh-bonn.de\/zh\/product\/montecristo-linea-edmundo-wide-edmundo\/","title":{"rendered":"\u8499\u7279\u514b\u91cc\u65af\u6258\uff08Montecristo\uff09Linea Edmundo\u5bbd\u5e45Edmundo"},"content":{"rendered":"<p>Die Montecristo Wide Edmundo verk\u00f6rpert die Essenz kubanischer Zigarrenkunst in einem gro\u00dfz\u00fcgigen Format. Diese imposante Habano aus der renommierten Edmundo-Linie pr\u00e4sentiert sich in einem eleganten 54er Ringma\u00df bei 125mm L\u00e4nge &#8211; ein Format, das Zigarrenliebhaber als &#8220;Robusto Extra&#8221; kennen.<\/p>\n<p>Gefertigt aus erlesenen Tabaken der Region Pinar del R\u00edo, vereint sie die charakteristische Montecristo-Mischung zu einem mittelkr\u00e4ftigen bis kr\u00e4ftigen Smoke. Kenner sch\u00e4tzen die etwa 60-min\u00fctige Rauchdauer, die gen\u00fcgend Zeit f\u00fcr eine kontemplative Genussreise bietet.<\/p>\n<ul style=\"margin-left:20px;\">\n\u2022 Format: Robusto Extra<br \/>\n\u2022 L\u00e4nge: 125 mm<br \/>\n\u2022 Ringma\u00df: 54<br \/>\n\u2022 St\u00e4rke: mittelkr\u00e4ftig-kr\u00e4ftig<br \/>\n\u2022 Rauchdauer: ca. 60 Minuten<br \/>\n\u2022 Herkunft: Kuba, Pinar del R\u00edo\n<\/ul>\n<p>Erfahrene Aficionados berichten von einem komplexen Aromenspektrum: W\u00fcrzige Ledernoten harmonieren mit dunkler Schokolade, w\u00e4hrend dezente Holz- und Erdt\u00f6ne von feinen Kaffeenuancen begleitet werden. Der Rauchverlauf entwickelt sich von w\u00fcrzig-kraftvoll zu einer ausgewogenen Komplexit\u00e4t im letzten Drittel.<\/p>\n<p>Die 1935 gegr\u00fcndete Marke Montecristo, benannt nach dem Romanklassiker von Alexandre Dumas, steht f\u00fcr kompromisslose Qualit\u00e4t und kubanische Tradition. Die Wide Edmundo f\u00fchrt dieses Erbe w\u00fcrdig fort.<\/p>\n<p>Erh\u00e4ltlich als Einzelzigarre oder in der klassischen 10er bzw. 25er Kiste &#8211; ideal f\u00fcr besondere Momente, seien es gesch\u00e4ftliche Erfolge oder entspannte Abende unter Gleichgesinnten.<\/p>\n<p><small>Hersteller-\/Inverkehrbringerinformation:<br \/>\n5THAVENUE Products Trading-GmbH<br \/>\nSchwarzenbergstra\u00dfe 3-7<br \/>\nD-79761<\/p>","protected":false},"excerpt":{"rendered":"<p>\u8499\u7279\u514b\u91cc\u65af\u6258\u5bbd\u57c3\u5fb7\u8499\u591a<\/p>","protected":false},"featured_media":37305,"comment_status":"closed","ping_status":"closed","template":"","meta":{"_acf_changed":false},"etheme_brands":[{"term_id":198,"name":"Montecristo","slug":"montecristo","term_group":0,"term_taxonomy_id":198,"taxonomy":"brand","description":"[elementor-template id=\"15563\"]","parent":0,"count":47,"filter":"raw"}],"product_cat":[168,169,152,522],"product_tag":[],"class_list":{"0":"post-37290","1":"product","2":"type-product","3":"status-publish","4":"has-post-thumbnail","6":"brand-montecristo","7":"product_cat-zigarren","8":"product_cat-cuba","9":"product_cat-montecristo","10":"product_cat-linea-edmundo","11":"pa_laenge-582","12":"pa_orderable-no","13":"pa_ringmass-438","14":"pa_verpackungseinheit-10er-kiste","15":"pa_verpackungseinheit-25er-kiste","16":"pa_verpackungseinheit-einzeln","18":"first","19":"outofstock","20":"taxable","21":"shipping-taxable","22":"product-type-variable"},"acf":[],"_links":{"self":[{"href":"https:\/\/www.lcdh-bonn.de\/zh\/wp-json\/wp\/v2\/product\/37290","targetHints":{"allow":["GET"]}}],"collection":[{"href":"https:\/\/www.lcdh-bonn.de\/zh\/wp-json\/wp\/v2\/product"}],"about":[{"href":"https:\/\/www.lcdh-bonn.de\/zh\/wp-json\/wp\/v2\/types\/product"}],"replies":[{"embeddable":true,"href":"https:\/\/www.lcdh-bonn.de\/zh\/wp-json\/wp\/v2\/comments?post=37290"}],"wp:featuredmedia":[{"embeddable":true,"href":"https:\/\/www.lcdh-bonn.de\/zh\/wp-json\/wp\/v2\/media\/37305"}],"wp:attachment":[{"href":"https:\/\/www.lcdh-bonn.de\/zh\/wp-json\/wp\/v2\/media?parent=37290"}],"wp:term":[{"taxonomy":"brand","embeddable":true,"href":"https:\/\/www.lcdh-bonn.de\/zh\/wp-json\/wp\/v2\/etheme_brands?post=37290"},{"taxonomy":"product_cat","embeddable":true,"href":"https:\/\/www.lcdh-bonn.de\/zh\/wp-json\/wp\/v2\/product_cat?post=37290"},{"taxonomy":"product_tag","embeddable":true,"href":"https:\/\/www.lcdh-bonn.de\/zh\/wp-json\/wp\/v2\/product_tag?post=37290"}],"curies":[{"name":"wp","href":"https:\/\/api.w.org\/{rel}","templated":true}]}}