{"id":38287,"date":"2023-04-03T17:47:09","date_gmt":"2023-04-03T15:47:09","guid":{"rendered":"https:\/\/torbru.athene.wpspace.me\/produkt\/partagas-linea-maestra-rito\/"},"modified":"2026-02-17T19:00:44","modified_gmt":"2026-02-17T17:00:44","slug":"partagas-linea-maestra-rito","status":"publish","type":"product","link":"https:\/\/www.lcdh-bonn.de\/zh\/product\/partagas-linea-maestra-rito\/","title":{"rendered":"Partagas Linea Maestra Rito"},"content":{"rendered":"<p>Die Partagas Linea Maestra Rito verk\u00f6rpert die Essenz kubanischer Zigarrenkunst in ihrer elegantesten Form. Als Teil der exklusiven Linea Maestra Serie pr\u00e4sentiert sich diese Vitola im imposanten Format von 168 mm L\u00e4nge bei einem Ringma\u00df von 52.<\/p>\n<p>Kenner sch\u00e4tzen die ausgew\u00e4hlten Tabake aus der prestigetr\u00e4chtigen Pinar del R\u00edo Region, die dieser Habano ihren charakteristischen Charakter verleihen. Die sorgf\u00e4ltig kuratierten Einlagetabake harmonieren perfekt mit dem edlen Umblatt und dem \u00f6ligen, makellosen Deckblatt.<\/p>\n<div style=\"text-align: center;\">\n<strong>Produktdetails:<\/strong><br \/>\n\u2022 Format: Rito (168 mm \u00d7 52)<br \/>\n\u2022 Herkunft: Cuba, Pinar del R\u00edo<br \/>\n\u2022 St\u00e4rke: Medium bis kr\u00e4ftig<br \/>\n\u2022 Rauchdauer: ca. 75-90 Minuten<br \/>\n\u2022 Verpackung: 20er Kiste, Einzeln erh\u00e4ltlich\n<\/div>\n<p>Erfahrene Aficionados berichten von einem komplexen Aromenprofil mit Noten von ger\u00f6steten N\u00fcssen, dunkler Schokolade und einem Hauch von Leder, unterlegt mit feinen Gew\u00fcrznuancen. Der Rauchverlauf offenbart eine geschmeidige Entwicklung von w\u00fcrzigen Auftaktnoten bis hin zu einem cremig-samtigen Finale.<\/p>\n<p>Die 1845 gegr\u00fcndete Marke Partagas steht seit jeher f\u00fcr kompromisslose Qualit\u00e4t und authentischen kubanischen Tabakgenuss. Diese Linea Maestra Edition unterstreicht eindrucksvoll dieses Erbe.<\/p>\n<p>Eine ideale Begleitung f\u00fcr besondere Momente, sei es zur Feier eines Erfolgs oder f\u00fcr einen entspannten Abend mit kultivierten Genie\u00dfern.<\/p>\n<p><small>Hersteller-\/Inverkehrbringerinformation:<br \/>\n5THAVENUE Products Trading-GmbH<br \/>\nSchwarzenbergstra\u00dfe 3-7<br \/>\nD-79761 Waldshut-Tiengen<\/p>","protected":false},"excerpt":{"rendered":"<p>Partag\u00e1s \u54c1\u724c\u7684\u9ad8\u7ea7\u7cfb\u5217 - \u5c1a\u672a\u53d1\u5e03\uff01<\/p>","protected":false},"featured_media":38253,"comment_status":"closed","ping_status":"closed","template":"","meta":{"_acf_changed":false},"etheme_brands":[{"term_id":199,"name":"Partagas","slug":"partagas","term_group":0,"term_taxonomy_id":199,"taxonomy":"brand","description":"[elementor-template id=\"15563\"]","parent":0,"count":52,"filter":"raw"}],"product_cat":[168,169,153,1367],"product_tag":[],"class_list":{"0":"post-38287","1":"product","2":"type-product","3":"status-publish","4":"has-post-thumbnail","6":"brand-partagas","7":"product_cat-zigarren","8":"product_cat-cuba","9":"product_cat-partagas","10":"product_cat-linea-maestra","11":"pa_besonderheiten-rare","12":"pa_laenge-872","13":"pa_orderable-yes","14":"pa_ringmass-427","15":"pa_verpackungseinheit-20er-kiste","16":"pa_verpackungseinheit-einzeln","18":"first","19":"instock","20":"taxable","21":"shipping-taxable","22":"purchasable","23":"product-type-variable"},"acf":[],"_links":{"self":[{"href":"https:\/\/www.lcdh-bonn.de\/zh\/wp-json\/wp\/v2\/product\/38287","targetHints":{"allow":["GET"]}}],"collection":[{"href":"https:\/\/www.lcdh-bonn.de\/zh\/wp-json\/wp\/v2\/product"}],"about":[{"href":"https:\/\/www.lcdh-bonn.de\/zh\/wp-json\/wp\/v2\/types\/product"}],"replies":[{"embeddable":true,"href":"https:\/\/www.lcdh-bonn.de\/zh\/wp-json\/wp\/v2\/comments?post=38287"}],"wp:featuredmedia":[{"embeddable":true,"href":"https:\/\/www.lcdh-bonn.de\/zh\/wp-json\/wp\/v2\/media\/38253"}],"wp:attachment":[{"href":"https:\/\/www.lcdh-bonn.de\/zh\/wp-json\/wp\/v2\/media?parent=38287"}],"wp:term":[{"taxonomy":"brand","embeddable":true,"href":"https:\/\/www.lcdh-bonn.de\/zh\/wp-json\/wp\/v2\/etheme_brands?post=38287"},{"taxonomy":"product_cat","embeddable":true,"href":"https:\/\/www.lcdh-bonn.de\/zh\/wp-json\/wp\/v2\/product_cat?post=38287"},{"taxonomy":"product_tag","embeddable":true,"href":"https:\/\/www.lcdh-bonn.de\/zh\/wp-json\/wp\/v2\/product_tag?post=38287"}],"curies":[{"name":"wp","href":"https:\/\/api.w.org\/{rel}","templated":true}]}}