{"id":38898,"date":"2024-06-01T15:05:34","date_gmt":"2024-06-01T13:05:34","guid":{"rendered":"https:\/\/www.lcdh-bonn.de\/produkt\/montecristo-linea-edmundo-edmundo-reserva-cosecha-2018\/"},"modified":"2026-02-24T14:52:54","modified_gmt":"2026-02-24T12:52:54","slug":"montecristo-linea-edmundo-edmundo-reserva-cosecha-2018","status":"publish","type":"product","link":"https:\/\/www.lcdh-bonn.de\/zh\/product\/montecristo-linea-edmundo-edmundo-reserva-cosecha-2018\/","title":{"rendered":"\u8499\u7279\u514b\u91cc\u65af\u62582018\u5e74\u57c3\u5fb7\u8499\u591a\u9650\u91cf\u7248\uff08Montecristo Linea Edmundo Reserva Cosecha 2018\uff09\u3002"},"content":{"rendered":"<p>Die Montecristo Edmundo Reserva Cosecha 2018 verk\u00f6rpert kubanische Zigarrenkunst in ihrer edelsten Form. Diese exklusive Edition pr\u00e4sentiert sich im klassischen Edmundo-Format und wurde aus sorgf\u00e4ltig selektierten Tabaken der 2018er Ernte gefertigt.<\/p>\n<p>Kenner sch\u00e4tzen die perfekte Balance zwischen Kraft und Finesse dieser au\u00dfergew\u00f6hnlichen Habano. Erfahrene Aficionados berichten von einem komplexen Aromenspektrum mit Noten von dunkler Schokolade, ger\u00f6steten N\u00fcssen und einem Hauch von Leder, unterlegt mit feinen Gew\u00fcrznuancen.<\/p>\n<div style=\"text-align: center;\">\n<strong>Technische Details:<\/strong><br \/>\n\u2022 Format: Edmundo<br \/>\n\u2022 L\u00e4nge: 135 mm<br \/>\n\u2022 Ringma\u00df: 52<br \/>\n\u2022 St\u00e4rke: Medium bis kr\u00e4ftig<br \/>\n\u2022 Rauchdauer: ca. 60-75 Minuten<br \/>\n\u2022 Herkunft: Kuba, Pinar del R\u00edo\n<\/div>\n<p>Der Rauchverlauf entwickelt sich harmonisch von w\u00fcrzig-erdigen Auftaktnoten zu einer cremig-samtigen Komplexit\u00e4t im mittleren Drittel. Das Finale pr\u00e4sentiert sich kraftvoll und ausgewogen.<\/p>\n<p>Die 1935 gegr\u00fcndete Marke Montecristo z\u00e4hlt zu den renommiertesten Namen der kubanischen Zigarrenwelt. Die Edmundo Reserva w\u00fcrdigt diese Tradition mit h\u00f6chster handwerklicher Pr\u00e4zision.<\/p>\n<p>Erh\u00e4ltlich als:<br \/>\n\u2022 20er Kiste<br \/>\n\u2022 Einzeln<\/p>\n<p>Ein perfekter Begleiter f\u00fcr besondere Momente, sei es zum Ausklang eines erfolgreichen Gesch\u00e4ftsabschlusses oder f\u00fcr einen entspannten Abend mit kultivierten Genie\u00dfern.<\/p>\n<p>Hersteller-\/Inverkehrbringerinformation:<br \/>\n5THAVENUE Products Trading-GmbH<br \/>\nSchwarzenbergstra\u00dfe 3-7<br \/>\nD-79761 Waldshut-Tiengen<\/p>","protected":false},"excerpt":{"rendered":"<p>Die Montecristo Edmundo Reserva Cosecha 2018 verk\u00f6rpert kubanische Zigarrenkunst in ihrer edelsten Form. Diese exklusive Edition pr\u00e4sentiert sich im klassischen Edmundo-Format und wurde aus sorgf\u00e4ltig selektierten Tabaken der 2018er Ernte gefertigt. Kenner sch\u00e4tzen die perfekte Balance zwischen Kraft und Finesse dieser au\u00dfergew\u00f6hnlichen Habano. Erfahrene Aficionados berichten von einem komplexen Aromenspektrum mit Noten von dunkler Schokolade, ger\u00f6steten N\u00fcssen und einem Hauch von Leder, unterlegt mit feinen Gew\u00fcrznuancen. Technische Details: \u2022 Format: Edmundo \u2022 L\u00e4nge: 135 mm \u2022 Ringma\u00df: 52 \u2022 St\u00e4rke:&#8230;<\/p>","protected":false},"featured_media":38892,"comment_status":"closed","ping_status":"open","template":"","meta":{"_acf_changed":false},"etheme_brands":[{"term_id":198,"name":"Montecristo","slug":"montecristo","term_group":0,"term_taxonomy_id":198,"taxonomy":"brand","description":"[elementor-template id=\"15563\"]","parent":0,"count":47,"filter":"raw"}],"product_cat":[168,169,152,522],"product_tag":[],"class_list":{"0":"post-38898","1":"product","2":"type-product","3":"status-publish","4":"has-post-thumbnail","6":"brand-montecristo","7":"product_cat-zigarren","8":"product_cat-cuba","9":"product_cat-montecristo","10":"product_cat-linea-edmundo","11":"pa_laenge-560","12":"pa_laenge-1166","13":"pa_orderable-no","14":"pa_ringmass-1251","15":"pa_ringmass-427","16":"pa_verpackungseinheit-20er-kiste","17":"pa_verpackungseinheit-einzeln","19":"first","20":"instock","21":"taxable","22":"shipping-taxable","23":"product-type-variable"},"acf":[],"_links":{"self":[{"href":"https:\/\/www.lcdh-bonn.de\/zh\/wp-json\/wp\/v2\/product\/38898","targetHints":{"allow":["GET"]}}],"collection":[{"href":"https:\/\/www.lcdh-bonn.de\/zh\/wp-json\/wp\/v2\/product"}],"about":[{"href":"https:\/\/www.lcdh-bonn.de\/zh\/wp-json\/wp\/v2\/types\/product"}],"replies":[{"embeddable":true,"href":"https:\/\/www.lcdh-bonn.de\/zh\/wp-json\/wp\/v2\/comments?post=38898"}],"wp:featuredmedia":[{"embeddable":true,"href":"https:\/\/www.lcdh-bonn.de\/zh\/wp-json\/wp\/v2\/media\/38892"}],"wp:attachment":[{"href":"https:\/\/www.lcdh-bonn.de\/zh\/wp-json\/wp\/v2\/media?parent=38898"}],"wp:term":[{"taxonomy":"brand","embeddable":true,"href":"https:\/\/www.lcdh-bonn.de\/zh\/wp-json\/wp\/v2\/etheme_brands?post=38898"},{"taxonomy":"product_cat","embeddable":true,"href":"https:\/\/www.lcdh-bonn.de\/zh\/wp-json\/wp\/v2\/product_cat?post=38898"},{"taxonomy":"product_tag","embeddable":true,"href":"https:\/\/www.lcdh-bonn.de\/zh\/wp-json\/wp\/v2\/product_tag?post=38898"}],"curies":[{"name":"wp","href":"https:\/\/api.w.org\/{rel}","templated":true}]}}