{"id":39618,"date":"2024-12-18T15:44:33","date_gmt":"2024-12-18T13:44:33","guid":{"rendered":"https:\/\/www.lcdh-bonn.de\/produkt\/havana-club-zigarrenascher-chico-brown\/"},"modified":"2026-01-29T12:59:54","modified_gmt":"2026-01-29T10:59:54","slug":"havana-club-zigarrenascher-chico-brown","status":"publish","type":"product","link":"https:\/\/www.lcdh-bonn.de\/zh\/product\/havana-club-zigarrenascher-chico-brown\/","title":{"rendered":"\u54c8\u74e6\u90a3\u4ff1\u4e50\u90e8\u96ea\u8304\u70df\u7070\u7f38 Chico Brown"},"content":{"rendered":"<p>Der handgefertigte Havana Club Zigarrenascher Chico Brown besticht durch sein edles Design in warmen Braunt\u00f6nen. Mit einer Gr\u00f6\u00dfe von 20 x 20 cm bietet er ausreichend Platz f\u00fcr bis zu zwei Zigarren gleichzeitig. Die hochwertige Keramik sorgt f\u00fcr Stabilit\u00e4t und verhindert das Umkippen. Die breiten Auflagen erm\u00f6glichen ein sicheres Ablegen der Zigarre, w\u00e4hrend die tiefe Ascherinne f\u00fcr Sauberkeit sorgt. Durch die hitzebest\u00e4ndige Glasur bleibt der Ascher auch bei intensiver Nutzung formsch\u00f6n. Ein zeitloses Accessoire f\u00fcr anspruchsvolle Zigarrengenie\u00dfer, das sich harmonisch in jedes Ambiente einf\u00fcgt. Die authentische Havana Club Pr\u00e4gung unterstreicht die Premium-Qualit\u00e4t dieses klassischen St\u00fccks.<\/p>","protected":false},"excerpt":{"rendered":"<p>Hochwertiger Havana Club Keramik-Zigarrenascher in Braun f\u00fcr zwei Zigarren.<\/p>","protected":false},"featured_media":39426,"comment_status":"closed","ping_status":"open","template":"","meta":{"_acf_changed":false},"etheme_brands":[{"term_id":1075,"name":"Havana Club","slug":"havana-club","term_group":0,"term_taxonomy_id":1075,"taxonomy":"brand","description":"","parent":0,"count":24,"filter":"raw"}],"product_cat":[183,413],"product_tag":[],"class_list":{"0":"post-39618","1":"product","2":"type-product","3":"status-publish","4":"has-post-thumbnail","6":"brand-havana-club","7":"product_cat-zigarrenzubehor","8":"product_cat-aschenbecher-fuer-zigarren","9":"pa_orderable-yes","11":"first","12":"outofstock","13":"sale","14":"taxable","15":"shipping-taxable","16":"purchasable","17":"product-type-simple"},"acf":[],"_links":{"self":[{"href":"https:\/\/www.lcdh-bonn.de\/zh\/wp-json\/wp\/v2\/product\/39618","targetHints":{"allow":["GET"]}}],"collection":[{"href":"https:\/\/www.lcdh-bonn.de\/zh\/wp-json\/wp\/v2\/product"}],"about":[{"href":"https:\/\/www.lcdh-bonn.de\/zh\/wp-json\/wp\/v2\/types\/product"}],"replies":[{"embeddable":true,"href":"https:\/\/www.lcdh-bonn.de\/zh\/wp-json\/wp\/v2\/comments?post=39618"}],"wp:featuredmedia":[{"embeddable":true,"href":"https:\/\/www.lcdh-bonn.de\/zh\/wp-json\/wp\/v2\/media\/39426"}],"wp:attachment":[{"href":"https:\/\/www.lcdh-bonn.de\/zh\/wp-json\/wp\/v2\/media?parent=39618"}],"wp:term":[{"taxonomy":"brand","embeddable":true,"href":"https:\/\/www.lcdh-bonn.de\/zh\/wp-json\/wp\/v2\/etheme_brands?post=39618"},{"taxonomy":"product_cat","embeddable":true,"href":"https:\/\/www.lcdh-bonn.de\/zh\/wp-json\/wp\/v2\/product_cat?post=39618"},{"taxonomy":"product_tag","embeddable":true,"href":"https:\/\/www.lcdh-bonn.de\/zh\/wp-json\/wp\/v2\/product_tag?post=39618"}],"curies":[{"name":"wp","href":"https:\/\/api.w.org\/{rel}","templated":true}]}}