{"id":39623,"date":"2024-12-18T15:44:33","date_gmt":"2024-12-18T13:44:33","guid":{"rendered":"https:\/\/www.lcdh-bonn.de\/produkt\/havana-club-zigarrenascher-chico-pink\/"},"modified":"2026-01-29T12:59:47","modified_gmt":"2026-01-29T10:59:47","slug":"havana-club-zigarrenascher-chico-pink","status":"publish","type":"product","link":"https:\/\/www.lcdh-bonn.de\/zh\/product\/havana-club-zigarrenascher-chico-pink\/","title":{"rendered":"\u54c8\u74e6\u90a3\u4ff1\u4e50\u90e8\u5947\u79d1\u7c89\u8272\u96ea\u8304\u70df\u7070\u7f38"},"content":{"rendered":"<p>Der handgefertigte Havana Club Zigarrenascher Chico Pink besticht durch sein elegantes Design in zartem Rosa. Mit einer L\u00e4nge von 20 cm bietet er zwei gro\u00dfz\u00fcgige Ablagen f\u00fcr Zigarren und eignet sich besonders f\u00fcr das entspannte Raucherlebnis zu Hause. Das hochwertige Porzellan sorgt f\u00fcr Langlebigkeit und eine einfache Reinigung. Durch die tiefe Ausarbeitung der Ablage wird die Asche sicher aufgefangen. Dieser Ascher ist nicht nur ein funktionales Accessoire f\u00fcr Zigarrenliebhaber, sondern auch ein stilvolles Designobjekt, das sich harmonisch in moderne Wohnr\u00e4ume einf\u00fcgt. Die limitierte Farbgebung in Pink macht ihn zu einem besonderen Sammlerst\u00fcck der bekannten Havana Club Serie.<\/p>","protected":false},"excerpt":{"rendered":"<p>Havana Club Zigarrenascher: Rosa Design, zwei Ablagen, hochwertiges Porzellan.<\/p>","protected":false},"featured_media":39433,"comment_status":"closed","ping_status":"open","template":"","meta":{"_acf_changed":false},"etheme_brands":[{"term_id":1075,"name":"Havana Club","slug":"havana-club","term_group":0,"term_taxonomy_id":1075,"taxonomy":"brand","description":"","parent":0,"count":24,"filter":"raw"}],"product_cat":[183,413],"product_tag":[],"class_list":{"0":"post-39623","1":"product","2":"type-product","3":"status-publish","4":"has-post-thumbnail","6":"brand-havana-club","7":"product_cat-zigarrenzubehor","8":"product_cat-aschenbecher-fuer-zigarren","9":"pa_orderable-yes","11":"first","12":"outofstock","13":"sale","14":"taxable","15":"shipping-taxable","16":"purchasable","17":"product-type-simple"},"acf":[],"_links":{"self":[{"href":"https:\/\/www.lcdh-bonn.de\/zh\/wp-json\/wp\/v2\/product\/39623","targetHints":{"allow":["GET"]}}],"collection":[{"href":"https:\/\/www.lcdh-bonn.de\/zh\/wp-json\/wp\/v2\/product"}],"about":[{"href":"https:\/\/www.lcdh-bonn.de\/zh\/wp-json\/wp\/v2\/types\/product"}],"replies":[{"embeddable":true,"href":"https:\/\/www.lcdh-bonn.de\/zh\/wp-json\/wp\/v2\/comments?post=39623"}],"wp:featuredmedia":[{"embeddable":true,"href":"https:\/\/www.lcdh-bonn.de\/zh\/wp-json\/wp\/v2\/media\/39433"}],"wp:attachment":[{"href":"https:\/\/www.lcdh-bonn.de\/zh\/wp-json\/wp\/v2\/media?parent=39623"}],"wp:term":[{"taxonomy":"brand","embeddable":true,"href":"https:\/\/www.lcdh-bonn.de\/zh\/wp-json\/wp\/v2\/etheme_brands?post=39623"},{"taxonomy":"product_cat","embeddable":true,"href":"https:\/\/www.lcdh-bonn.de\/zh\/wp-json\/wp\/v2\/product_cat?post=39623"},{"taxonomy":"product_tag","embeddable":true,"href":"https:\/\/www.lcdh-bonn.de\/zh\/wp-json\/wp\/v2\/product_tag?post=39623"}],"curies":[{"name":"wp","href":"https:\/\/api.w.org\/{rel}","templated":true}]}}