{"id":39626,"date":"2024-12-18T15:44:33","date_gmt":"2024-12-18T13:44:33","guid":{"rendered":"https:\/\/www.lcdh-bonn.de\/produkt\/havana-club-zigarrenascher-secundo-yellow\/"},"modified":"2026-01-17T14:48:05","modified_gmt":"2026-01-17T12:48:05","slug":"havana-club-zigarrenascher-secundo-yellow","status":"publish","type":"product","link":"https:\/\/www.lcdh-bonn.de\/zh\/product\/havana-club-zigarrenascher-secundo-yellow\/","title":{"rendered":"\u54c8\u74e6\u90a3\u4ff1\u4e50\u90e8\u96ea\u8304\u70df\u7070\u7f38 Secundo Yellow"},"content":{"rendered":"<p>Der handgefertigte Havana Club Zigarrenascher Secundo Yellow ist ein hochwertiges Accessoire f\u00fcr anspruchsvolle Zigarrenraucher. Mit seinen zwei gro\u00dfz\u00fcgigen Ablagen aus hitzebest\u00e4ndiger Keramik bietet er ausreichend Platz f\u00fcr mehrere Zigarren. Die charakteristische gelbe Farbgebung und das eingearbeitete Havana Club Logo verleihen dem Ascher seine authentisch-kubanische \u00c4sthetik. Die robuste Verarbeitung und die s\u00e4ureresistente Glasur gew\u00e4hrleisten eine lange Haltbarkeit. Mit einer Gr\u00f6\u00dfe von 20 x 16 cm eignet sich der Secundo Yellow ideal f\u00fcr den Einsatz zu Hause oder in der Lounge. Ein Qualit\u00e4tsprodukt, das Funktionalit\u00e4t mit traditioneller kubanischer Handwerkskunst verbindet.<\/p>","protected":false},"excerpt":{"rendered":"<p>Hochwertiger Havana Club Zigarrenascher mit zwei Ablagen aus Keramik.<\/p>","protected":false},"featured_media":39439,"comment_status":"closed","ping_status":"open","template":"","meta":{"_acf_changed":false},"etheme_brands":[{"term_id":1075,"name":"Havana Club","slug":"havana-club","term_group":0,"term_taxonomy_id":1075,"taxonomy":"brand","description":"","parent":0,"count":24,"filter":"raw"}],"product_cat":[183,413],"product_tag":[],"class_list":{"0":"post-39626","1":"product","2":"type-product","3":"status-publish","4":"has-post-thumbnail","6":"brand-havana-club","7":"product_cat-zigarrenzubehor","8":"product_cat-aschenbecher-fuer-zigarren","9":"pa_orderable-yes","11":"first","12":"outofstock","13":"sale","14":"taxable","15":"shipping-taxable","16":"purchasable","17":"product-type-simple"},"acf":[],"_links":{"self":[{"href":"https:\/\/www.lcdh-bonn.de\/zh\/wp-json\/wp\/v2\/product\/39626","targetHints":{"allow":["GET"]}}],"collection":[{"href":"https:\/\/www.lcdh-bonn.de\/zh\/wp-json\/wp\/v2\/product"}],"about":[{"href":"https:\/\/www.lcdh-bonn.de\/zh\/wp-json\/wp\/v2\/types\/product"}],"replies":[{"embeddable":true,"href":"https:\/\/www.lcdh-bonn.de\/zh\/wp-json\/wp\/v2\/comments?post=39626"}],"wp:featuredmedia":[{"embeddable":true,"href":"https:\/\/www.lcdh-bonn.de\/zh\/wp-json\/wp\/v2\/media\/39439"}],"wp:attachment":[{"href":"https:\/\/www.lcdh-bonn.de\/zh\/wp-json\/wp\/v2\/media?parent=39626"}],"wp:term":[{"taxonomy":"brand","embeddable":true,"href":"https:\/\/www.lcdh-bonn.de\/zh\/wp-json\/wp\/v2\/etheme_brands?post=39626"},{"taxonomy":"product_cat","embeddable":true,"href":"https:\/\/www.lcdh-bonn.de\/zh\/wp-json\/wp\/v2\/product_cat?post=39626"},{"taxonomy":"product_tag","embeddable":true,"href":"https:\/\/www.lcdh-bonn.de\/zh\/wp-json\/wp\/v2\/product_tag?post=39626"}],"curies":[{"name":"wp","href":"https:\/\/api.w.org\/{rel}","templated":true}]}}