{"id":39642,"date":"2025-01-10T10:53:27","date_gmt":"2025-01-10T08:53:27","guid":{"rendered":"https:\/\/www.lcdh-bonn.de\/?post_type=product&#038;p=39642"},"modified":"2025-01-10T10:53:30","modified_gmt":"2025-01-10T08:53:30","slug":"cohiba-cohiba-behike-lederetui-3-zigarren","status":"publish","type":"product","link":"https:\/\/www.lcdh-bonn.de\/zh\/product\/cohiba-cohiba-behike-lederetui-3-zigarren\/","title":{"rendered":"\u9ad8\u5e0c\u9738 Cohiba Behike \u76ae\u76d2 3 \u652f\u96ea\u8304"},"content":{"rendered":"<p>Das handgefertigte Lederetui von Cohiba bietet sicheren Schutz f\u00fcr drei kostbare Behike Zigarren. Aus feinstem Naturleder gefertigt, \u00fcberzeugt das Etui durch seine robuste Verarbeitung und elegante Optik. Das charakteristische Cohiba-Karomuster wurde dezent in das Leder gepr\u00e4gt. Die weiche Innenauskleidung verhindert Besch\u00e4digungen der wertvollen Zigarren. Dank der passgenauen Formgebung sitzen die Behikes rutschfest und k\u00f6nnen nicht verrutschen. Das Etui eignet sich ideal f\u00fcr den Transport der exklusiven Habanos und bewahrt deren Aroma optimal. Ein hochwertiges Accessoire f\u00fcr anspruchsvolle Zigarrenliebhaber, das die Qualit\u00e4t der legend\u00e4ren Cohiba Behike perfekt erg\u00e4nzt.<\/p>","protected":false},"excerpt":{"rendered":"<p>Hochwertiges Lederetui sch\u00fctzt drei Cohiba Behike Zigarren perfekt.<\/p>","protected":false},"featured_media":0,"comment_status":"closed","ping_status":"open","template":"","meta":{"_acf_changed":false},"etheme_brands":[{"term_id":186,"name":"Cohiba","slug":"cohiba","term_group":0,"term_taxonomy_id":186,"taxonomy":"brand","description":"[elementor-template id=\"15563\"]","parent":0,"count":60,"filter":"raw"}],"product_cat":[183,412],"product_tag":[],"class_list":{"0":"post-39642","1":"product","2":"type-product","3":"status-publish","5":"brand-cohiba","6":"product_cat-zigarrenzubehor","7":"product_cat-zigarrenetuis","8":"pa_orderable-no","10":"first","11":"outofstock","12":"sale","13":"taxable","14":"shipping-taxable","15":"purchasable","16":"product-type-simple"},"acf":[],"_links":{"self":[{"href":"https:\/\/www.lcdh-bonn.de\/zh\/wp-json\/wp\/v2\/product\/39642","targetHints":{"allow":["GET"]}}],"collection":[{"href":"https:\/\/www.lcdh-bonn.de\/zh\/wp-json\/wp\/v2\/product"}],"about":[{"href":"https:\/\/www.lcdh-bonn.de\/zh\/wp-json\/wp\/v2\/types\/product"}],"replies":[{"embeddable":true,"href":"https:\/\/www.lcdh-bonn.de\/zh\/wp-json\/wp\/v2\/comments?post=39642"}],"wp:attachment":[{"href":"https:\/\/www.lcdh-bonn.de\/zh\/wp-json\/wp\/v2\/media?parent=39642"}],"wp:term":[{"taxonomy":"brand","embeddable":true,"href":"https:\/\/www.lcdh-bonn.de\/zh\/wp-json\/wp\/v2\/etheme_brands?post=39642"},{"taxonomy":"product_cat","embeddable":true,"href":"https:\/\/www.lcdh-bonn.de\/zh\/wp-json\/wp\/v2\/product_cat?post=39642"},{"taxonomy":"product_tag","embeddable":true,"href":"https:\/\/www.lcdh-bonn.de\/zh\/wp-json\/wp\/v2\/product_tag?post=39642"}],"curies":[{"name":"wp","href":"https:\/\/api.w.org\/{rel}","templated":true}]}}