{"id":39733,"date":"2025-01-10T12:19:01","date_gmt":"2025-01-10T10:19:01","guid":{"rendered":"https:\/\/www.lcdh-bonn.de\/produkt\/donnerstag-30-01-2025-1900-2200-uhr-habanos-x-whisky-und-calvados-mit-jens-tausch\/"},"modified":"2026-01-29T16:14:29","modified_gmt":"2026-01-29T14:14:29","slug":"donnerstag-30-01-2025-1900-2200-uhr-habanos-x-whisky-und-calvados-mit-jens-tausch","status":"publish","type":"product","link":"https:\/\/www.lcdh-bonn.de\/zh\/product\/donnerstag-30-01-2025-1900-2200-uhr-habanos-x-whisky-und-calvados-mit-jens-tausch\/","title":{"rendered":"Donnerstag, 27.03.2025, 19:00 &#8211; 22:00 Uhr &#8211; Habanos X Whisky und Calvados mit Jens Tausch"},"content":{"rendered":"<p>\u9080\u8bf7\u53c2\u52a0\u4e00\u4e2a\u6109\u5feb\u7684\u591c\u665a\uff1a\u4e0e Jens Tausch \u5171\u5ea6\u54c8\u74e6\u90a3\u65af X \u5a01\u58eb\u5fcc\u548c\u5361\u5c14\u74e6\u591a\u65af\u4e4b\u591c<br \/>\nn<br \/>\nnDonnerstag, 27.03.2025<br \/>\nn\u23f0 19:00 &#8211; 22:00 Uhr<br \/>\nnBonn<br \/>\nn<br \/>\nnErleben Sie einen unvergesslichen Abend voller Genuss und Expertise!<br \/>\nn<br \/>\nnFreuen Sie sich auf einen besonderen Abend mit Jens Tausch, einem wahren Kenner der Genusswelt. Viele von Ihnen hatten bereits das Vergn\u00fcgen, Jens bei einer fr\u00fcheren Veranstaltung zu erleben. Dieses Mal stellt er zwei neue Exklusivabf\u00fcllungen von \u201eCain and Grain\u201c vor, die wir stolz erstmalig und exklusiv in Bonn pr\u00e4sentieren.<br \/>\nn<br \/>\nnZus\u00e4tzlich erwartet Sie ein \u201eNext-Level&#8221;-Calvados, der Ma\u00dfst\u00e4be setzt \u2013 Die Tropfen sind teils \u00e4lter, als ich es bin. Entdecken Sie au\u00dfergew\u00f6hnliche und vielf\u00e4ltige Spirituosen, die jeden Geschmack begeistern.<br \/>\nn<br \/>\nnPassend dazu genie\u00dfen wir nat\u00fcrlich zwei erlesene Habanos, die perfekt mit den edlen Tropfen harmonieren. Und wer Jens kennt, wei\u00df: Am Ende des Abends wird uns sicherlich ein besonderer \u201efor the road\u201c Moment erwarten.<br \/>\nn<br \/>\nnDas erwartet Sie:<br \/>\nn<br \/>\nnEin prickelnder Willkommens-Cava zur Einstimmung<br \/>\nn5\u20136 unterschiedliche, exklusive Spirituosen<br \/>\nn2 erlesene Habanos<br \/>\nnWasser zur Erfrischung<br \/>\nnGeschmacksneutralisierende Knabbereien<br \/>\nnKostenbeitrag: 89,- \u20ac<br \/>\nn<br \/>\nnLassen Sie sich dieses genussvolle Event nicht entgehen \u2013 sichern Sie sich jetzt Ihren Platz und erleben Sie eine unvergessliche Genussreise!<\/p>","protected":false},"excerpt":{"rendered":"<p>\u4f53\u9a8c\u4e00\u4e2a\u5145\u6ee1\u4e50\u8da3\u548c\u4e13\u4e1a\u77e5\u8bc6\u7684\u96be\u5fd8\u591c\u665a\uff01<\/p>","protected":false},"featured_media":39913,"comment_status":"closed","ping_status":"closed","template":"","meta":{"_acf_changed":false},"etheme_brands":[{"term_id":1019,"name":"Cigar Embassy","slug":"cigar-embassy","term_group":0,"term_taxonomy_id":1019,"taxonomy":"brand","description":"","parent":0,"count":9,"filter":"raw"}],"product_cat":[1129,1146],"product_tag":[],"class_list":{"0":"post-39733","1":"product","2":"type-product","3":"status-publish","4":"has-post-thumbnail","6":"brand-cigar-embassy","7":"product_cat-noch-mehr","8":"product_cat-veranstaltungen","9":"pa_orderable-no","11":"first","12":"outofstock","13":"taxable","14":"shipping-taxable","15":"purchasable","16":"product-type-simple"},"acf":[],"_links":{"self":[{"href":"https:\/\/www.lcdh-bonn.de\/zh\/wp-json\/wp\/v2\/product\/39733","targetHints":{"allow":["GET"]}}],"collection":[{"href":"https:\/\/www.lcdh-bonn.de\/zh\/wp-json\/wp\/v2\/product"}],"about":[{"href":"https:\/\/www.lcdh-bonn.de\/zh\/wp-json\/wp\/v2\/types\/product"}],"replies":[{"embeddable":true,"href":"https:\/\/www.lcdh-bonn.de\/zh\/wp-json\/wp\/v2\/comments?post=39733"}],"wp:featuredmedia":[{"embeddable":true,"href":"https:\/\/www.lcdh-bonn.de\/zh\/wp-json\/wp\/v2\/media\/39913"}],"wp:attachment":[{"href":"https:\/\/www.lcdh-bonn.de\/zh\/wp-json\/wp\/v2\/media?parent=39733"}],"wp:term":[{"taxonomy":"brand","embeddable":true,"href":"https:\/\/www.lcdh-bonn.de\/zh\/wp-json\/wp\/v2\/etheme_brands?post=39733"},{"taxonomy":"product_cat","embeddable":true,"href":"https:\/\/www.lcdh-bonn.de\/zh\/wp-json\/wp\/v2\/product_cat?post=39733"},{"taxonomy":"product_tag","embeddable":true,"href":"https:\/\/www.lcdh-bonn.de\/zh\/wp-json\/wp\/v2\/product_tag?post=39733"}],"curies":[{"name":"wp","href":"https:\/\/api.w.org\/{rel}","templated":true}]}}