{"id":40083,"date":"2025-03-29T18:58:43","date_gmt":"2025-03-29T16:58:43","guid":{"rendered":"https:\/\/www.lcdh-bonn.de\/produkt\/s-t-dupont-x-cohiba-behike-le-grand-feuerzeug-c16003cl\/"},"modified":"2026-01-29T16:14:54","modified_gmt":"2026-01-29T14:14:54","slug":"s-t-dupont-x-cohiba-behike-ligne-2-feuerzeug-c16003cl","status":"publish","type":"product","link":"https:\/\/www.lcdh-bonn.de\/zh\/product\/s-t-dupont-x-cohiba-behike-ligne-2-feuerzeug-c16003cl\/","title":{"rendered":"S.T.Dupont x Cohiba Behike Ligne 2 Feuerzeug (C16003CL)"},"content":{"rendered":"<p>Das S.T. Dupont x Behike Ligne 2 Feuerzeug (C16003CL) vereint zeitlose Eleganz mit meisterhafter Handwerkskunst. Sein tiefes, gl\u00e4nzendes Schwarzlack-Finish verleiht ihm eine dezente, aber kraftvolle \u00c4sthetik, w\u00e4hrend die fein gravierte Diamond Head-Oberfl\u00e4che ein unvergleichliches haptisches Erlebnis bietet. S.T. Dupont nennt diese Serie S.T. Dupont x BHK 15.<\/p>\n<p>Beim \u00d6ffnen erklingt der ber\u00fchmte \u201eCling\u201c-Sound \u2013 ein unverkennbares Zeichen f\u00fcr die makellose Mechanik der Ligne 2-Serie. Die sanfte, gleichm\u00e4\u00dfige Flamme entfaltet sich m\u00fchelos und sorgt f\u00fcr ein perfektes Anz\u00fcnden, das den Charakter der Zigarren bewahrt.<\/p>\n<p>Dieses Feuerzeug ist eine Hommage an das 15-j\u00e4hrige Jubil\u00e4um der BEHIKE-Serie, das beim letzten Festival del Habano in Havanna mit einer glanzvollen Zeremonie gefeiert wurde. Aficionados aus aller Welt kamen zusammen, um dieses au\u00dfergew\u00f6hnliche Ereignis zu ehren \u2013 ein Fest, das die Exklusivit\u00e4t und Kunstfertigkeit der Behike-Zigarren zelebrierte.<\/p>\n<p>Die Vorderseite des Feuerzeugs ist mit der ikonischen Behike-Schachbrettstruktur verziert, die das Design unverwechselbar macht. Das 15-Jahre-Behike-Logo mit dem stilisierten Ta\u00edno-Kopf setzt einen besonderen Akzent und unterstreicht die enge Verbindung zwischen Tradition und Moderne.<\/p>\n<p>Durch seine perfekt ausbalancierte Form und die geschmeidige Oberfl\u00e4che liegt das S.T. Dupont x Behike Ligne 2 Feuerzeug (C16003CL) angenehm in der Hand. Es ist nicht nur ein zuverl\u00e4ssiges Werkzeug f\u00fcr Zigarrenliebhaber, sondern auch ein Statement f\u00fcr Connaisseurs, die h\u00f6chste Qualit\u00e4t und exklusives Design sch\u00e4tzen.<\/p>\n<p><span style=\"color: #993300;\"><strong>ACHTUNG: Der Artikel ist noch nicht erschienen, Sie k\u00f6nnen ihn jetzt vorbestellen, um sicherzustellen, dass Sie einen der limitierten Artikel erhalten werden! Wir erwarten den Artikel innerhalb der n\u00e4chsten Wochen und werden umgehend verschicken. UM SICH DIESES PRODUKT VERBINDLICH ZU SICHERN, BESTELLEN SIE ES JETZT!\u00a0<\/strong><\/span><\/p>","protected":false},"excerpt":{"rendered":"<p>Edles schwarzes Feuerzeug mit ikonischer Flamme<\/p>","protected":false},"featured_media":39924,"comment_status":"closed","ping_status":"closed","template":"","meta":{"_acf_changed":false},"etheme_brands":[{"term_id":665,"name":"S.T. Dupont","slug":"s-t-dupont","term_group":0,"term_taxonomy_id":665,"taxonomy":"brand","description":"","parent":0,"count":106,"filter":"raw"}],"product_cat":[183,414],"product_tag":[],"class_list":{"0":"post-40083","1":"product","2":"type-product","3":"status-publish","4":"has-post-thumbnail","6":"brand-s-t-dupont","7":"product_cat-zigarrenzubehor","8":"product_cat-feuerzeuge-fuer-zigarren","9":"pa_orderable-no","11":"first","12":"onbackorder","13":"sale","14":"taxable","15":"shipping-taxable","16":"purchasable","17":"product-type-simple"},"acf":[],"_links":{"self":[{"href":"https:\/\/www.lcdh-bonn.de\/zh\/wp-json\/wp\/v2\/product\/40083","targetHints":{"allow":["GET"]}}],"collection":[{"href":"https:\/\/www.lcdh-bonn.de\/zh\/wp-json\/wp\/v2\/product"}],"about":[{"href":"https:\/\/www.lcdh-bonn.de\/zh\/wp-json\/wp\/v2\/types\/product"}],"replies":[{"embeddable":true,"href":"https:\/\/www.lcdh-bonn.de\/zh\/wp-json\/wp\/v2\/comments?post=40083"}],"wp:featuredmedia":[{"embeddable":true,"href":"https:\/\/www.lcdh-bonn.de\/zh\/wp-json\/wp\/v2\/media\/39924"}],"wp:attachment":[{"href":"https:\/\/www.lcdh-bonn.de\/zh\/wp-json\/wp\/v2\/media?parent=40083"}],"wp:term":[{"taxonomy":"brand","embeddable":true,"href":"https:\/\/www.lcdh-bonn.de\/zh\/wp-json\/wp\/v2\/etheme_brands?post=40083"},{"taxonomy":"product_cat","embeddable":true,"href":"https:\/\/www.lcdh-bonn.de\/zh\/wp-json\/wp\/v2\/product_cat?post=40083"},{"taxonomy":"product_tag","embeddable":true,"href":"https:\/\/www.lcdh-bonn.de\/zh\/wp-json\/wp\/v2\/product_tag?post=40083"}],"curies":[{"name":"wp","href":"https:\/\/api.w.org\/{rel}","templated":true}]}}