{"id":40085,"date":"2025-03-29T18:13:51","date_gmt":"2025-03-29T16:13:51","guid":{"rendered":"https:\/\/www.lcdh-bonn.de\/produkt\/s-t-dupont-x-cohiba-behike-zigarrenpunch-003203p\/"},"modified":"2026-01-29T16:14:33","modified_gmt":"2026-01-29T14:14:33","slug":"s-t-dupont-x-cohiba-behike-zigarrenpunch-003203p","status":"publish","type":"product","link":"https:\/\/www.lcdh-bonn.de\/zh\/product\/s-t-dupont-x-cohiba-behike-zigarrenpunch-003203p\/","title":{"rendered":"S.T.Dupont x Cohiba Behike Zigarrenpunch (003203P)"},"content":{"rendered":"<p>Der S.T. Dupont x Behike Zigarrenpunch (003203P) ist das perfekte Accessoire f\u00fcr anspruchsvolle Zigarrenliebhaber, die h\u00f6chste Pr\u00e4zision mit luxuri\u00f6sem Design vereinen m\u00f6chten. Sein tiefschwarzes, mattes Finish verleiht ihm eine dezente, moderne Eleganz, w\u00e4hrend das ber\u00fchmte Behike-Schachbrettmuster die Oberfl\u00e4che kunstvoll akzentuiert. S.T. Dupont nennt diese Serie S.T. Dupont x BHK 15.<\/p>\n<p>Seine Edelstahlklinge sorgt f\u00fcr einen pr\u00e4zisen, sauberen Schnitt, der das Zigarrenerlebnis perfektioniert. Das raffinierte Schl\u00fcsselanh\u00e4nger-Design erm\u00f6glicht es, dieses edle Werkzeug jederzeit bei sich zu tragen. Die stabile schwarze Kette mit der S.T. Dupont-Pr\u00e4gung unterstreicht seine Exklusivit\u00e4t.<\/p>\n<p>Dieses Accessoire ist Teil der limitierten Kollektion, die an das 15-j\u00e4hrige Jubil\u00e4um von Behike erinnert \u2013 ein Meilenstein, der beim letzten Festival del Habano in Havanna mit einem spektakul\u00e4ren Event gew\u00fcrdigt wurde. Die Feier zog Zigarrenliebhaber und Sammler aus aller Welt an und machte erneut deutlich, dass Behike f\u00fcr Exklusivit\u00e4t, Handwerkskunst und Tradition steht.<\/p>\n<p>Auf der R\u00fcckseite des Zigarrenpunches befindet sich das dezente, aber kraftvolle 15-Jahre-Behike-Logo, das die enge Verbindung zwischen S.T. Dupont und der weltber\u00fchmten Marke Cohiba Behike unterstreicht. Der ergonomische Mechanismus erm\u00f6glicht eine m\u00fchelose Bedienung und sorgt f\u00fcr eine lange Lebensdauer.<\/p>\n<p>Ob als stilvoller Begleiter f\u00fcr unterwegs oder als exklusives Geschenk f\u00fcr Aficionados \u2013 der S.T. Dupont x Behike Zigarrenpunch (003203P) steht f\u00fcr h\u00f6chste Handwerkskunst und luxuri\u00f6ses Design.<\/p>\n<p><span style=\"color: #993300;\"><strong>ACHTUNG: Der Artikel ist noch nicht erschienen, Sie k\u00f6nnen ihn jetzt vorbestellen, um sicherzustellen, dass Sie einen der limitierten Artikel erhalten werden! Wir erwarten den Artikel innerhalb der n\u00e4chsten Wochen und werden umgehend verschicken. UM SICH DIESES PRODUKT VERBINDLICH ZU SICHERN, BESTELLEN SIE ES JETZT!\u00a0<\/strong><\/span><\/p>","protected":false},"excerpt":{"rendered":"<p>Pr\u00e4ziser Zigarrenlocher mit luxuri\u00f6sem Design<\/p>","protected":false},"featured_media":39927,"comment_status":"closed","ping_status":"closed","template":"","meta":{"_acf_changed":false},"etheme_brands":[{"term_id":665,"name":"S.T. Dupont","slug":"s-t-dupont","term_group":0,"term_taxonomy_id":665,"taxonomy":"brand","description":"","parent":0,"count":106,"filter":"raw"}],"product_cat":[183,414],"product_tag":[],"class_list":{"0":"post-40085","1":"product","2":"type-product","3":"status-publish","4":"has-post-thumbnail","6":"brand-s-t-dupont","7":"product_cat-zigarrenzubehor","8":"product_cat-feuerzeuge-fuer-zigarren","9":"pa_orderable-no","11":"first","12":"onbackorder","13":"taxable","14":"shipping-taxable","15":"purchasable","16":"product-type-simple"},"acf":[],"_links":{"self":[{"href":"https:\/\/www.lcdh-bonn.de\/zh\/wp-json\/wp\/v2\/product\/40085","targetHints":{"allow":["GET"]}}],"collection":[{"href":"https:\/\/www.lcdh-bonn.de\/zh\/wp-json\/wp\/v2\/product"}],"about":[{"href":"https:\/\/www.lcdh-bonn.de\/zh\/wp-json\/wp\/v2\/types\/product"}],"replies":[{"embeddable":true,"href":"https:\/\/www.lcdh-bonn.de\/zh\/wp-json\/wp\/v2\/comments?post=40085"}],"wp:featuredmedia":[{"embeddable":true,"href":"https:\/\/www.lcdh-bonn.de\/zh\/wp-json\/wp\/v2\/media\/39927"}],"wp:attachment":[{"href":"https:\/\/www.lcdh-bonn.de\/zh\/wp-json\/wp\/v2\/media?parent=40085"}],"wp:term":[{"taxonomy":"brand","embeddable":true,"href":"https:\/\/www.lcdh-bonn.de\/zh\/wp-json\/wp\/v2\/etheme_brands?post=40085"},{"taxonomy":"product_cat","embeddable":true,"href":"https:\/\/www.lcdh-bonn.de\/zh\/wp-json\/wp\/v2\/product_cat?post=40085"},{"taxonomy":"product_tag","embeddable":true,"href":"https:\/\/www.lcdh-bonn.de\/zh\/wp-json\/wp\/v2\/product_tag?post=40085"}],"curies":[{"name":"wp","href":"https:\/\/api.w.org\/{rel}","templated":true}]}}