{"id":40291,"date":"2025-04-08T12:34:07","date_gmt":"2025-04-08T10:34:07","guid":{"rendered":"https:\/\/www.lcdh-bonn.de\/produkt\/freitag-11-07-2025-1830-2300-uhr-habanos-x-taittinger-bollinger\/"},"modified":"2026-01-29T16:15:28","modified_gmt":"2026-01-29T14:15:28","slug":"freitag-11-07-2025-1830-2300-uhr-habanos-x-taittinger-bollinger","status":"publish","type":"product","link":"https:\/\/www.lcdh-bonn.de\/zh\/product\/freitag-11-07-2025-1830-2300-uhr-habanos-x-taittinger-bollinger\/","title":{"rendered":"Freitag, 11.07.2025, 18:30 &#8211; 23:00 Uhr &#8211; Habanos\u00a0X Taittinger &#038; Bollinger"},"content":{"rendered":"<h2 class=\"\" data-start=\"198\" data-end=\"239\"><strong data-start=\"201\" data-end=\"237\">Habanos x Taittinger &amp; Bollinger<\/strong><\/h2>\n<p>n<\/p>\n<h3 data-start=\"198\" data-end=\"239\"><em data-start=\"559\" data-end=\"614\">&gt;&gt; Gourmet-Erlebnis zwischen Rauch, Rebe und Raffinesse.<\/em><\/h3>\n<p>n<\/p>\n<p class=\"\" data-start=\"240\" data-end=\"371\"><strong data-start=\"240\" data-end=\"266\">Freitag, 11. Juli 2025<\/strong><br data-start=\"266\" data-end=\"269\" \/><strong data-start=\"269\" data-end=\"309\">Schloss Miel, Swisttal-Miel bei Bonn<\/strong><br data-start=\"309\" data-end=\"312\" \/>  <a class=\"\" href=\"https:\/\/maps.app.goo.gl\/svoYxn4PRZ6g3fA27\" target=\"_new\" rel=\"noopener\" data-start=\"315\" data-end=\"371\">\u8c37\u6b4c\u5730\u56fe<\/a><\/p>\n<p>n<br \/>\nn<br \/>\nn<\/p>\n<hr class=\"\" data-start=\"373\" data-end=\"376\" \/>\nn<br \/>\nn<\/p>\n<h3 class=\"\" data-start=\"378\" data-end=\"441\"><strong data-start=\"382\" data-end=\"441\">Ein Abend voller Harmonie, Kontraste und Aromenvielfalt<\/strong><\/h3>\n<p>n<\/p>\n<p class=\"\" data-start=\"443\" data-end=\"673\">Zwei Habanos aus den Superpremium-Serien gro\u00dfer Marken treffen auf ein exklusives Champagner-Tasting mit ausgew\u00e4hlten Cuv\u00e9es von <strong data-start=\"572\" data-end=\"586\">Taittinger<\/strong> \u548c <strong data-start=\"591\" data-end=\"604\">Bollinger<\/strong> \u2013 stilvoll begleitet von einem perfekt abgestimmten Drei-G\u00e4nge-Men\u00fc.<\/p>\n<p>n<\/p>\n<p class=\"\" data-start=\"675\" data-end=\"745\">Ein kulinarisch-rauchiges Erlebnis, das Genussmenschen zusammenbringt.<\/p>\n<p>n<br \/>\nn<br \/>\nn<\/p>\n<hr class=\"\" data-start=\"747\" data-end=\"750\" \/>\nn<br \/>\nn<\/p>\n<h3 class=\"\" data-start=\"752\" data-end=\"766\"><strong data-start=\"756\" data-end=\"766\">Ablauf<\/strong><\/h3>\n<p>n<\/p>\n<p class=\"\" data-start=\"768\" data-end=\"853\">  <strong data-start=\"771\" data-end=\"783\">Aperitif<\/strong>: ab 18:30 Uhr<br data-start=\"797\" data-end=\"800\" \/>  <strong data-start=\"803\" data-end=\"813\">Beginn<\/strong>: 19:00 Uhr<br data-start=\"824\" data-end=\"827\" \/>  <strong data-start=\"830\" data-end=\"838\">Ende<\/strong>: ca. 23:00 Uhr<\/p>\n<p>n<br \/>\nn<br \/>\nn<\/p>\n<hr class=\"\" data-start=\"855\" data-end=\"858\" \/>\nn<br \/>\nn<\/p>\n<h3 class=\"\" data-start=\"860\" data-end=\"900\"><strong data-start=\"864\" data-end=\"900\">Das erwartet Sie f\u00fcr 299 \u20ac p.P.:<\/strong><\/h3>\n<p>n<\/p>\n<p class=\"\" data-start=\"902\" data-end=\"1179\">  <strong data-start=\"905\" data-end=\"928\">Stilvoller Aperitif<\/strong> mit begleitender Delikatesse<br data-start=\"957\" data-end=\"960\" \/> \u2b1c\u3030\ufe0f Im Men\u00fc perfekt inszeniert: <strong>zwei Habanos aus den exklusiven Superpremium-Serien<\/strong> renommierter Marken.<br data-start=\"1023\" data-end=\"1026\" \/>  <strong data-start=\"1029\" data-end=\"1052\">6 Gl\u00e4ser Champagner<\/strong> (3 Cuv\u00e9es \u00e0 2 Gl\u00e4ser), inkl.<br data-start=\"1081\" data-end=\"1084\" \/>\u2013 Rarit\u00e4ten &amp; Einzellagen-Cuv\u00e9es<br data-start=\"1116\" data-end=\"1119\" \/>\u2013 Kombiniert mit Fachwissen durch einen Champagnerexperten<\/p>\n<p>n<\/p>\n<p class=\"\" data-start=\"1181\" data-end=\"1252\"> \ufe0f <strong data-start=\"1185\" data-end=\"1212\">Drei-G\u00e4nge-Tasting-Men\u00fc<\/strong><br data-start=\"1212\" data-end=\"1215\" \/>abgestimmt auf die Champagnerauswahl:<\/p>\n<p>n<br \/>\nn<\/p>\n<ul data-start=\"1254\" data-end=\"1398\">\nn  <\/p>\n<li class=\"\" data-start=\"1254\" data-end=\"1279\">\nn<\/p>\n<p class=\"\" data-start=\"1256\" data-end=\"1279\"><strong data-start=\"1256\" data-end=\"1277\">Ceviche vom Pulpo<\/strong><\/p>\n<p>n<\/li>\n<p>n  <\/p>\n<li class=\"\" data-start=\"1280\" data-end=\"1331\">\nn<\/p>\n<p class=\"\" data-start=\"1282\" data-end=\"1331\"><strong data-start=\"1282\" data-end=\"1329\">Lammkarree mit gr\u00fcnem Spargel &amp; Maispolenta<\/strong><\/p>\n<p>n<\/li>\n<p>n  <\/p>\n<li class=\"\" data-start=\"1332\" data-end=\"1398\">\nn<\/p>\n<p class=\"\" data-start=\"1334\" data-end=\"1398\"><strong data-start=\"1334\" data-end=\"1351\">Glace de Miel<\/strong> mit Schwarzbrot-Crumble &amp; dunkler Schokolade<\/p>\n<p>n<\/li>\n<p>n<\/ul>\n<p>n<\/p>\n<ul data-start=\"1400\" data-end=\"1486\">\nn  <\/p>\n<li class=\"\" data-start=\"1400\" data-end=\"1426\">\nn<\/p>\n<p class=\"\" data-start=\"1402\" data-end=\"1426\">frisches Brot &amp; Wasser<\/p>\n<p>n<\/li>\n<p>n<\/ul>\n<p>n<br \/>\nn<\/p>\n<hr class=\"\" data-start=\"1488\" data-end=\"1491\" \/>\nn<br \/>\nn<\/p>\n<h3 class=\"\" data-start=\"1493\" data-end=\"1521\"><strong data-start=\"1497\" data-end=\"1521\">Besondere Begleitung<\/strong><\/h3>\n<p>n<\/p>\n<p class=\"\" data-start=\"1523\" data-end=\"1720\">Ein Repr\u00e4sentant von <strong data-start=\"1544\" data-end=\"1567\">5th Avenue Products<\/strong>, dem offiziellen Generalimporteur f\u00fcr Habanos in Deutschland, f\u00fchrt durch die Zigarrenwelt. Erg\u00e4nzt durch die Expertise eines <strong data-start=\"1694\" data-end=\"1719\">Champagner-Sommeliers<\/strong>.<\/p>\n<p>n<br \/>\nn<br \/>\nn<\/p>\n<hr class=\"\" data-start=\"1722\" data-end=\"1725\" \/>\nn<br \/>\nn<\/p>\n<h3 class=\"\" data-start=\"1727\" data-end=\"1752\"><strong data-start=\"1731\" data-end=\"1752\">Limitiertes Event<\/strong><\/h3>\n<p>n<\/p>\n<p class=\"\" data-start=\"1754\" data-end=\"1880\"> \ufe0f Das erste Event dieser Art im letzten Jahr war ein voller Erfolg.<br data-start=\"1823\" data-end=\"1826\" \/>  <strong data-start=\"1829\" data-end=\"1850\">Impressionen 2024<\/strong>: <a href=\"https:\/\/www.lcdh-bonn.de\/zh\/event-gallery\/23-august-2024-habanos-x-taittinger\/\" target=\"_blank\" rel=\"noopener\"><em data-start=\"1852\" data-end=\"1880\">Fotos Habanos x Taittinger 2024<\/em><\/a><\/p>\n<p>n<\/p>\n<p class=\"\" data-start=\"1882\" data-end=\"2003\">  Die Pl\u00e4tze sind streng limitiert \u2013 <strong data-start=\"1920\" data-end=\"1962\">Vergabe nach Reihenfolge der Anmeldung<\/strong>.<br data-start=\"1963\" data-end=\"1966\" \/><strong data-start=\"1966\" data-end=\"2003\">Jetzt reservieren \u2013 und genie\u00dfen.<\/strong><\/p>","protected":false},"excerpt":{"rendered":"<p>Exquisite Habanos &amp; feinste Champagner, inszeniert als genussvolles Tasting.<\/p>","protected":false},"featured_media":40290,"comment_status":"closed","ping_status":"closed","template":"","meta":{"_acf_changed":false},"etheme_brands":[{"term_id":1019,"name":"Cigar Embassy","slug":"cigar-embassy","term_group":0,"term_taxonomy_id":1019,"taxonomy":"brand","description":"","parent":0,"count":9,"filter":"raw"}],"product_cat":[1129,1146],"product_tag":[],"class_list":{"0":"post-40291","1":"product","2":"type-product","3":"status-publish","4":"has-post-thumbnail","6":"brand-cigar-embassy","7":"product_cat-noch-mehr","8":"product_cat-veranstaltungen","9":"pa_orderable-yes","11":"first","12":"outofstock","13":"taxable","14":"shipping-taxable","15":"purchasable","16":"product-type-simple"},"acf":[],"_links":{"self":[{"href":"https:\/\/www.lcdh-bonn.de\/zh\/wp-json\/wp\/v2\/product\/40291","targetHints":{"allow":["GET"]}}],"collection":[{"href":"https:\/\/www.lcdh-bonn.de\/zh\/wp-json\/wp\/v2\/product"}],"about":[{"href":"https:\/\/www.lcdh-bonn.de\/zh\/wp-json\/wp\/v2\/types\/product"}],"replies":[{"embeddable":true,"href":"https:\/\/www.lcdh-bonn.de\/zh\/wp-json\/wp\/v2\/comments?post=40291"}],"wp:featuredmedia":[{"embeddable":true,"href":"https:\/\/www.lcdh-bonn.de\/zh\/wp-json\/wp\/v2\/media\/40290"}],"wp:attachment":[{"href":"https:\/\/www.lcdh-bonn.de\/zh\/wp-json\/wp\/v2\/media?parent=40291"}],"wp:term":[{"taxonomy":"brand","embeddable":true,"href":"https:\/\/www.lcdh-bonn.de\/zh\/wp-json\/wp\/v2\/etheme_brands?post=40291"},{"taxonomy":"product_cat","embeddable":true,"href":"https:\/\/www.lcdh-bonn.de\/zh\/wp-json\/wp\/v2\/product_cat?post=40291"},{"taxonomy":"product_tag","embeddable":true,"href":"https:\/\/www.lcdh-bonn.de\/zh\/wp-json\/wp\/v2\/product_tag?post=40291"}],"curies":[{"name":"wp","href":"https:\/\/api.w.org\/{rel}","templated":true}]}}