{"id":40734,"date":"2025-12-15T15:20:26","date_gmt":"2025-12-15T13:20:26","guid":{"rendered":"https:\/\/www.lcdh-bonn.de\/produkt\/palio-vesuvio-vesuvio-zigarrenfeuerzeug-mit-dreifachflamme-palio-vesuvio-triple-jet-flame-blau-palvesbl\/"},"modified":"2026-02-27T13:59:52","modified_gmt":"2026-02-27T11:59:52","slug":"palio-vesuvio-vesuvio-zigarrenfeuerzeug-mit-dreifachflamme-palio-vesuvio-triple-jet-flame-blau-palvesbl","status":"publish","type":"product","link":"https:\/\/www.lcdh-bonn.de\/zh\/product\/palio-vesuvio-vesuvio-zigarrenfeuerzeug-mit-dreifachflamme-palio-vesuvio-triple-jet-flame-blau-palvesbl\/","title":{"rendered":"Palio Vesuvio Vesuvio Zigarrenfeuerzeug mit Dreifachflamme, PALIO VESUVIO, Triple Jet-Flame, blau (PALVESBL)"},"content":{"rendered":"<p>Das Palio Vesuvio in Blau kombiniert sportliches Design mit zuverl\u00e4ssiger Technik. Drei Jetflammen erzeugen eine pr\u00e4zise, windstabile Flamme f\u00fcr gleichm\u00e4\u00dfiges Toasten des Zigarrenfu\u00dfes. Entwickelt f\u00fcr den t\u00e4glichen Einsatz und getestet f\u00fcr extreme Bedingungen, \u00fcberzeugt dieses Feuerzeug durch Funktionalit\u00e4t und Robustheit.<br \/>\nInverkehrbringer:<br \/>\nWoermann Cigars GmbH (VCF Deutschland)<br \/>\nDaimlerring 5<br \/>\n32289 R\u00f6dinghausen<br \/>\nTelefon: 05223 650920<\/p>","protected":false},"excerpt":{"rendered":"<p>Sportlich-elegantes Triple-Jet-Feuerzeug \u2013 pr\u00e4zise, kraftvoll und windstabil.<\/p>","protected":false},"featured_media":0,"comment_status":"closed","ping_status":"open","template":"","meta":{"_acf_changed":false},"etheme_brands":[{"term_id":1407,"name":"Palio","slug":"palio","term_group":0,"term_taxonomy_id":1407,"taxonomy":"brand","description":"","parent":0,"count":27,"filter":"raw"}],"product_cat":[183,414],"product_tag":[],"class_list":{"0":"post-40734","1":"product","2":"type-product","3":"status-publish","5":"brand-palio","6":"product_cat-zigarrenzubehor","7":"product_cat-feuerzeuge-fuer-zigarren","9":"first","10":"instock","11":"taxable","12":"shipping-taxable","13":"purchasable","14":"product-type-simple"},"acf":[],"_links":{"self":[{"href":"https:\/\/www.lcdh-bonn.de\/zh\/wp-json\/wp\/v2\/product\/40734","targetHints":{"allow":["GET"]}}],"collection":[{"href":"https:\/\/www.lcdh-bonn.de\/zh\/wp-json\/wp\/v2\/product"}],"about":[{"href":"https:\/\/www.lcdh-bonn.de\/zh\/wp-json\/wp\/v2\/types\/product"}],"replies":[{"embeddable":true,"href":"https:\/\/www.lcdh-bonn.de\/zh\/wp-json\/wp\/v2\/comments?post=40734"}],"wp:attachment":[{"href":"https:\/\/www.lcdh-bonn.de\/zh\/wp-json\/wp\/v2\/media?parent=40734"}],"wp:term":[{"taxonomy":"brand","embeddable":true,"href":"https:\/\/www.lcdh-bonn.de\/zh\/wp-json\/wp\/v2\/etheme_brands?post=40734"},{"taxonomy":"product_cat","embeddable":true,"href":"https:\/\/www.lcdh-bonn.de\/zh\/wp-json\/wp\/v2\/product_cat?post=40734"},{"taxonomy":"product_tag","embeddable":true,"href":"https:\/\/www.lcdh-bonn.de\/zh\/wp-json\/wp\/v2\/product_tag?post=40734"}],"curies":[{"name":"wp","href":"https:\/\/api.w.org\/{rel}","templated":true}]}}