{"id":40743,"date":"2025-12-15T15:20:26","date_gmt":"2025-12-15T13:20:26","guid":{"rendered":"https:\/\/www.lcdh-bonn.de\/produkt\/palio-pistola-pistola-zigarrenfeuerzeug-mit-doppelflamme-palio-pistola-double-jet-flame-rot-palpisrd\/"},"modified":"2026-02-27T14:09:33","modified_gmt":"2026-02-27T12:09:33","slug":"palio-pistola-pistola-zigarrenfeuerzeug-mit-doppelflamme-palio-pistola-double-jet-flame-rot-palpisrd","status":"publish","type":"product","link":"https:\/\/www.lcdh-bonn.de\/zh\/product\/palio-pistola-pistola-zigarrenfeuerzeug-mit-doppelflamme-palio-pistola-double-jet-flame-rot-palpisrd\/","title":{"rendered":"Palio Pistola Pistola Zigarrenfeuerzeug mit Doppelflamme, PALIO PISTOLA, Double Jet-Flame, rot (PALPISRD)"},"content":{"rendered":"<p>Das Palio Pistola in Rot kombiniert markantes Design mit starker Leistung. Die angewinkelte Doppel-Jet-Flamme sorgt f\u00fcr kontrolliertes, gleichm\u00e4\u00dfiges Entz\u00fcnden der Zigarre, w\u00e4hrend das ergonomische Geh\u00e4use sicher in der Hand liegt. Ein zuverl\u00e4ssiges Feuerzeug f\u00fcr Genie\u00dfer, die Funktion und Ausdruck verbinden m\u00f6chten.<\/p>\n<p>Inverkehrbringer:<br \/>\nWoermann Cigars GmbH (VCF Deutschland)<br \/>\nDaimlerring 5<br \/>\n32289 R\u00f6dinghausen<br \/>\nTelefon: 05223 650920<\/p>","protected":false},"excerpt":{"rendered":"<p>Markantes Double-Jet-Feuerzeug \u2013 kraftvoll, ergonomisch und zuverl\u00e4ssig.<\/p>","protected":false},"featured_media":0,"comment_status":"closed","ping_status":"open","template":"","meta":{"_acf_changed":false},"etheme_brands":[{"term_id":1407,"name":"Palio","slug":"palio","term_group":0,"term_taxonomy_id":1407,"taxonomy":"brand","description":"","parent":0,"count":27,"filter":"raw"}],"product_cat":[183,414],"product_tag":[],"class_list":{"0":"post-40743","1":"product","2":"type-product","3":"status-publish","5":"brand-palio","6":"product_cat-zigarrenzubehor","7":"product_cat-feuerzeuge-fuer-zigarren","9":"first","10":"instock","11":"taxable","12":"shipping-taxable","13":"purchasable","14":"product-type-simple"},"acf":[],"_links":{"self":[{"href":"https:\/\/www.lcdh-bonn.de\/zh\/wp-json\/wp\/v2\/product\/40743","targetHints":{"allow":["GET"]}}],"collection":[{"href":"https:\/\/www.lcdh-bonn.de\/zh\/wp-json\/wp\/v2\/product"}],"about":[{"href":"https:\/\/www.lcdh-bonn.de\/zh\/wp-json\/wp\/v2\/types\/product"}],"replies":[{"embeddable":true,"href":"https:\/\/www.lcdh-bonn.de\/zh\/wp-json\/wp\/v2\/comments?post=40743"}],"wp:attachment":[{"href":"https:\/\/www.lcdh-bonn.de\/zh\/wp-json\/wp\/v2\/media?parent=40743"}],"wp:term":[{"taxonomy":"brand","embeddable":true,"href":"https:\/\/www.lcdh-bonn.de\/zh\/wp-json\/wp\/v2\/etheme_brands?post=40743"},{"taxonomy":"product_cat","embeddable":true,"href":"https:\/\/www.lcdh-bonn.de\/zh\/wp-json\/wp\/v2\/product_cat?post=40743"},{"taxonomy":"product_tag","embeddable":true,"href":"https:\/\/www.lcdh-bonn.de\/zh\/wp-json\/wp\/v2\/product_tag?post=40743"}],"curies":[{"name":"wp","href":"https:\/\/api.w.org\/{rel}","templated":true}]}}