{"id":41239,"date":"2026-02-13T17:14:01","date_gmt":"2026-02-13T15:14:01","guid":{"rendered":"https:\/\/www.lcdh-bonn.de\/produkt\/henri-goutorbe-champagne-goutorbe-collection-rene-1992-12-vol-075l-einzeln\/"},"modified":"2026-02-26T14:02:36","modified_gmt":"2026-02-26T12:02:36","slug":"henri-goutorbe-champagne-goutorbe-collection-rene-1992-12-vol-075l-einzeln","status":"publish","type":"product","link":"https:\/\/www.lcdh-bonn.de\/zh\/product\/henri-goutorbe-champagne-goutorbe-collection-rene-1992-12-vol-075l-einzeln\/","title":{"rendered":"Henri Goutorbe Champagne Goutorbe Collection Ren\u00e9 1992, 12% Vol."},"content":{"rendered":"<p><strong>Champagne Goutorbe Collection Ren\u00e9 1992, 12% Vol.<\/strong><\/p>\n<p>Ein gereifter Sammler-Champagner \u2013 hier geht es nicht um Jugend, sondern um Tiefe. Die \u201eCollection Ren\u00e9\u201c steht beim Haus f\u00fcr <em>Geduld f\u00fcr au\u00dfergew\u00f6hnliche Jahrg\u00e4nge<\/em>. Stilistisch darfst du reifere Aromen erwarten: nussig, warm, komplex, mit langem Nachhall.<\/p>\n<p>Das Haus beschreibt die Collection Ren\u00e9 als Grand Cru Assemblage mit <strong>75% Pinot Noir<\/strong> \u548c <strong>25% Chardonnay<\/strong>.<\/p>\n<p><strong>Alkohol:<\/strong> 12% Vol.<br \/>\n<strong>Inhalt:<\/strong> 0,75 l<\/p>\n<p><strong>Grundpreis:<\/strong> 179,00 \u20ac\/l<\/p>\n<p><em>Direktimport durch Cigar Embassy e.K. \u2013 gereifte Jahrg\u00e4nge f\u00fchren wir nur, wenn sie wirklich Substanz und Seriosit\u00e4t haben.<\/em><\/p>\n<p><strong>Inverkehrbringer:<\/strong><br \/>\nCigar Embassy e.K., Am Neutor 5, 53113 Bonn, Deutschland | Tel.: +49 228 92985599<\/p>\n<p><strong>Allergene:<\/strong> Enth\u00e4lt Sulfite<\/p>\n<p>&nbsp;<\/p>","protected":false},"excerpt":{"rendered":"<p>Jahrgangscuv\u00e9e zum Spitzenpreis.<\/p>","protected":false},"featured_media":0,"comment_status":"closed","ping_status":"closed","template":"","meta":{"_acf_changed":false},"etheme_brands":[{"term_id":1445,"name":"Henri Goutorbe","slug":"henri-goutorbe","term_group":0,"term_taxonomy_id":1445,"taxonomy":"brand","description":"","parent":0,"count":7,"filter":"raw"}],"product_cat":[184,416,422],"product_tag":[],"class_list":{"0":"post-41239","1":"product","2":"type-product","3":"status-publish","5":"brand-henri-goutorbe","6":"product_cat-feine-begleiter-zur-zigarre","7":"product_cat-getraenke","8":"product_cat-champagner","9":"pa_verpackungseinheit-einzeln","11":"first","12":"outofstock","13":"sale","14":"taxable","15":"shipping-taxable","16":"purchasable","17":"product-type-variable"},"acf":[],"_links":{"self":[{"href":"https:\/\/www.lcdh-bonn.de\/zh\/wp-json\/wp\/v2\/product\/41239","targetHints":{"allow":["GET"]}}],"collection":[{"href":"https:\/\/www.lcdh-bonn.de\/zh\/wp-json\/wp\/v2\/product"}],"about":[{"href":"https:\/\/www.lcdh-bonn.de\/zh\/wp-json\/wp\/v2\/types\/product"}],"replies":[{"embeddable":true,"href":"https:\/\/www.lcdh-bonn.de\/zh\/wp-json\/wp\/v2\/comments?post=41239"}],"wp:attachment":[{"href":"https:\/\/www.lcdh-bonn.de\/zh\/wp-json\/wp\/v2\/media?parent=41239"}],"wp:term":[{"taxonomy":"brand","embeddable":true,"href":"https:\/\/www.lcdh-bonn.de\/zh\/wp-json\/wp\/v2\/etheme_brands?post=41239"},{"taxonomy":"product_cat","embeddable":true,"href":"https:\/\/www.lcdh-bonn.de\/zh\/wp-json\/wp\/v2\/product_cat?post=41239"},{"taxonomy":"product_tag","embeddable":true,"href":"https:\/\/www.lcdh-bonn.de\/zh\/wp-json\/wp\/v2\/product_tag?post=41239"}],"curies":[{"name":"wp","href":"https:\/\/api.w.org\/{rel}","templated":true}]}}